{"id":13581,"date":"2020-11-03T23:41:45","date_gmt":"2020-11-03T21:41:45","guid":{"rendered":"https:\/\/hookahshop.lt\/?post_type=product&#038;p=13581"},"modified":"2026-04-19T23:29:22","modified_gmt":"2026-04-19T20:29:22","slug":"taurele-kaljanui-oblako-phunnel-l-glazed-green","status":"publish","type":"product","link":"https:\/\/hookahshop.lt\/pl\/produkt\/filizanka-szisza-chmura-lejek-l-glazurowana-zielona\/","title":{"rendered":"Kubek do fajki wodnej OBLAKO Phunnel L Glazed Green"},"content":{"rendered":"<h2>Kubek do fajki wodnej OBLAKO Phunnel L Glazed Green<\/h2>\n<p>Kieliszek do fajki wodnej &quot;Oblako Phunnel L&quot; (SZKLANY ZIELONY) jest szkliwiony, przeznaczony do codziennego palenia, idealny do lekkiego i ci\u0119\u017ckiego tytoniu!<\/p>\n<p>Kubek pokryty jest szkliwem, dzi\u0119ki czemu zachowuje swoje pierwotne w\u0142a\u015bciwo\u015bci i wygl\u0105d przez d\u0142ugi czas. OBLAKO u\u017cywa wy\u0142\u0105cznie przyjaznej dla cz\u0142owieka glazury spo\u017cywczej opracowanej przez partner\u00f3w w wyspecjalizowanych laboratoriach zlokalizowanych w Gzhelskoye, jednym z tradycyjnych o\u015brodk\u00f3w produkcji ceramiki w Rosji.<\/p>\n<p>Kubek tytoniu mie\u015bci od 20 do 23 gram\u00f3w.<\/p>\n<p>Specyfikacje:<br \/>\nWysoko\u015b\u0107: 118mm<br \/>\n\u015arednica (zewn\u0119trzna): 74 mm<br \/>\n\u015arednica (wewn\u0119trzna): 68 mm<br \/>\nG\u0142\u0119boko\u015b\u0107: 12 mm<br \/>\n\u015arednica otworu: 12 mm<br \/>\nLiczba otwor\u00f3w: 1<br \/>\nWaga: oko\u0142o 182g.<\/p>\n<p>Czy masz jakie\u015b pytania? Skontaktuj si\u0119 z nami <a href=\"https:\/\/hookahshop.lt\/pl\/lacznosc\/\">strona z kontaktami<\/a> lub napisz do nas na adres <a href=\"https:\/\/facebook.com\/HookahShop.lt\/\" target=\"_blank\" rel=\"noopener noreferrer\">konto na Facebooku<\/a> a my odpowiemy na Twoj\u0105 pro\u015bb\u0119 tego samego dnia.<\/p>","protected":false},"excerpt":{"rendered":"<p>Miska na fajki wodne OBLAKO Phunnel L Glazed Green Misa na fajki wodne &quot;Oblako Phunnel L&quot; (GLAZED GREEN) jest szkliwiona do codziennego palenia, idealna do lekkich i ci\u0119\u017ckich tytoni! Fili\u017canka pokryta jest szkliwem, dzi\u0119ki czemu przez d\u0142ugi czas zachowuje swoje pierwotne w\u0142a\u015bciwo\u015bci i wygl\u0105d. OBLAKO wykorzystuje wy\u0142\u0105cznie jadalne szkliwo bezpieczne dla cz\u0142owieka, opracowane przez partner\u00f3w w wyspecjalizowanych laboratoriach zlokalizowanych w jednym z [\u2026]<\/p>","protected":false},"featured_media":13582,"comment_status":"open","ping_status":"closed","template":"","meta":[],"_links":{"self":[{"href":"https:\/\/hookahshop.lt\/pl\/wp-json\/wp\/v2\/product\/13581"}],"collection":[{"href":"https:\/\/hookahshop.lt\/pl\/wp-json\/wp\/v2\/product"}],"about":[{"href":"https:\/\/hookahshop.lt\/pl\/wp-json\/wp\/v2\/types\/product"}],"replies":[{"embeddable":true,"href":"https:\/\/hookahshop.lt\/pl\/wp-json\/wp\/v2\/comments?post=13581"}],"version-history":[{"count":4,"href":"https:\/\/hookahshop.lt\/pl\/wp-json\/wp\/v2\/product\/13581\/revisions"}],"predecessor-version":[{"id":29852,"href":"https:\/\/hookahshop.lt\/pl\/wp-json\/wp\/v2\/product\/13581\/revisions\/29852"}],"wp:featuredmedia":[{"embeddable":true,"href":"https:\/\/hookahshop.lt\/pl\/wp-json\/wp\/v2\/media\/13582"}],"wp:attachment":[{"href":"https:\/\/hookahshop.lt\/pl\/wp-json\/wp\/v2\/media?parent=13581"}],"curies":[{"name":"wp","href":"https:\/\/api.w.org\/{rel}","templated":true}]}}