{"id":1360,"date":"2020-03-26T14:00:46","date_gmt":"2020-03-26T12:00:46","guid":{"rendered":"http:\/\/hookahshop.lt\/?post_type=product&#038;p=1360"},"modified":"2026-04-08T13:49:51","modified_gmt":"2026-04-08T10:49:51","slug":"valymo-priemone-kaljanui-schmand-weg","status":"publish","type":"product","link":"https:\/\/hookahshop.lt\/pl\/produkt\/srodek-czyszczacy-do-fajki-shamand-weg\/","title":{"rendered":"\u015arodek do czyszczenia fajki wodnej SCHMAND WEG 150g"},"content":{"rendered":"<h2>\u015arodek do czyszczenia fajki wodnej SCHMAND WEG 150g<\/h2>\n<p>Antybakteryjny preparat do piel\u0119gnacji fajki wodnej u\u0142atwi niezb\u0119dn\u0105 piel\u0119gnacj\u0119 fajki wodnej i zapewni dobr\u0105 kondycj\u0119 urz\u0105dzenia przez d\u0142u\u017cszy czas. Wyd\u0142u\u017ca si\u0119 \u017cywotno\u015b\u0107 cz\u0119sto mytej fajki wodnej i jej akcesori\u00f3w. Regularne mycie fajki wodnej i jej akcesori\u00f3w pomo\u017ce zapobiec zmianom w wygl\u0105dzie, rdzy, nieprzyjemnemu zapachowi.<\/p>\n<p>Spos\u00f3b u\u017cycia: detergent Rozpu\u015bci\u0107 2 \u0142y\u017ceczki (8g). W ciep\u0142ej (nie gor\u0105cej) wodzie 1l. Dodaj mieszanin\u0119 do mytej cz\u0119\u015bci i odczekaj oko\u0142o 5 minut lub wi\u0119cej, je\u015bli to konieczne. Nast\u0119pnie kilkakrotnie dobrze sp\u0142ucz wod\u0105. Silnie zabrudzone miejsca przetrze\u0107 szczotk\u0105.<\/p>\n<p>Powoduje powa\u017cne podra\u017cnienie oczu. Trzyma\u0107 poza zasi\u0119giem dzieci. W PRZYPADKU DOSTANIA SI\u0118 DO OCZU: Ostro\u017cnie p\u0142uka\u0107 wod\u0105 przez kilka minut. Usu\u0144 soczewki kontaktowe, je\u015bli to mo\u017cliwe. Kontynuuj mycie. Je\u015bli podra\u017cnienie oczu utrzymuje si\u0119: zasi\u0119gn\u0105\u0107 porady lekarza. Przygotuj to opakowanie lub etykiet\u0119. W\u0142a\u015bciwo\u015bci: Usuwa brud z wodoodpornych powierzchni. Z dobrym efektem odt\u0142uszczaj\u0105cym i higienicznym. Eliminuje nieprzyjemne zapachy. Spos\u00f3b u\u017cycia: W przypadku wi\u0119kszej ilo\u015bci zabrudze\u0144 doda\u0107 2g do pojemnika. proszek i nape\u0142nij ciep\u0142\u0105 wod\u0105. Pozw\u00f3l produktowi dzia\u0142a\u0107 przez chwil\u0119 i sp\u0142ucz zimn\u0105 wod\u0105 kilka razy. Je\u015bli na szybie jest wi\u0119cej brudu, u\u017cyj szczoteczki do czyszczenia. Sk\u0142ad: (zgodnie z zaleceniami EG): 5-15 surfaktant\u00f3w niejonowych %, mniej ni\u017c 5 surfaktant\u00f3w anionowych %. Pozosta\u0142e sk\u0142adniki: krzemiany, fosforany, substancje zapachowe i kompleks twardo\u015bci wody. Stabilizacja. UBA 4285 0001<\/p>\n<p><strong>Pojemno\u015b\u0107 opakowania: 140g<\/strong><\/p>\n<p>Czy masz jakie\u015b pytania? Skontaktuj si\u0119 z nami\u00a0<a href=\"https:\/\/hookahshop.lt\/pl\/lacznosc\/\">strona z kontaktami<\/a>\u00a0lub napisz do nas na adres\u00a0<a href=\"https:\/\/facebook.com\/HookahShop.lt\/\" target=\"_blank\" rel=\"noopener noreferrer\">konto na Facebooku<\/a>\u00a0a my odpowiemy na Twoj\u0105 pro\u015bb\u0119 tego samego dnia.<\/p>\n<p>&nbsp;<\/p>","protected":false},"excerpt":{"rendered":"<p>\u015arodki do czyszczenia fajki wodnej - Schmand WEG przeznaczone s\u0105 do czyszczenia r\u00f3\u017cnych powierzchni i usuwania nagromadzonych zapach\u00f3w.<\/p>","protected":false},"featured_media":42907,"comment_status":"open","ping_status":"closed","template":"","meta":[],"_links":{"self":[{"href":"https:\/\/hookahshop.lt\/pl\/wp-json\/wp\/v2\/product\/1360"}],"collection":[{"href":"https:\/\/hookahshop.lt\/pl\/wp-json\/wp\/v2\/product"}],"about":[{"href":"https:\/\/hookahshop.lt\/pl\/wp-json\/wp\/v2\/types\/product"}],"replies":[{"embeddable":true,"href":"https:\/\/hookahshop.lt\/pl\/wp-json\/wp\/v2\/comments?post=1360"}],"version-history":[{"count":13,"href":"https:\/\/hookahshop.lt\/pl\/wp-json\/wp\/v2\/product\/1360\/revisions"}],"predecessor-version":[{"id":44855,"href":"https:\/\/hookahshop.lt\/pl\/wp-json\/wp\/v2\/product\/1360\/revisions\/44855"}],"wp:featuredmedia":[{"embeddable":true,"href":"https:\/\/hookahshop.lt\/pl\/wp-json\/wp\/v2\/media\/42907"}],"wp:attachment":[{"href":"https:\/\/hookahshop.lt\/pl\/wp-json\/wp\/v2\/media?parent=1360"}],"curies":[{"name":"wp","href":"https:\/\/api.w.org\/{rel}","templated":true}]}}