{"id":1363,"date":"2020-03-26T14:28:38","date_gmt":"2020-03-26T12:28:38","guid":{"rendered":"http:\/\/hookahshop.lt\/?post_type=product&#038;p=1363"},"modified":"2026-04-05T23:29:05","modified_gmt":"2026-04-05T20:29:05","slug":"kolba-kaljanui-njn-hookah-black","status":"publish","type":"product","link":"https:\/\/hookahshop.lt\/pl\/produkt\/piersiowka-do-fajki-wodnej-njn-szisza-czarna\/","title":{"rendered":"Kolba dla \u0142ysego NJN HOOKAH Czarna"},"content":{"rendered":"<h2>Kolba dla \u0142ysego NJN HOOKAH Czarna<\/h2>\n<p id=\"tw-target-text\" class=\"tw-data-text tw-text-large XcVN5d tw-ta\" dir=\"ltr\" data-placeholder=\"Vertimas\"><span lang=\"lt\">NJN Hookah to rosyjska marka, kt\u00f3ra od 2013 roku rozpocz\u0119\u0142a produkcj\u0119 flakon\u00f3w do fajki wodnej. <\/span><span lang=\"lt\">Butelka do fajki wodnej NJN jest wykonana r\u0119cznie. <\/span><span lang=\"lt\">Kszta\u0142t NJ sta\u0142 si\u0119 najlepszym wyborem do zak\u0142adania dom\u00f3w i fajek wodnych.<\/span><\/p>\n<p class=\"tw-data-text tw-text-large XcVN5d tw-ta\" dir=\"ltr\" data-placeholder=\"Vertimas\"><strong><span title=\"\">Specyfikacje:<\/span><\/strong><\/p>\n<p>Wysoko\u015b\u0107: 260 mm<br \/>\nWaga: ~ 1790 g<br \/>\n\u015arednica zewn\u0119trzna: 69 mm<br \/>\n\u015arednica wewn\u0119trzna: 46 mm<br \/>\nMateria\u0142 produktu: szk\u0142o<\/p>\n<p dir=\"ltr\" data-placeholder=\"Vertimas\">Czy masz jakie\u015b pytania? Skontaktuj si\u0119 z nami\u00a0<a href=\"https:\/\/hookahshop.lt\/pl\/lacznosc\/\">strona z kontaktami<\/a>\u00a0lub napisz do nas na adres\u00a0<a href=\"https:\/\/facebook.com\/HookahShop.lt\/\" target=\"_blank\" rel=\"noopener noreferrer\">konto na Facebooku<\/a>\u00a0a my odpowiemy na Twoj\u0105 pro\u015bb\u0119 tego samego dnia.<\/p>","protected":false},"excerpt":{"rendered":"<p>Czarna piersi\u00f3wka do fajki wodnej - NJN Hookah<\/p>","protected":false},"featured_media":8758,"comment_status":"open","ping_status":"closed","template":"","meta":[],"_links":{"self":[{"href":"https:\/\/hookahshop.lt\/pl\/wp-json\/wp\/v2\/product\/1363"}],"collection":[{"href":"https:\/\/hookahshop.lt\/pl\/wp-json\/wp\/v2\/product"}],"about":[{"href":"https:\/\/hookahshop.lt\/pl\/wp-json\/wp\/v2\/types\/product"}],"replies":[{"embeddable":true,"href":"https:\/\/hookahshop.lt\/pl\/wp-json\/wp\/v2\/comments?post=1363"}],"version-history":[{"count":5,"href":"https:\/\/hookahshop.lt\/pl\/wp-json\/wp\/v2\/product\/1363\/revisions"}],"predecessor-version":[{"id":45144,"href":"https:\/\/hookahshop.lt\/pl\/wp-json\/wp\/v2\/product\/1363\/revisions\/45144"}],"wp:featuredmedia":[{"embeddable":true,"href":"https:\/\/hookahshop.lt\/pl\/wp-json\/wp\/v2\/media\/8758"}],"wp:attachment":[{"href":"https:\/\/hookahshop.lt\/pl\/wp-json\/wp\/v2\/media?parent=1363"}],"curies":[{"name":"wp","href":"https:\/\/api.w.org\/{rel}","templated":true}]}}