{"id":13875,"date":"2020-11-07T19:59:17","date_gmt":"2020-11-07T17:59:17","guid":{"rendered":"https:\/\/hookahshop.lt\/?post_type=product&#038;p=13875"},"modified":"2026-04-15T12:28:59","modified_gmt":"2026-04-15T09:28:59","slug":"kaljanas-union-hookah-sleek-volt-light","status":"publish","type":"product","link":"https:\/\/hookahshop.lt\/pl\/produkt\/szisza-zwiazek-szisza-sleek-volt-light\/","title":{"rendered":"Szisza UNION HOOKAH Eleganckie \u015bwiat\u0142o Volt"},"content":{"rendered":"<h2>Kaljanas Union Hookah Sleek Volt Light<\/h2>\n<p>Modele Union Hookah Sleek s\u0105 obecne na rosyjskim rynku ju\u017c od jakiego\u015b czasu i zaskakuj\u0105 specjalnym designem i \u015bwietnymi opcjami kolorystycznymi! Niezale\u017cnie od tego, czy s\u0105 to zwyk\u0142e wzory z drewna, niezwyk\u0142e wzory z laminatu, czy bardzo popularne projekty hybrydowe wykonane z \u017cywicy epoksydowej i drewna, Union Hookah naprawd\u0119 ma co\u015b dla ka\u017cdego mi\u0142o\u015bnika fajki wodnej!<\/p>\n<p>Podstawa i materia\u0142<br \/>\nTrzonek Union Hookah jest wykonany ze stali nierdzewnej. Producent zapewnia, \u017ce do fajki wodnej s\u0105 u\u017cywane tylko najlepsze materia\u0142y. Podstawa Union Hookah Sleek wykonana jest z wysokiej jako\u015bci tworzywa sztucznego z wyt\u0142oczonym logo Union Hookah. Na podstawie znajduje si\u0119 r\u00f3wnie\u017c zaw\u00f3r wydechowy i przy\u0142\u0105cze w\u0119\u017ca, kt\u00f3re jest wk\u0142adane do podstawy za pomoc\u0105 pier\u015bcienia uszczelniaj\u0105cego.<\/p>\n<p>P\u0142yty w\u0119glowe, w\u0142a\u015bciwo\u015bci w\u0119dzenia i inne dodatki<br \/>\nNowa wersja Union Hookah Sleek posiada rodzaj wtyczki do pod\u0142\u0105czenia w\u0119\u017ca. Wi\u0119c wystarczy w\u0142o\u017cy\u0107 z\u0142\u0105cze w\u0119\u017ca do podstawy za pomoc\u0105 pier\u015bcieni. Jak to jest typowe dla rosyjskich fajki wodnej, podstaw\u0119 wk\u0142ada si\u0119 do kolby. Rurka zanurzeniowa jest przykr\u0119cana do podstawy od do\u0142u i jest oczywi\u015bcie wykonana ze stali nierdzewnej. Wa\u0142 nie posiada dyfuzora. Wersja Sleek jest bardzo interesuj\u0105ca, poniewa\u017c palenie przypomina bardziej klasycznego klauna. Wynika to z nieco mniejszej \u015brednicy wa\u0142u. Union Hookahs jest szczeg\u00f3lnie odpowiedni dla fan\u00f3w, kt\u00f3rzy nie szukaj\u0105 dyfuzora, ale lubi\u0105 odrobin\u0119 oporu!<\/p>\n<p><strong>Ekwipunek:<\/strong><\/p>\n<p>Talerz<br \/>\nWa\u0142<br \/>\nSzklana kolba<br \/>\nDrewniana dekoracja<br \/>\nJelito<\/p>\n<p><strong>Specyfikacja techniczna:<\/strong><\/p>\n<p>Wysoko\u015b\u0107 ca\u0142kowita: oko\u0142o 55 cm<br \/>\n\u015arednica kolby: oko\u0142o 4,5 cm<br \/>\nwysoko\u015b\u0107 kolby: oko\u0142o 27 cm<br \/>\nMateria\u0142: stal nierdzewna z akrylem, drewnem, laminatem lub \u017cywic\u0105 epoksydow\u0105<br \/>\nWyprodukowane w Rosji<\/p>\n<p>Czy masz jakie\u015b pytania? Skontaktuj si\u0119 z nami <a href=\"https:\/\/hookahshop.lt\/pl\/lacznosc\/\">strona z kontaktami<\/a> lub napisz do nas na adres <a href=\"https:\/\/facebook.com\/HookahShop.lt\/\" target=\"_blank\" rel=\"noopener noreferrer\">konto na Facebooku<\/a> a my odpowiemy na Twoj\u0105 pro\u015bb\u0119 tego samego dnia.<\/p>","protected":false},"excerpt":{"rendered":"<p>Hookah Union Hookah Sleek Volt Light Modele \u201eUnion Hookah Sleek\u201d s\u0105 obecne na rynku rosyjskim ju\u017c od jakiego\u015b czasu i zaskakuj\u0105 specjalnym designem i \u015bwietnymi opcjami kolorystycznymi! Niezale\u017cnie od tego, czy s\u0105 to projekty zwyk\u0142ego drewna, nietypowe projekty laminat\u00f3w, czy bardzo popularne projekty hybrydowe wykonane z \u017cywicy epoksydowej i drewna, Union Hookah naprawd\u0119 ma co\u015b dla ka\u017cdego mi\u0142o\u015bnika fajki wodnej! Baza i materia\u0142 [\u2026]<\/p>","protected":false},"featured_media":21297,"comment_status":"open","ping_status":"closed","template":"","meta":[],"_links":{"self":[{"href":"https:\/\/hookahshop.lt\/pl\/wp-json\/wp\/v2\/product\/13875"}],"collection":[{"href":"https:\/\/hookahshop.lt\/pl\/wp-json\/wp\/v2\/product"}],"about":[{"href":"https:\/\/hookahshop.lt\/pl\/wp-json\/wp\/v2\/types\/product"}],"replies":[{"embeddable":true,"href":"https:\/\/hookahshop.lt\/pl\/wp-json\/wp\/v2\/comments?post=13875"}],"version-history":[{"count":4,"href":"https:\/\/hookahshop.lt\/pl\/wp-json\/wp\/v2\/product\/13875\/revisions"}],"predecessor-version":[{"id":22941,"href":"https:\/\/hookahshop.lt\/pl\/wp-json\/wp\/v2\/product\/13875\/revisions\/22941"}],"wp:featuredmedia":[{"embeddable":true,"href":"https:\/\/hookahshop.lt\/pl\/wp-json\/wp\/v2\/media\/21297"}],"wp:attachment":[{"href":"https:\/\/hookahshop.lt\/pl\/wp-json\/wp\/v2\/media?parent=13875"}],"curies":[{"name":"wp","href":"https:\/\/api.w.org\/{rel}","templated":true}]}}