{"id":13887,"date":"2020-11-08T15:45:03","date_gmt":"2020-11-08T13:45:03","guid":{"rendered":"https:\/\/hookahshop.lt\/?post_type=product&#038;p=13887"},"modified":"2026-05-14T23:29:01","modified_gmt":"2026-05-14T20:29:01","slug":"kaljanas-wookah-iroko-onion","status":"publish","type":"product","link":"https:\/\/hookahshop.lt\/pl\/produkt\/hookah-wookah-iroko-cebula\/","title":{"rendered":"Szisza WOOKAH Iroko Cebula"},"content":{"rendered":"<h2>Hookah Wookah Iroko Cebula<\/h2>\n<p>Jest to fajka wodna w oryginalnym stylu, charakteryzuj\u0105ca si\u0119 wyko\u0144czeniem z naturalnego drewna, niezapomnianym designem i niezapomnianymi wra\u017ceniami z palenia.<\/p>\n<p>Kolba wykonana jest z r\u0119cznie dmuchanego szk\u0142a. Posiada gwinty ze stali nierdzewnej z grawerem WOOKAH. Kolba \u201eSmooth\u201d wyr\u00f3\u017cnia si\u0119 na tle innych tym, \u017ce jej powierzchnia jest ca\u0142kowicie g\u0142adka, wyra\u017anie przezroczysta i pozbawiona naci\u0119\u0107.<\/p>\n<p>Ka\u017cdy WOOKAH wyposa\u017cony jest w system quick-lock, rozwi\u0105zanie techniczne, kt\u00f3re pozwala szybko i wygodnie przymocowa\u0107 g\u00f3rn\u0105 cz\u0119\u015b\u0107 WOOKAH do bidonu WOOKAH. Wystarczy kr\u00f3tki ruch, aby po\u0142\u0105czy\u0107 ze sob\u0105 dwa elementy.<\/p>\n<p>Ma r\u00f3wnie\u017c po\u0142\u0105czenie z wa\u0142em - i z\u0142\u0105cze do w\u0119\u017ca. G\u0142\u00f3wn\u0105 cech\u0105 jest to, \u017ce zawory i z\u0142\u0105cza w\u0119\u017cy \u0142atwo pasuj\u0105 do adapter\u00f3w. Cz\u0119\u015bci mo\u017cna bezpiecznie zamocowa\u0107 bez u\u017cycia dodatkowych uszczelnie\u0144.<\/p>\n<p><strong>PODSTAWOWE SPECYFIKACJE<\/strong><\/p>\n<p>63 cm wysoko\u015bci<br \/>\nwaga: ok. 3 kg<br \/>\nsystem szybkiej migawki<br \/>\nCz\u0119\u015bci metalowe ze stali nierdzewnej 1.4301 (V2A).<br \/>\nwszystkie cz\u0119\u015bci maj\u0105 unikalny numer seryjny<\/p>\n<p><strong>KOLEKCJA<\/strong><\/p>\n<p>talerz<br \/>\nobudowa (zawiera: szyb ze stali nierdzewnej, w pe\u0142ni chroniony drewnian\u0105 obudow\u0105 oraz specjalny system wentylacji z kierunkowymi rurkami u\u0142atwiaj\u0105cymi usuwanie nadmiaru dymu oraz system szybkiego zamykania)<br \/>\nzestaw zawor\u00f3w<br \/>\nprzy\u0142\u0105cze w\u0119\u017ca<br \/>\nkolba z systemem szybkiego zamykania<br \/>\nd\u0142ugo\u015b\u0107: 210 mm<br \/>\ncertyfikat autentyczno\u015bci<\/p>\n<p>Czy masz jakie\u015b pytania? Skontaktuj si\u0119 z nami <a href=\"https:\/\/hookahshop.lt\/pl\/lacznosc\/\">strona z kontaktami<\/a> lub napisz do nas na adres <a href=\"https:\/\/facebook.com\/HookahShop.lt\/\" target=\"_blank\" rel=\"noopener noreferrer\">konto na Facebooku<\/a> a my odpowiemy na Twoj\u0105 pro\u015bb\u0119 tego samego dnia.<\/p>","protected":false},"excerpt":{"rendered":"<p>Hookah Wookah Iroko Onion To oryginalna fajka wodna w stylu, z naturalnym wyko\u0144czeniem z drewna, niezapomnianym designem i do\u015bwiadczeniem palenia, kt\u00f3re nie pozostawi nikogo oboj\u0119tnym. Butelka wykonana jest z r\u0119cznie dmuchanego szk\u0142a. Posiada gwinty ze stali nierdzewnej z grawerunkiem WOOKAH. Butelka \u201eSmooth\u201d wyr\u00f3\u017cnia si\u0119 na tle innych dzi\u0119ki ca\u0142kowicie g\u0142adkiej powierzchni, wyra\u017anie przezroczystej i bez naci\u0119\u0107. Ka\u017cda WOOKAH [\u2026]<\/p>","protected":false},"featured_media":13888,"comment_status":"open","ping_status":"closed","template":"","meta":[],"_links":{"self":[{"href":"https:\/\/hookahshop.lt\/pl\/wp-json\/wp\/v2\/product\/13887"}],"collection":[{"href":"https:\/\/hookahshop.lt\/pl\/wp-json\/wp\/v2\/product"}],"about":[{"href":"https:\/\/hookahshop.lt\/pl\/wp-json\/wp\/v2\/types\/product"}],"replies":[{"embeddable":true,"href":"https:\/\/hookahshop.lt\/pl\/wp-json\/wp\/v2\/comments?post=13887"}],"version-history":[{"count":1,"href":"https:\/\/hookahshop.lt\/pl\/wp-json\/wp\/v2\/product\/13887\/revisions"}],"predecessor-version":[{"id":20048,"href":"https:\/\/hookahshop.lt\/pl\/wp-json\/wp\/v2\/product\/13887\/revisions\/20048"}],"wp:featuredmedia":[{"embeddable":true,"href":"https:\/\/hookahshop.lt\/pl\/wp-json\/wp\/v2\/media\/13888"}],"wp:attachment":[{"href":"https:\/\/hookahshop.lt\/pl\/wp-json\/wp\/v2\/media?parent=13887"}],"curies":[{"name":"wp","href":"https:\/\/api.w.org\/{rel}","templated":true}]}}