{"id":14638,"date":"2020-11-20T21:39:58","date_gmt":"2020-11-20T19:39:58","guid":{"rendered":"https:\/\/hookahshop.lt\/?post_type=product&#038;p=14638"},"modified":"2026-04-10T12:51:23","modified_gmt":"2026-04-10T09:51:23","slug":"kaljano-komplektas-al-mani-moscow-silver","status":"publish","type":"product","link":"https:\/\/hookahshop.lt\/pl\/produkt\/szisza-zestaw-al-mani-moscow-silver\/","title":{"rendered":"Zestaw haczyk\u00f3w AL-MANI Moskwa Srebrny"},"content":{"rendered":"<h2>Zestaw haczyk\u00f3w AL-MANI Moskwa Srebrny<\/h2>\n<p>Specyfikacje<\/p>\n<p>Wysoko\u015b\u0107 fajki wodnej z manierk\u0105: ok. 55cm<br \/>\nMateria\u0142: Stal nierdzewna<br \/>\nPo\u0142\u0105czenie: po\u015brednie<br \/>\nKolor: srebrny<br \/>\nDyfuzor: Tak<br \/>\nKraj pochodzenia: Niemcy<\/p>\n<p>Ekwipunek:<br \/>\nWa\u0142 -1 szt.<br \/>\nTalerz do fajki wodnej - 1 szt.<br \/>\nUstnik - 1 szt.<br \/>\nW\u0105\u017c silikonowy - 1 szt.<br \/>\nUszczelki - 2 szt.<br \/>\nKolba - 1 szt.<br \/>\nSzczypce - 1 szt.<br \/>\nKomora grzewcza - 1 szt.<br \/>\nKubek - 1 szt.<br \/>\nW\u0119giel 1kg - 1szt.<br \/>\nP\u0142yta - 1szt.<\/p>\n<p>Czy masz jakie\u015b pytania? Skontaktuj si\u0119 z nami <a href=\"https:\/\/hookahshop.lt\/pl\/lacznosc\/\">strona z kontaktami<\/a> lub napisz do nas na adres <a href=\"https:\/\/facebook.com\/HookahShop.lt\/\" target=\"_blank\" rel=\"noopener noreferrer\">konto na Facebooku<\/a> a my odpowiemy na Twoj\u0105 pro\u015bb\u0119 tego samego dnia.<\/p>","protected":false},"excerpt":{"rendered":"<p>Zestaw fajek wodnych AL-MANI Moskwa Silver Dane techniczne Wysoko\u015b\u0107 fajki wodnej z kolb\u0105: ok. 55cm Materia\u0142: stal nierdzewna Z\u0142\u0105cze: Uszczelka Kolor: Srebrny Dyfuzor: Tak Kraj pochodzenia: Niemcy Kompletny zestaw: Trzonek -1 szt. Talerz do fajki wodnej - 1 szt. Ustnik - 1 szt. W\u0105\u017c silikonowy - 1 szt. Uszczelki - 2 szt. Kolba - 1 szt. Szczypce - 1 szt. Ciep\u0142o [\u2026]<\/p>","protected":false},"featured_media":28022,"comment_status":"open","ping_status":"closed","template":"","meta":[],"_links":{"self":[{"href":"https:\/\/hookahshop.lt\/pl\/wp-json\/wp\/v2\/product\/14638"}],"collection":[{"href":"https:\/\/hookahshop.lt\/pl\/wp-json\/wp\/v2\/product"}],"about":[{"href":"https:\/\/hookahshop.lt\/pl\/wp-json\/wp\/v2\/types\/product"}],"replies":[{"embeddable":true,"href":"https:\/\/hookahshop.lt\/pl\/wp-json\/wp\/v2\/comments?post=14638"}],"version-history":[{"count":3,"href":"https:\/\/hookahshop.lt\/pl\/wp-json\/wp\/v2\/product\/14638\/revisions"}],"predecessor-version":[{"id":28021,"href":"https:\/\/hookahshop.lt\/pl\/wp-json\/wp\/v2\/product\/14638\/revisions\/28021"}],"wp:featuredmedia":[{"embeddable":true,"href":"https:\/\/hookahshop.lt\/pl\/wp-json\/wp\/v2\/media\/28022"}],"wp:attachment":[{"href":"https:\/\/hookahshop.lt\/pl\/wp-json\/wp\/v2\/media?parent=14638"}],"curies":[{"name":"wp","href":"https:\/\/api.w.org\/{rel}","templated":true}]}}