{"id":14655,"date":"2020-11-21T01:21:37","date_gmt":"2020-11-20T23:21:37","guid":{"rendered":"https:\/\/hookahshop.lt\/?post_type=product&#038;p=14655"},"modified":"2026-04-22T23:29:34","modified_gmt":"2026-04-22T20:29:34","slug":"valymo-priemone-kaljanui-nilitex-250-ml","status":"publish","type":"product","link":"https:\/\/hookahshop.lt\/pl\/produkt\/srodek-czyszczacy-do-fajki-wodnej-nilitex-250-ml\/","title":{"rendered":"\u015arodek czyszcz\u0105cy do fajki wodnej NILITEX 250ml"},"content":{"rendered":"<h2>Czy\u015bcik do fajki wodnej NILITEX, 250ml<\/h2>\n<p>Antybakteryjny \u015brodek do piel\u0119gnacji fajki wodnej u\u0142atwi niezb\u0119dn\u0105 piel\u0119gnacj\u0119 fajki wodnej i zapewni dobry stan urz\u0105dzenia na d\u0142u\u017cszy czas.<br \/>\nWyd\u0142u\u017ca si\u0119 \u017cywotno\u015b\u0107 cz\u0119sto mytej fajki wodnej i jej akcesori\u00f3w. Regularne mycie fajki wodnej i jej akcesori\u00f3w pomo\u017ce zapobiec zmianom wygl\u0105du, rdzewieniu, nieprzyjemnemu zapachowi.<\/p>\n<p>ZESTAW SK\u0141ADA SI\u0118 Z:<br \/>\nCzy\u015bcik do fajki wodnej NILITEX 250ml, 1 szt.<br \/>\nUszczelka do kubka na fajk\u0119 wodn\u0105, 1 szt.<br \/>\nW\u0119\u017ce po\u015brednie do fajki wodnej 1 szt.<\/p>\n<p>SPECYFIKACJA:<br \/>\nKonsystencja kwiatowa.<br \/>\nNeutralny zapach.<br \/>\nNie zawiera chloru.<br \/>\nEliminuje zarazki i bakterie.<br \/>\nEliminuje nieprzyjemne zapachy.<br \/>\nNie rysuje, nie uszkadza ani nie blaknie detali fajki wodnej.<br \/>\nPrzeznaczona na r\u00f3\u017cne powierzchnie (kolby, w\u0119\u017ce itp.).<\/p>\n<p>POS\u0141UGIWA\u0106 SI\u0118:<br \/>\n- Czyszczenie manierki do fajki wodnej. Aby wyczy\u015bci\u0107 kolb\u0119 na fajk\u0119 wodn\u0105, dodaj do niej kilka kropel kwiatu, a nast\u0119pnie dodaj oko\u0142o 300-500ml wody (w zale\u017cno\u015bci od kszta\u0142tu i pojemno\u015bci kolby). Umyj wn\u0119trze kolby szczoteczk\u0105 do kolby na fajk\u0119 wodn\u0105. Aby usun\u0105\u0107 zapach z kolby, wystarczy w zale\u017cno\u015bci od pojemno\u015bci kolby doda\u0107 kilka kropel kwiatu i wody, a nast\u0119pnie potrz\u0105sa\u0107 kolb\u0105 z mieszank\u0105, a\u017c kwiat rozpu\u015bci si\u0119 w wodzie.<br \/>\nPo umyciu kolby spu\u015b\u0107 mieszank\u0119 kwiatu i wody i przep\u0142ucz kolb\u0119 2-3 razy czyst\u0105 wod\u0105, a\u017c zniknie zapach.<\/p>\n<p>\u2013 Czyszczenie w\u0119\u017ca fajki wodnej. Aby wyczy\u015bci\u0107 w\u0105\u017c do fajki wodnej, dodaj do niego kilka kropli \u017celu. Trzymaj\u0105c ko\u0144c\u00f3wki w\u0119\u017ca w kszta\u0142cie litery \u201eU\u201d, dodaj do niego oko\u0142o 50ml wody. Przytrzymaj oba ko\u0144ce w\u0119\u017ca palcami i mocno nim potrz\u0105\u015bnij, aby wstrz\u0105sn\u0105\u0107 p\u0142ynem znajduj\u0105cym si\u0119 w \u015brodku.<br \/>\nPo oczyszczeniu w\u0119\u017ca nale\u017cy spu\u015bci\u0107 mieszank\u0119 kwiatu i wody, a w\u0105\u017c przep\u0142uka\u0107 czyst\u0105 wod\u0105 2-3 razy, a\u017c do znikni\u0119cia zapachu.<\/p>\n<p>- Czyszczenie wa\u0142u. Aby wyczy\u015bci\u0107 trzonek fajki wodnej, dodaj do niego kilka kropel kwiatu, a nast\u0119pnie zalej wod\u0105. Umyj wn\u0119trze trzonka cienkimi szczotkami do trzonka fajki wodnej.<br \/>\nPo wyczyszczeniu wa\u0142u, mieszank\u0119 kwiatu i wody nale\u017cy spu\u015bci\u0107, a w\u0105\u017c przep\u0142uka\u0107 czyst\u0105 wod\u0105 2-3 razy, a\u017c do znikni\u0119cia zapachu.<\/p>\n<p>Czy masz jakie\u015b pytania? Skontaktuj si\u0119 z nami <a href=\"https:\/\/hookahshop.lt\/pl\/lacznosc\/\">strona z kontaktami<\/a> lub napisz do nas na adres <a href=\"https:\/\/facebook.com\/HookahShop.lt\/\" target=\"_blank\" rel=\"noopener noreferrer\">konto na Facebooku<\/a> a my odpowiemy na Twoj\u0105 pro\u015bb\u0119 tego samego dnia.<\/p>","protected":false},"excerpt":{"rendered":"<p>\u015arodek do czyszczenia fajek wodnych NILITEX, 250ml Antybakteryjny \u015brodek czyszcz\u0105cy do piel\u0119gnacji fajek wodnych u\u0142atwi niezb\u0119dn\u0105 konserwacj\u0119 fajek wodnych i zapewni dobry stan urz\u0105dzenia przez d\u0142u\u017cszy okres czasu. \u017bywotno\u015b\u0107 fajki wodnej i jej akcesori\u00f3w wyd\u0142u\u017ca si\u0119, je\u015bli jest cz\u0119sto myta. Regularne mycie fajki wodnej i jej akcesori\u00f3w pomo\u017ce zapobiec zmianom w wygl\u0105dzie, rdzewieniu i nieprzyjemnym zapachom. ZESTAW ZAWIERA: \u015arodek do czyszczenia fajki wodnej NILITEX 250ml, 1 szt. Mediator [\u2026]<\/p>","protected":false},"featured_media":14656,"comment_status":"open","ping_status":"closed","template":"","meta":[],"_links":{"self":[{"href":"https:\/\/hookahshop.lt\/pl\/wp-json\/wp\/v2\/product\/14655"}],"collection":[{"href":"https:\/\/hookahshop.lt\/pl\/wp-json\/wp\/v2\/product"}],"about":[{"href":"https:\/\/hookahshop.lt\/pl\/wp-json\/wp\/v2\/types\/product"}],"replies":[{"embeddable":true,"href":"https:\/\/hookahshop.lt\/pl\/wp-json\/wp\/v2\/comments?post=14655"}],"version-history":[{"count":8,"href":"https:\/\/hookahshop.lt\/pl\/wp-json\/wp\/v2\/product\/14655\/revisions"}],"predecessor-version":[{"id":32289,"href":"https:\/\/hookahshop.lt\/pl\/wp-json\/wp\/v2\/product\/14655\/revisions\/32289"}],"wp:featuredmedia":[{"embeddable":true,"href":"https:\/\/hookahshop.lt\/pl\/wp-json\/wp\/v2\/media\/14656"}],"wp:attachment":[{"href":"https:\/\/hookahshop.lt\/pl\/wp-json\/wp\/v2\/media?parent=14655"}],"curies":[{"name":"wp","href":"https:\/\/api.w.org\/{rel}","templated":true}]}}