{"id":14766,"date":"2020-11-22T00:46:23","date_gmt":"2020-11-21T22:46:23","guid":{"rendered":"https:\/\/hookahshop.lt\/?post_type=product&#038;p=14766"},"modified":"2026-04-16T10:21:12","modified_gmt":"2026-04-16T07:21:12","slug":"sepetys-kaljano-kolbai-al-mani","status":"publish","type":"product","link":"https:\/\/hookahshop.lt\/pl\/produkt\/kolby-fajki-al-mani\/","title":{"rendered":"P\u0119dzel do fajki wodnej AL-MANI R\u00f3\u017cne kolory"},"content":{"rendered":"<h2>Szczotka do fajki wodnej AL-MANI (r\u00f3\u017cne kolory)<\/h2>\n<p>Pomo\u017ce lepiej dba\u0107 o kolb\u0119 na fajk\u0119 wodn\u0105. \u0141atwy dost\u0119p do wszelkich zabrudze\u0144.<br \/>\nSpecyfikacje:<br \/>\nD\u0142ugo\u015b\u0107 p\u0119dzla: oko\u0142o 45 cm<br \/>\nD\u0142ugo\u015b\u0107 w\u0142osia: 35cm<br \/>\nSzeroko\u015b\u0107 w\u0142osia: 3 cm<\/p>\n<p><em>Istnieje mo\u017cliwo\u015b\u0107 wyboru kolor\u00f3w uchwyt\u00f3w: <strong>niebieski, bia\u0142y<\/strong>.<\/em><br \/>\n<em>Zamawiaj\u0105c produkt, w rubryce \u201eUwagi\u201d wpisz \u017c\u0105dany kolor.<\/em><\/p>\n<p>Czy masz jakie\u015b pytania? Skontaktuj si\u0119 z nami <a href=\"https:\/\/hookahshop.lt\/pl\/lacznosc\/\">strona z kontaktami<\/a> lub napisz do nas na adres <a href=\"https:\/\/facebook.com\/HookahShop.lt\/\" target=\"_blank\" rel=\"noopener noreferrer\">konto na Facebooku<\/a> a my odpowiemy na Twoj\u0105 pro\u015bb\u0119 tego samego dnia.<\/p>","protected":false},"excerpt":{"rendered":"<p>Szczotka do miski do fajki wodnej AL-MANI (r\u00f3\u017cne kolory) Pomo\u017ce Ci lepiej utrzyma\u0107 misk\u0119 do fajki wodnej. \u0141atwo dotrzesz do wszystkich zabrudze\u0144. Specyfikacja: D\u0142ugo\u015b\u0107 szczotki: oko\u0142o 45 cm D\u0142ugo\u015b\u0107 w\u0142osia: 35 cm Szeroko\u015b\u0107 w\u0142osia: 3 cm Istnieje mo\u017cliwo\u015b\u0107 wyboru kolor\u00f3w uchwyt\u00f3w: niebieski, bia\u0142y. Wpisz wybrany kolor podczas zamawiania produktu w sekcji \u201eNotatki\u201d. Masz jakie\u015b pytania? Skontaktuj si\u0119 z nami na stronie kontaktowej lub napisz do nas na Facebooku [\u2026]<\/p>","protected":false},"featured_media":14768,"comment_status":"open","ping_status":"closed","template":"","meta":[],"_links":{"self":[{"href":"https:\/\/hookahshop.lt\/pl\/wp-json\/wp\/v2\/product\/14766"}],"collection":[{"href":"https:\/\/hookahshop.lt\/pl\/wp-json\/wp\/v2\/product"}],"about":[{"href":"https:\/\/hookahshop.lt\/pl\/wp-json\/wp\/v2\/types\/product"}],"replies":[{"embeddable":true,"href":"https:\/\/hookahshop.lt\/pl\/wp-json\/wp\/v2\/comments?post=14766"}],"version-history":[{"count":6,"href":"https:\/\/hookahshop.lt\/pl\/wp-json\/wp\/v2\/product\/14766\/revisions"}],"predecessor-version":[{"id":42947,"href":"https:\/\/hookahshop.lt\/pl\/wp-json\/wp\/v2\/product\/14766\/revisions\/42947"}],"wp:featuredmedia":[{"embeddable":true,"href":"https:\/\/hookahshop.lt\/pl\/wp-json\/wp\/v2\/media\/14768"}],"wp:attachment":[{"href":"https:\/\/hookahshop.lt\/pl\/wp-json\/wp\/v2\/media?parent=14766"}],"curies":[{"name":"wp","href":"https:\/\/api.w.org\/{rel}","templated":true}]}}