{"id":14772,"date":"2020-11-22T01:02:08","date_gmt":"2020-11-21T23:02:08","guid":{"rendered":"https:\/\/hookahshop.lt\/?post_type=product&#038;p=14772"},"modified":"2026-04-24T23:28:41","modified_gmt":"2026-04-24T20:28:41","slug":"individualus-kaljano-kandiklis-smoke-me-ivairiu-spalvu","status":"publish","type":"product","link":"https:\/\/hookahshop.lt\/pl\/produkt\/indywidualny-ustnik-do-fajki-dymnej-w-roznych-kolorach\/","title":{"rendered":"Indywidualny ustnik do fajki wodnej SMOKE ME R\u00f3\u017cne kolory"},"content":{"rendered":"<h2>Niestandardowy ustnik do fajki wodnej SMOKE ME (r\u00f3\u017cne kolory)<\/h2>\n<p><em>Istnieje mo\u017cliwo\u015b\u0107 wyboru kolor\u00f3w ustnika: <strong>\u017c\u00f3\u0142ty, pomara\u0144czowy, zielony, czerwony<\/strong>.<\/em><br \/>\n<em>Zamawiaj\u0105c produkt wpisz wybrany kolor w rubryce &quot;Uwagi&quot;.<\/em><\/p>\n<p>Czy masz jakie\u015b pytania? Skontaktuj si\u0119 z nami <a href=\"https:\/\/hookahshop.lt\/pl\/lacznosc\/\">strona z kontaktami<\/a> lub napisz do nas na adres <a href=\"https:\/\/facebook.com\/HookahShop.lt\/\" target=\"_blank\" rel=\"noopener noreferrer\">konto na Facebooku<\/a> a my odpowiemy na Twoj\u0105 pro\u015bb\u0119 tego samego dnia.<\/p>","protected":false},"excerpt":{"rendered":"<p>Indywidualny ustnik do fajki wodnej SMOKE ME (r\u00f3\u017cne kolory) Mo\u017cliwo\u015b\u0107 wyboru koloru ustnika: \u017c\u00f3\u0142ty, pomara\u0144czowy, zielony, czerwony. Zamawiaj\u0105c produkt, w rubryce \u201eUwagi\u201d wpisz \u017c\u0105dany kolor. Czy masz jakie\u015b pytania? Skontaktuj si\u0119 z nami na stronie kontaktowej lub napisz do nas na naszym koncie na Facebooku, a my odpowiemy na Twoj\u0105 pro\u015bb\u0119 jeszcze tego samego dnia.<\/p>","protected":false},"featured_media":14773,"comment_status":"open","ping_status":"closed","template":"","meta":[],"_links":{"self":[{"href":"https:\/\/hookahshop.lt\/pl\/wp-json\/wp\/v2\/product\/14772"}],"collection":[{"href":"https:\/\/hookahshop.lt\/pl\/wp-json\/wp\/v2\/product"}],"about":[{"href":"https:\/\/hookahshop.lt\/pl\/wp-json\/wp\/v2\/types\/product"}],"replies":[{"embeddable":true,"href":"https:\/\/hookahshop.lt\/pl\/wp-json\/wp\/v2\/comments?post=14772"}],"version-history":[{"count":5,"href":"https:\/\/hookahshop.lt\/pl\/wp-json\/wp\/v2\/product\/14772\/revisions"}],"predecessor-version":[{"id":45669,"href":"https:\/\/hookahshop.lt\/pl\/wp-json\/wp\/v2\/product\/14772\/revisions\/45669"}],"wp:featuredmedia":[{"embeddable":true,"href":"https:\/\/hookahshop.lt\/pl\/wp-json\/wp\/v2\/media\/14773"}],"wp:attachment":[{"href":"https:\/\/hookahshop.lt\/pl\/wp-json\/wp\/v2\/media?parent=14772"}],"curies":[{"name":"wp","href":"https:\/\/api.w.org\/{rel}","templated":true}]}}