{"id":14779,"date":"2020-11-22T15:46:11","date_gmt":"2020-11-22T13:46:11","guid":{"rendered":"https:\/\/hookahshop.lt\/?post_type=product&#038;p=14779"},"modified":"2026-04-24T23:29:21","modified_gmt":"2026-04-24T20:29:21","slug":"sepetelis-kaljano-sachtai-al-mani","status":"publish","type":"product","link":"https:\/\/hookahshop.lt\/pl\/produkt\/sepetel-hookah-locks-al-mani\/","title":{"rendered":"Hak AL-MANI do hak\u00f3w do szczotek"},"content":{"rendered":"<h2>Hak AL-MANI do hak\u00f3w do szczotek<\/h2>\n<p>Szczotka przeznaczona jest do czyszczenia trzonu fajki wodnej, zaleca si\u0119 u\u017cywa\u0107 jej razem ze \u015brodkami czyszcz\u0105cymi. Si\u0119ga i pomaga w usuwaniu wszelkich zabrudze\u0144.<\/p>\n<p><strong>Specyfikacje:<\/strong><br \/>\nD\u0142ugo\u015b\u0107 p\u0119dzla: ok. ~30cm<br \/>\nD\u0142ugo\u015b\u0107 w\u0142osia: ~11cm<br \/>\nSzeroko\u015b\u0107 w\u0142osia: 3 cm<\/p>\n<p>Materia\u0142: naturalne w\u0142osie<\/p>\n<p>Dlaczego czyszczenie trzonu fajki wodnej jest wa\u017cne?<br \/>\nPodczas u\u017cywania fajki wodnej szkodliwe substancje zawarte w dymie osadzaj\u0105 si\u0119 na \u015bciankach szybu. Nikotyna, produkty spalania w\u0119gla, zapach pozosta\u0142o\u015bci tytoniu, kt\u00f3ry by\u0142 u\u017cywany w poprzednich sesjach palenia i tak dalej. Substancje szkodliwe nie s\u0105 dobre dla zdrowia. A obce aromaty nie pozwol\u0105 ci w pe\u0142ni cieszy\u0107 si\u0119 fajk\u0105 wodn\u0105. Dlatego wa\u017cne jest, aby za ka\u017cdym razem czy\u015bci\u0107 trzonek do fajki wodnej.<br \/>\nNajlepiej wyczy\u015b\u0107 trzonek fajki wodnej - po ka\u017cdym u\u017cyciu fajki wodnej.<\/p>\n<p>Czy masz jakie\u015b pytania? Skontaktuj si\u0119 z nami <a href=\"https:\/\/hookahshop.lt\/pl\/lacznosc\/\">strona z kontaktami<\/a> lub napisz do nas na adres <a href=\"https:\/\/facebook.com\/HookahShop.lt\/\" target=\"_blank\" rel=\"noopener noreferrer\">konto na Facebooku<\/a> a my odpowiemy na Twoj\u0105 pro\u015bb\u0119 tego samego dnia.<\/p>","protected":false},"excerpt":{"rendered":"<p>Szczotka do trzonu fajki wodnej AL-MANI Szczotka przeznaczona jest do czyszczenia trzonu fajki wodnej, zaleca si\u0119 stosowanie jej razem z produktami czyszcz\u0105cymi. Dociera i pomaga wyczy\u015bci\u0107 wszystkie zabrudzenia. Dane techniczne: D\u0142ugo\u015b\u0107 szczotki: oko\u0142o ~30cm D\u0142ugo\u015b\u0107 w\u0142osia: ~11cm Szeroko\u015b\u0107 w\u0142osia: 3cm Materia\u0142: naturalne w\u0142osie Dlaczego wa\u017cne jest czyszczenie trzonu fajki wodnej? Podczas korzystania z fajki wodnej szkodliwe substancje zawarte w dymie osadzaj\u0105 si\u0119 na \u015bciankach trzonu. Nikotyna, produkty spalania w\u0119gla, tyto\u0144 [\u2026]<\/p>","protected":false},"featured_media":32004,"comment_status":"open","ping_status":"closed","template":"","meta":[],"_links":{"self":[{"href":"https:\/\/hookahshop.lt\/pl\/wp-json\/wp\/v2\/product\/14779"}],"collection":[{"href":"https:\/\/hookahshop.lt\/pl\/wp-json\/wp\/v2\/product"}],"about":[{"href":"https:\/\/hookahshop.lt\/pl\/wp-json\/wp\/v2\/types\/product"}],"replies":[{"embeddable":true,"href":"https:\/\/hookahshop.lt\/pl\/wp-json\/wp\/v2\/comments?post=14779"}],"version-history":[{"count":7,"href":"https:\/\/hookahshop.lt\/pl\/wp-json\/wp\/v2\/product\/14779\/revisions"}],"predecessor-version":[{"id":33174,"href":"https:\/\/hookahshop.lt\/pl\/wp-json\/wp\/v2\/product\/14779\/revisions\/33174"}],"wp:featuredmedia":[{"embeddable":true,"href":"https:\/\/hookahshop.lt\/pl\/wp-json\/wp\/v2\/media\/32004"}],"wp:attachment":[{"href":"https:\/\/hookahshop.lt\/pl\/wp-json\/wp\/v2\/media?parent=14779"}],"curies":[{"name":"wp","href":"https:\/\/api.w.org\/{rel}","templated":true}]}}