{"id":14959,"date":"2020-11-26T18:12:04","date_gmt":"2020-11-26T16:12:04","guid":{"rendered":"https:\/\/hookahshop.lt\/?post_type=product&#038;p=14959"},"modified":"2026-04-17T23:29:34","modified_gmt":"2026-04-17T20:29:34","slug":"taurele-kaljanui-conceptic-cd2-black","status":"publish","type":"product","link":"https:\/\/hookahshop.lt\/pl\/produkt\/kubek-szisza-koncepcyjny-cd2-czarny\/","title":{"rendered":"Kubek do fajki wodnej CONCEPTIC CD2 Czarny"},"content":{"rendered":"<h2>Kubek do fajki wodnej CONCEPTIC CD2 Czarny<\/h2>\n<p>Jest klasyczna \u201ekiller bowl\u201d, ale jej wn\u0119trze jest zaokr\u0105glone, bez prostych \u015bcian. W dolnej cz\u0119\u015bci kielicha znajduje si\u0119 sze\u015b\u0107 otwor\u00f3w u\u0142o\u017conych w okr\u0105g, bez otworu po\u015brodku. Dzi\u0119ki takiemu rozmieszczeniu otwor\u00f3w proces palenia tytoniu odbywa si\u0119 bardziej r\u00f3wnomiernie.<br \/>\nTa miska na fajk\u0119 wodn\u0105 wykonana jest z bia\u0142ej gliny z dodatkiem szamotu i ciemnego pigmentu. Kubek nadaje si\u0119 do stosowania zar\u00f3wno z foli\u0105, jak iz komor\u0105 grzewcz\u0105.<br \/>\nPojemno\u015b\u0107 mieszanki fajki wodnej: ok. 17 g.<\/p>\n<p>Specyfikacje:<br \/>\nWysoko\u015b\u0107: 93 mm<br \/>\n\u015arednica (zewn\u0119trzna): 74 mm<br \/>\n\u015arednica (wewn\u0119trzna): 62 mm<br \/>\nG\u0142\u0119boko\u015b\u0107: 17 mm<br \/>\n\u015arednica otworu: 8 mm<br \/>\nIlo\u015b\u0107 otwor\u00f3w: 6 szt.<br \/>\nWaga: oko\u0142o 229 g.<\/p>\n<p>Czy masz jakie\u015b pytania? Skontaktuj si\u0119 z nami <a href=\"https:\/\/hookahshop.lt\/pl\/lacznosc\/\">strona z kontaktami<\/a> lub napisz do nas na adres <a href=\"https:\/\/facebook.com\/HookahShop.lt\/\" target=\"_blank\" rel=\"noopener noreferrer\">konto na Facebooku<\/a> a my odpowiemy na Twoj\u0105 pro\u015bb\u0119 tego samego dnia.<\/p>","protected":false},"excerpt":{"rendered":"<p>Miska na fajk\u0119 wodn\u0105 CONCEPTIC CD2 Black Jest to klasyczna \u201emiska zab\u00f3jcza\u201d, jednak jej wn\u0119trze jest zaokr\u0105glone, bez prostych \u015bcianek. W dolnej cz\u0119\u015bci kielicha znajduje si\u0119 sze\u015b\u0107 otwor\u00f3w u\u0142o\u017conych w okr\u0105g, bez otworu po\u015brodku. Dzi\u0119ki takiemu rozmieszczeniu otwor\u00f3w proces palenia tytoniu przebiega bardziej r\u00f3wnomiernie. Miska na fajk\u0119 wodn\u0105 wykonana jest z bia\u0142ej glinki z dodatkiem szamotu i ciemnego pigmentu. Kubek nadaje si\u0119 do stosowania zar\u00f3wno z foli\u0105 jak i [...]<\/p>","protected":false},"featured_media":14960,"comment_status":"open","ping_status":"closed","template":"","meta":[],"_links":{"self":[{"href":"https:\/\/hookahshop.lt\/pl\/wp-json\/wp\/v2\/product\/14959"}],"collection":[{"href":"https:\/\/hookahshop.lt\/pl\/wp-json\/wp\/v2\/product"}],"about":[{"href":"https:\/\/hookahshop.lt\/pl\/wp-json\/wp\/v2\/types\/product"}],"replies":[{"embeddable":true,"href":"https:\/\/hookahshop.lt\/pl\/wp-json\/wp\/v2\/comments?post=14959"}],"version-history":[{"count":4,"href":"https:\/\/hookahshop.lt\/pl\/wp-json\/wp\/v2\/product\/14959\/revisions"}],"predecessor-version":[{"id":31150,"href":"https:\/\/hookahshop.lt\/pl\/wp-json\/wp\/v2\/product\/14959\/revisions\/31150"}],"wp:featuredmedia":[{"embeddable":true,"href":"https:\/\/hookahshop.lt\/pl\/wp-json\/wp\/v2\/media\/14960"}],"wp:attachment":[{"href":"https:\/\/hookahshop.lt\/pl\/wp-json\/wp\/v2\/media?parent=14959"}],"curies":[{"name":"wp","href":"https:\/\/api.w.org\/{rel}","templated":true}]}}