{"id":14983,"date":"2020-11-26T18:41:46","date_gmt":"2020-11-26T16:41:46","guid":{"rendered":"https:\/\/hookahshop.lt\/?post_type=product&#038;p=14983"},"modified":"2026-04-17T23:29:34","modified_gmt":"2026-04-17T20:29:34","slug":"taurele-kaljanui-bigmaks-barrel","status":"publish","type":"product","link":"https:\/\/hookahshop.lt\/pl\/produkt\/beczka-filizanka-szisza-bigmaks\/","title":{"rendered":"BIGMAKS Beczka"},"content":{"rendered":"<h2><strong>Kubek na fajk\u0119 wodn\u0105 BigMaks Barrel<\/strong><\/h2>\n<p>Wykonane r\u0119cznie z czerwonej gliny. Glina ta doskonale si\u0119 nagrzewa, zatrzymuje ciep\u0142o i zapobiega przegrzaniu mieszanki fajki wodnej.<br \/>\nPojemno\u015b\u0107 fili\u017canki: 15-18 gram\u00f3w.<\/p>\n<p>Specyfikacje:<br \/>\nWysoko\u015b\u0107: 76 mm<br \/>\n\u015arednica (zewn\u0119trzna): 67 mm<br \/>\n\u015arednica (wewn\u0119trzna): 57 mm<br \/>\nG\u0142\u0119boko\u015b\u0107: 17 mm<br \/>\n\u015arednica otworu: 7 mm<br \/>\nLiczba otwor\u00f3w: 7 szt<br \/>\nWaga: oko\u0142o 240 g.<\/p>\n<p>Czy masz jakie\u015b pytania? Skontaktuj si\u0119 z nami <a href=\"https:\/\/hookahshop.lt\/pl\/lacznosc\/\">strona z kontaktami<\/a> lub napisz do nas na adres <a href=\"https:\/\/facebook.com\/HookahShop.lt\/\" target=\"_blank\" rel=\"noopener noreferrer\">konto na Facebooku<\/a> a my odpowiemy na Twoj\u0105 pro\u015bb\u0119 tego samego dnia.<\/p>","protected":false},"excerpt":{"rendered":"<p>Kubek do fajki wodnej BigMaks Barrel Wykonany r\u0119cznie z czerwonej gliny. Glina ta doskonale si\u0119 nagrzewa, zatrzymuje ciep\u0142o i zapobiega przegrzaniu mieszanki do fajki wodnej. Pojemno\u015b\u0107 kubka: 15-18 gram\u00f3w. Specyfikacje: Wysoko\u015b\u0107: 76 mm \u015arednica (zewn\u0119trzna): 67 mm \u015arednica (wewn\u0119trzna): 57 mm G\u0142\u0119boko\u015b\u0107: 17 mm \u015arednica otworu: 7 mm Liczba otwor\u00f3w: 7 szt. Waga: oko\u0142o 240 g. Masz pytania? Skontaktuj si\u0119 z nami pod adresem contact [\u2026]<\/p>","protected":false},"featured_media":14987,"comment_status":"open","ping_status":"closed","template":"","meta":[],"_links":{"self":[{"href":"https:\/\/hookahshop.lt\/pl\/wp-json\/wp\/v2\/product\/14983"}],"collection":[{"href":"https:\/\/hookahshop.lt\/pl\/wp-json\/wp\/v2\/product"}],"about":[{"href":"https:\/\/hookahshop.lt\/pl\/wp-json\/wp\/v2\/types\/product"}],"replies":[{"embeddable":true,"href":"https:\/\/hookahshop.lt\/pl\/wp-json\/wp\/v2\/comments?post=14983"}],"version-history":[{"count":4,"href":"https:\/\/hookahshop.lt\/pl\/wp-json\/wp\/v2\/product\/14983\/revisions"}],"predecessor-version":[{"id":36517,"href":"https:\/\/hookahshop.lt\/pl\/wp-json\/wp\/v2\/product\/14983\/revisions\/36517"}],"wp:featuredmedia":[{"embeddable":true,"href":"https:\/\/hookahshop.lt\/pl\/wp-json\/wp\/v2\/media\/14987"}],"wp:attachment":[{"href":"https:\/\/hookahshop.lt\/pl\/wp-json\/wp\/v2\/media?parent=14983"}],"curies":[{"name":"wp","href":"https:\/\/api.w.org\/{rel}","templated":true}]}}