{"id":14994,"date":"2020-11-26T19:49:56","date_gmt":"2020-11-26T17:49:56","guid":{"rendered":"https:\/\/hookahshop.lt\/?post_type=product&#038;p=14994"},"modified":"2026-04-14T23:29:18","modified_gmt":"2026-04-14T20:29:18","slug":"taurele-kaljanui-smokelab-evil-black","status":"publish","type":"product","link":"https:\/\/hookahshop.lt\/pl\/produkt\/szisza-szklana-dymna-zla-czarna\/","title":{"rendered":"Kubek do Fajki Wodnej SMOKELAB Evil Black"},"content":{"rendered":"<h2>Kubek do Fajki Wodnej SMOKELAB Evil Black<\/h2>\n<p>Grube \u015bcianki symetrycznie uk\u0142adaj\u0105 mieszank\u0119 fajki wodnej, a obecno\u015b\u0107 p\u0142askiego dna nie pozostawi oboj\u0119tnym tych, kt\u00f3rzy lubi\u0105 delektowa\u0107 si\u0119 mocniejszym dymem z fajki wodnej. Nawet zwyk\u0142a mieszanka fajki wodnej otworzy si\u0119 po drugiej stronie. \u015arednie spo\u017cycie 15-20 gram\u00f3w tytoniu. Bez folii dobrze dymi na komorze grzewczej.<\/p>\n<p>Specyfikacje:<br \/>\nWysoko\u015b\u0107: 98mm<br \/>\n\u015arednica (zewn\u0119trzna): 74 mm<br \/>\n\u015arednica (wewn\u0119trzna): 63 mm<br \/>\nG\u0142\u0119boko\u015b\u0107: 14 mm<br \/>\n\u015arednica otworu: 8 mm<br \/>\nLiczba otwor\u00f3w: 5 szt<br \/>\nWaga: oko\u0142o 187 g.<\/p>\n<p>Czy masz jakie\u015b pytania? Skontaktuj si\u0119 z nami <a href=\"https:\/\/hookahshop.lt\/pl\/lacznosc\/\">strona z kontaktami<\/a> lub napisz do nas na adres <a href=\"https:\/\/facebook.com\/HookahShop.lt\/\" target=\"_blank\" rel=\"noopener noreferrer\">konto na Facebooku<\/a> a my odpowiemy na Twoj\u0105 pro\u015bb\u0119 tego samego dnia.<\/p>","protected":false},"excerpt":{"rendered":"<p>Kubek na fajk\u0119 wodn\u0105 SMOKELAB Evil Black Grube \u015bcianki symetrycznie uk\u0142adaj\u0105 mieszank\u0119 fajki wodnej, a obecno\u015b\u0107 p\u0142askiego dna nie pozostawi oboj\u0119tnym tych, kt\u00f3rzy lubi\u0105 delektowa\u0107 si\u0119 mocniejszym dymem z fajki wodnej. Nawet zwyk\u0142a mieszanka fajki wodnej otworzy si\u0119 po drugiej stronie. \u015arednie spo\u017cycie 15-20 gram\u00f3w tytoniu. Bez folii dobrze dymi na komorze grzewczej. Dane techniczne: Wysoko\u015b\u0107: 98 mm \u015arednica (zewn\u0119trzna): 74 mm \u015arednica (wewn\u0119trzna): 63 mm G\u0142\u0119boko\u015b\u0107: [\u2026]<\/p>","protected":false},"featured_media":14996,"comment_status":"open","ping_status":"closed","template":"","meta":[],"_links":{"self":[{"href":"https:\/\/hookahshop.lt\/pl\/wp-json\/wp\/v2\/product\/14994"}],"collection":[{"href":"https:\/\/hookahshop.lt\/pl\/wp-json\/wp\/v2\/product"}],"about":[{"href":"https:\/\/hookahshop.lt\/pl\/wp-json\/wp\/v2\/types\/product"}],"replies":[{"embeddable":true,"href":"https:\/\/hookahshop.lt\/pl\/wp-json\/wp\/v2\/comments?post=14994"}],"version-history":[{"count":3,"href":"https:\/\/hookahshop.lt\/pl\/wp-json\/wp\/v2\/product\/14994\/revisions"}],"predecessor-version":[{"id":28923,"href":"https:\/\/hookahshop.lt\/pl\/wp-json\/wp\/v2\/product\/14994\/revisions\/28923"}],"wp:featuredmedia":[{"embeddable":true,"href":"https:\/\/hookahshop.lt\/pl\/wp-json\/wp\/v2\/media\/14996"}],"wp:attachment":[{"href":"https:\/\/hookahshop.lt\/pl\/wp-json\/wp\/v2\/media?parent=14994"}],"curies":[{"name":"wp","href":"https:\/\/api.w.org\/{rel}","templated":true}]}}