{"id":14999,"date":"2020-11-26T20:25:29","date_gmt":"2020-11-26T18:25:29","guid":{"rendered":"https:\/\/hookahshop.lt\/?post_type=product&#038;p=14999"},"modified":"2026-04-12T23:28:36","modified_gmt":"2026-04-12T20:28:36","slug":"gaubtas-taureles-kaitinimui-arma-black","status":"publish","type":"product","link":"https:\/\/hookahshop.lt\/pl\/produkt\/kapturki-do-ogrzewania-arma-czarne\/","title":{"rendered":"Kaptur do podgrzewania kubk\u00f3w ARMA Czarny"},"content":{"rendered":"<h2>Kaptur do podgrzewania kubk\u00f3w ARMA Czarny<\/h2>\n<p>Chroni przed wiatrem podczas sesji fajki wodnej na \u015bwie\u017cym powietrzu.<br \/>\nMo\u017ce by\u0107 u\u017cywany jako os\u0142ona przed spadkiem w\u0119glowodan\u00f3w.<br \/>\nPrzyspiesza r\u00f3wnie\u017c czas przygotowania fajki wodnej, dlatego warto stosowa\u0107 j\u0105 po dodaniu w\u0119glowodan\u00f3w na pocz\u0105tku sesji.<\/p>\n<p>Specyfikacje:<br \/>\nWysoko\u015b\u0107: oko\u0142o 25 cm<br \/>\n\u015arednica: 12,5 cm<\/p>\n<p>Czy masz jakie\u015b pytania? Skontaktuj si\u0119 z nami <a href=\"https:\/\/hookahshop.lt\/pl\/lacznosc\/\">strona z kontaktami<\/a> lub napisz do nas na adres <a href=\"https:\/\/facebook.com\/HookahShop.lt\/\" target=\"_blank\" rel=\"noopener noreferrer\">konto na Facebooku<\/a> a my odpowiemy na Twoj\u0105 pro\u015bb\u0119 tego samego dnia.<\/p>","protected":false},"excerpt":{"rendered":"<p>Kaptur do podgrzewania fili\u017canek ARMA Black Chroni przed wiatrem podczas fajki wodnej na \u015bwie\u017cym powietrzu. Mo\u017ce by\u0107 u\u017cywany jako zabezpieczenie przed spadkiem w\u0119glowodan\u00f3w. Przyspiesza tak\u017ce czas przygotowania fajki wodnej, dlatego warto stosowa\u0107 j\u0105 po dodaniu w\u0119glowodan\u00f3w na pocz\u0105tku sesji. Dane techniczne: Wysoko\u015b\u0107: oko\u0142o 25 cm \u015arednica: 12,5 cm Pytania? Skontaktuj si\u0119 z nami na stronie kontaktowej lub napisz do nas na naszym koncie na Facebooku, a my odpowiemy [\u2026]<\/p>","protected":false},"featured_media":15000,"comment_status":"open","ping_status":"closed","template":"","meta":[],"_links":{"self":[{"href":"https:\/\/hookahshop.lt\/pl\/wp-json\/wp\/v2\/product\/14999"}],"collection":[{"href":"https:\/\/hookahshop.lt\/pl\/wp-json\/wp\/v2\/product"}],"about":[{"href":"https:\/\/hookahshop.lt\/pl\/wp-json\/wp\/v2\/types\/product"}],"replies":[{"embeddable":true,"href":"https:\/\/hookahshop.lt\/pl\/wp-json\/wp\/v2\/comments?post=14999"}],"version-history":[{"count":8,"href":"https:\/\/hookahshop.lt\/pl\/wp-json\/wp\/v2\/product\/14999\/revisions"}],"predecessor-version":[{"id":43475,"href":"https:\/\/hookahshop.lt\/pl\/wp-json\/wp\/v2\/product\/14999\/revisions\/43475"}],"wp:featuredmedia":[{"embeddable":true,"href":"https:\/\/hookahshop.lt\/pl\/wp-json\/wp\/v2\/media\/15000"}],"wp:attachment":[{"href":"https:\/\/hookahshop.lt\/pl\/wp-json\/wp\/v2\/media?parent=14999"}],"curies":[{"name":"wp","href":"https:\/\/api.w.org\/{rel}","templated":true}]}}