{"id":15077,"date":"2020-11-27T13:00:15","date_gmt":"2020-11-27T11:00:15","guid":{"rendered":"https:\/\/hookahshop.lt\/?post_type=product&#038;p=15077"},"modified":"2026-04-20T23:28:52","modified_gmt":"2026-04-20T20:28:52","slug":"kaljanas-bigmaks-hookah-one","status":"publish","type":"product","link":"https:\/\/hookahshop.lt\/pl\/produkt\/szisza-bigmax-szisza-jeden\/","title":{"rendered":"Hookah BIGMAKS Hookah One"},"content":{"rendered":"<h2>Hookah One Hookah One<\/h2>\n<p>Wykonany z europejskiej stali nierdzewnej AISI 304 z bardzo precyzyjn\u0105 obr\u00f3bk\u0105 trzonka i detali. Zbi\u00f3r po w\u0142o\u017ceniu trzonka do kolby.<br \/>\nFajka wodna BigMaks Szisza wodna ma \u015bredni klasyczny uci\u0105g. System przedmuchu sk\u0142ada si\u0119 z pi\u0119ciu zawor\u00f3w, kt\u00f3re umo\u017cliwiaj\u0105 jednoczesne przedmuchanie kolby i sch\u0142odzenie kubka. Po\u0142\u0105czenie O-ringiem.<br \/>\nKonstrukcja wa\u0142u jest falista u g\u00f3ry iu do\u0142u oraz p\u0142aska w \u015brodku.<\/p>\n<p>Charakterystyka:<br \/>\nWaga fajki wodnej: ~ 980 gr<br \/>\nWysoko\u015b\u0107 fajki wodnej: 510 mm<br \/>\nWewn\u0119trzna cz\u0119\u015b\u0107 trzonka: stal nierdzewna, D14 mm<br \/>\nZewn\u0119trzna cz\u0119\u015b\u0107 wa\u0142u: stal nierdzewna<br \/>\nZanurzona cz\u0119\u015b\u0107 wa\u0142u: stal nierdzewna, D13 mm<br \/>\nMateria\u0142 podstawy: stal nierdzewna<br \/>\nPrzy\u0142\u0105cze w\u0119\u017ca: O-ring<br \/>\nMateria\u0142 po\u0142\u0105czenia: stal nierdzewna<br \/>\nPrzy\u0142\u0105cze zaworu: wewn\u0119trzne<br \/>\nDyfuzor: nieusuwalny, na wale<br \/>\nUstnik: stal nierdzewna<br \/>\nD\u0142ugo\u015b\u0107 t\u0142umika: 299 mm, grubo\u015b\u0107 10 mm<br \/>\nW\u0105\u017c: mi\u0119kki w dotyku silikon<br \/>\nD\u0142ugo\u015b\u0107 w\u0119\u017ca: 1500 mm<\/p>\n<p>Ekwipunek:<br \/>\nPude\u0142ko, tabliczka z grawerem firmowym, ustnik, z\u0142\u0105czka do w\u0119\u017ca, w\u0105\u017c, plastikowe kulki (7 szt.);<\/p>\n<p>Czy masz jakie\u015b pytania? Skontaktuj si\u0119 z nami <a href=\"https:\/\/hookahshop.lt\/pl\/lacznosc\/\">strona z kontaktami<\/a> lub napisz do nas na adres <a href=\"https:\/\/facebook.com\/HookahShop.lt\/\" target=\"_blank\" rel=\"noopener noreferrer\">konto na Facebooku<\/a> a my odpowiemy na Twoj\u0105 pro\u015bb\u0119 tego samego dnia.<\/p>","protected":false},"excerpt":{"rendered":"<p>Szisza wodna BigMaks Hookah One Wykonana z europejskiej stali nierdzewnej AISI 304 z bardzo precyzyjn\u0105 obr\u00f3bk\u0105 trzonka i detali. Zbi\u00f3r po w\u0142o\u017ceniu trzonka do kolby. Hookah BigMaks Hookah ma \u015bredni, klasyczny rysunek. System przedmuchu sk\u0142ada si\u0119 z pi\u0119ciu zawor\u00f3w, kt\u00f3re pozwalaj\u0105 na jednoczesne przedmuchanie kolby i sch\u0142odzenie kubka. Po\u0142\u0105czenie typu O-ring. Konstrukcja wa\u0142u jest falista u g\u00f3ry i [...]<\/p>","protected":false},"featured_media":15089,"comment_status":"open","ping_status":"closed","template":"","meta":[],"_links":{"self":[{"href":"https:\/\/hookahshop.lt\/pl\/wp-json\/wp\/v2\/product\/15077"}],"collection":[{"href":"https:\/\/hookahshop.lt\/pl\/wp-json\/wp\/v2\/product"}],"about":[{"href":"https:\/\/hookahshop.lt\/pl\/wp-json\/wp\/v2\/types\/product"}],"replies":[{"embeddable":true,"href":"https:\/\/hookahshop.lt\/pl\/wp-json\/wp\/v2\/comments?post=15077"}],"version-history":[{"count":5,"href":"https:\/\/hookahshop.lt\/pl\/wp-json\/wp\/v2\/product\/15077\/revisions"}],"predecessor-version":[{"id":37538,"href":"https:\/\/hookahshop.lt\/pl\/wp-json\/wp\/v2\/product\/15077\/revisions\/37538"}],"wp:featuredmedia":[{"embeddable":true,"href":"https:\/\/hookahshop.lt\/pl\/wp-json\/wp\/v2\/media\/15089"}],"wp:attachment":[{"href":"https:\/\/hookahshop.lt\/pl\/wp-json\/wp\/v2\/media?parent=15077"}],"curies":[{"name":"wp","href":"https:\/\/api.w.org\/{rel}","templated":true}]}}