{"id":15151,"date":"2020-12-01T12:54:25","date_gmt":"2020-12-01T10:54:25","guid":{"rendered":"https:\/\/hookahshop.lt\/?post_type=product&#038;p=15151"},"modified":"2026-02-24T20:33:47","modified_gmt":"2026-02-24T18:33:47","slug":"dovanu-kuponas-kaljanui","status":"publish","type":"product","link":"https:\/\/hookahshop.lt\/pl\/produkt\/kupon-podarunkowy-na-fajke-wodna\/","title":{"rendered":"Kupon na dodatki"},"content":{"rendered":"<h2>Voucher na akcesoria to \u015bwietne rozwi\u0105zanie dla cz\u0142onka rodziny, przyjaciela czy partnera biznesowego, poniewa\u017c daje swobod\u0119 wyboru. Od 30 \u20ac do 150 \u20ac!<\/h2>\n<p>Przedstawiamy kupon HookahShop.lt! Wyb\u00f3r prezentu jeszcze nigdy nie by\u0142 tak prosty! Wybierz jeden z kupon\u00f3w od 30 \u20ac do 150 \u20ac, a my zapakujemy go i wy\u015blemy bezpo\u015brednio do Ciebie lub Twojego znajomego.<\/p>\n<p>Sprzedawc\u0105 kuponu jest MB LBA Projektai, sp\u00f3\u0142ka zarz\u0105dzaj\u0105ca mark\u0105 HookahShop.Kupon HookahShop (zwany dalej kuponem) potwierdza dokonanie przedp\u0142aty i uprawnia posiadacza bonu upominkowego do zakupu towar\u00f3w w sklepie internetowym www.hookahshop.lt lub w fizycznym punkcie odbioru HookahShop w Wilnie. Podczas zakup\u00f3w online kod kuponu nale\u017cy wpisa\u0107 w polu \u201ekod\u201d w momencie zakupu.<br \/>\nkupon na akcesoria do fajki wodnej jest wa\u017cny 12 miesi\u0119cy od daty zakupu, kupon nie jest wa\u017cny na wyroby tytoniowe. Po up\u0142ywie terminu wa\u017cno\u015bci kupon jest uwa\u017cany za niewa\u017cny i nie podlega wymianie na inny towar lub pieni\u0105dze.<br \/>\nkupon nie podlega zwrotowi.<br \/>\nFaktura nie jest wystawiana przy zakupie kuponu. Je\u015bli kupuj\u0105cy jest osob\u0105 prawn\u0105, otrzymuje akt cesji-przeniesienia kuponu.<\/p>\n<p>Je\u017celi kwota zam\u00f3wienia, do kt\u00f3rego zastosowany jest kupon, przekracza warto\u015b\u0107 kuponu, brakuj\u0105c\u0105 kwot\u0119 mo\u017cna dop\u0142aci\u0107 wybieraj\u0105c jedn\u0105 z oferowanych przez nas metod p\u0142atno\u015bci.<br \/>\nKod kuponu mo\u017cna zastosowa\u0107 tylko do jednego zam\u00f3wienia. Je\u015bli masz wiele kupon\u00f3w i chcesz je wykorzysta\u0107 wielokrotnie podczas jednego zakupu, skontaktuj si\u0119 z nami <a href=\"mailto:info@hookahshop.lt\">info@hookahshop.lt<\/a><\/p>\n<p>Je\u017celi kwota zam\u00f3wienia op\u0142aconego po zastosowaniu bonu podarunkowego jest mniejsza ni\u017c warto\u015b\u0107 kuponu, r\u00f3\u017cnica nie zostanie zwr\u00f3cona.<\/p>\n<p>MB \u201eLBA Projektai\u201d nie wymienia kupon\u00f3w zagubionych, uszkodzonych lub utraconych w inny spos\u00f3b na nowe. Minimalna kwota kuponu papierowego: 30 EUR. Dostawa kuponu za po\u015brednictwem Omniva (do 2 dni). Kupon mo\u017cna r\u00f3wnie\u017c zakupi\u0107 w naszym punkcie odbioru w Wilnie. Dost\u0119pna jest r\u00f3wnie\u017c elektroniczna wersja kuponu, kt\u00f3r\u0105 wysy\u0142amy e-mailem i nale\u017cy j\u0105 wydrukowa\u0107. Warto\u015b\u0107 takiego kuponu mo\u017ce ulec zmianie w zale\u017cno\u015bci od potrzeb.<\/p>\n<p>Aby kupi\u0107 kupon, napisz <a href=\"mailto:info@hookahshop.lt\">info@hookahshop.lt<\/a> albo zadzwo\u0144 <a href=\"tel:+370 69226633\">+370 69226633<\/a><\/p>\n<p><em><strong>Kupon mo\u017cemy dostarczy\u0107 w formacie A4 jako plik PDF.<\/strong><\/em><\/p>\n<p>Czy masz jakie\u015b pytania? Skontaktuj si\u0119 z nami <a href=\"https:\/\/hookahshop.lt\/pl\/lacznosc\/\">strona z kontaktami<\/a> lub napisz do nas na adres <a href=\"https:\/\/facebook.com\/HookahShop.lt\/\" target=\"_blank\" rel=\"noopener noreferrer\">konto na Facebooku<\/a> a my odpowiemy na Twoj\u0105 pro\u015bb\u0119 tego samego dnia.<\/p>\n<p>&nbsp;<\/p>","protected":false},"excerpt":{"rendered":"<p>Voucher na akcesoria to \u015bwietne rozwi\u0105zanie dla cz\u0142onka rodziny, przyjaciela czy partnera biznesowego, gdy\u017c daje Ci swobod\u0119 wyboru. Od 30 \u20ac do 150 \u20ac! Przedstawiamy kupon HookahShop.lt! Wyb\u00f3r prezentu nigdy nie by\u0142 tak prosty! Wybierz jeden z kupon\u00f3w od 30 \u20ac do 150 \u20ac, a my zapakujemy go i wy\u015blemy bezpo\u015brednio do Ciebie lub Twojego znajomego. Kupon jest sprzedawany przez przedmiot HookahShop [\u2026]<\/p>","protected":false},"featured_media":34739,"comment_status":"open","ping_status":"closed","template":"","meta":[],"_links":{"self":[{"href":"https:\/\/hookahshop.lt\/pl\/wp-json\/wp\/v2\/product\/15151"}],"collection":[{"href":"https:\/\/hookahshop.lt\/pl\/wp-json\/wp\/v2\/product"}],"about":[{"href":"https:\/\/hookahshop.lt\/pl\/wp-json\/wp\/v2\/types\/product"}],"replies":[{"embeddable":true,"href":"https:\/\/hookahshop.lt\/pl\/wp-json\/wp\/v2\/comments?post=15151"}],"version-history":[{"count":11,"href":"https:\/\/hookahshop.lt\/pl\/wp-json\/wp\/v2\/product\/15151\/revisions"}],"predecessor-version":[{"id":43882,"href":"https:\/\/hookahshop.lt\/pl\/wp-json\/wp\/v2\/product\/15151\/revisions\/43882"}],"wp:featuredmedia":[{"embeddable":true,"href":"https:\/\/hookahshop.lt\/pl\/wp-json\/wp\/v2\/media\/34739"}],"wp:attachment":[{"href":"https:\/\/hookahshop.lt\/pl\/wp-json\/wp\/v2\/media?parent=15151"}],"curies":[{"name":"wp","href":"https:\/\/api.w.org\/{rel}","templated":true}]}}