{"id":15224,"date":"2020-12-03T22:41:56","date_gmt":"2020-12-03T20:41:56","guid":{"rendered":"https:\/\/hookahshop.lt\/?post_type=product&#038;p=15224"},"modified":"2026-04-20T23:29:15","modified_gmt":"2026-04-20T20:29:15","slug":"taurele-kaljanui-kong-venom-edition-glaze","status":"publish","type":"product","link":"https:\/\/hookahshop.lt\/pl\/produkt\/szklo-do-szisza-kong-venom-edycja-glazura\/","title":{"rendered":"Kubek do fajki KONG Venom Edition Glaze"},"content":{"rendered":"<h2>Kubek do fajki wodnej Kong Venom Edition Glaze<\/h2>\n<p>Kubki do fajki wodnej KONG produkowane s\u0105 w profesjonalnych kominkach o temperaturze powy\u017cej 1200 stopni, kt\u00f3re nie poch\u0142aniaj\u0105 zapach\u00f3w zu\u017cytego tytoniu. Podczas u\u017cytkowania kubek Kong nie ominie syropu i przez d\u0142ugi czas zachowa sw\u00f3j pierwotny wygl\u0105d. Si\u0142a kielicha jest r\u00f3wna sile kamienia.<\/p>\n<p>KONG VENOM BLACK KILLER to obraz Black Symbiote! Zosta\u0144 cz\u0119\u015bci\u0105 kultowego filmu MARVEL - VENOM! Kubek ma kszta\u0142t czarnego zab\u00f3jcy. \u015awietnie wsp\u00f3\u0142pracuje z \u017caroodpornym i mocnym tytoniem, nagrzewa si\u0119 w 3-4 minuty. Idealnie \u0142\u0105czy si\u0119 z kalaud i obiecuje d\u0142ugi proces w\u0119dzenia. Poczuj moc Venom na swojej fajce wodnej!<br \/>\nCzas palenia: 70 - 90 min<br \/>\nSpo\u017cycie tytoniu: 18 - 22 g<\/p>\n<p>Czy masz jakie\u015b pytania? Skontaktuj si\u0119 z nami <a href=\"https:\/\/hookahshop.lt\/pl\/lacznosc\/\">strona z kontaktami<\/a> lub napisz do nas na adres <a href=\"https:\/\/facebook.com\/HookahShop.lt\/\" target=\"_blank\" rel=\"noopener noreferrer\">konto na Facebooku<\/a> a my odpowiemy na Twoj\u0105 pro\u015bb\u0119 tego samego dnia.<\/p>","protected":false},"excerpt":{"rendered":"<p>Miseczki do fajki wodnej Kong Venom Edition Glaze Miseczki do fajek KONG powstaj\u0105 w profesjonalnych piecach o temperaturach powy\u017cej 1200 stopni, kt\u00f3re nie poch\u0142aniaj\u0105 zapachu zu\u017cytego tytoniu. Podczas u\u017cytkowania kubek \u201eKong\u201d nie wycieknie syropu i na d\u0142ugo zachowa sw\u00f3j pierwotny wygl\u0105d. Si\u0142a kielicha r\u00f3wna jest sile kamienia. KONG VENOM BLACK KILLER wyst\u0119puje w postaci Czarnego Symbionta! B\u0105d\u017a cz\u0119\u015bci\u0105 kultowego filmu MARVEL - VENOM! Fili\u017canka [\u2026]<\/p>","protected":false},"featured_media":15228,"comment_status":"open","ping_status":"closed","template":"","meta":[],"_links":{"self":[{"href":"https:\/\/hookahshop.lt\/pl\/wp-json\/wp\/v2\/product\/15224"}],"collection":[{"href":"https:\/\/hookahshop.lt\/pl\/wp-json\/wp\/v2\/product"}],"about":[{"href":"https:\/\/hookahshop.lt\/pl\/wp-json\/wp\/v2\/types\/product"}],"replies":[{"embeddable":true,"href":"https:\/\/hookahshop.lt\/pl\/wp-json\/wp\/v2\/comments?post=15224"}],"version-history":[{"count":3,"href":"https:\/\/hookahshop.lt\/pl\/wp-json\/wp\/v2\/product\/15224\/revisions"}],"predecessor-version":[{"id":29805,"href":"https:\/\/hookahshop.lt\/pl\/wp-json\/wp\/v2\/product\/15224\/revisions\/29805"}],"wp:featuredmedia":[{"embeddable":true,"href":"https:\/\/hookahshop.lt\/pl\/wp-json\/wp\/v2\/media\/15228"}],"wp:attachment":[{"href":"https:\/\/hookahshop.lt\/pl\/wp-json\/wp\/v2\/media?parent=15224"}],"curies":[{"name":"wp","href":"https:\/\/api.w.org\/{rel}","templated":true}]}}