{"id":15242,"date":"2020-12-04T00:40:17","date_gmt":"2020-12-03T22:40:17","guid":{"rendered":"https:\/\/hookahshop.lt\/?post_type=product&#038;p=15242"},"modified":"2026-05-13T23:29:32","modified_gmt":"2026-05-13T20:29:32","slug":"taurele-kaljanui-kong-lava-bubble","status":"publish","type":"product","link":"https:\/\/hookahshop.lt\/pl\/produkt\/filizanka-szisza-kong-banka-lawy\/","title":{"rendered":"Kubek do fajki wodnej KONG Lava Bubble"},"content":{"rendered":"<h2>Kubek do fajki wodnej Kong Lava Bubble<\/h2>\n<p>Kubek Kong Lava to kubek typu zab\u00f3jca, jest to nowo\u015b\u0107 na rynku. Ta miseczka do fajki wodnej Kong Lava Bubble dzi\u0119ki unikalnemu po\u0142\u0105czeniu kszta\u0142tu i koloru wyr\u00f3\u017cnia si\u0119 jako\u015bci\u0105 i charakterystyk\u0105 przekazywanego smaku. Ten gliniany kubek ma cienkie \u015bcianki, kt\u00f3re pozwalaj\u0105 z \u0142atwo\u015bci\u0105 kontrolowa\u0107 ciep\u0142o i cieszy\u0107 si\u0119 pe\u0142n\u0105 przyjemno\u015bci\u0105 fajki wodnej. Wysokiej jako\u015bci kubek Kong ma nie tylko wyj\u0105tkowy design, ale tak\u017ce trwa\u0142e w\u0142a\u015bciwo\u015bci. Cienkie \u015bcianki nie oznaczaj\u0105, \u017ce z kubka wkr\u00f3tce zacznie wycieka\u0107 syrop, bo firma Kong dba o to, aby ich kubki pos\u0142u\u017cy\u0142y d\u0142ugo.<\/p>\n<p>Czy masz jakie\u015b pytania? Skontaktuj si\u0119 z nami <a href=\"https:\/\/hookahshop.lt\/pl\/lacznosc\/\">strona z kontaktami<\/a> lub napisz do nas na adres <a href=\"https:\/\/facebook.com\/HookahShop.lt\/\" target=\"_blank\" rel=\"noopener noreferrer\">konto na Facebooku<\/a> a my odpowiemy na Twoj\u0105 pro\u015bb\u0119 tego samego dnia.<\/p>","protected":false},"excerpt":{"rendered":"<p>Miska na fajk\u0119 wodn\u0105 Kong Lava Bubble Miska Kong Lava to miska typu zab\u00f3jca, jest to nowo\u015b\u0107 na rynku. Ta miseczka do fajki wodnej Kong Lava Bubble dzi\u0119ki unikalnemu po\u0142\u0105czeniu kszta\u0142tu i koloru wyr\u00f3\u017cnia si\u0119 jako\u015bci\u0105 i charakterystyk\u0105 przekazywanego smaku. Ten gliniany kubek ma cienkie \u015bcianki, kt\u00f3re pozwalaj\u0105 z \u0142atwo\u015bci\u0105 kontrolowa\u0107 ciep\u0142o i cieszy\u0107 si\u0119 pe\u0142n\u0105 przyjemno\u015bci\u0105 fajki wodnej. Kubek najwy\u017cszej jako\u015bci [\u2026]<\/p>","protected":false},"featured_media":15244,"comment_status":"open","ping_status":"closed","template":"","meta":[],"_links":{"self":[{"href":"https:\/\/hookahshop.lt\/pl\/wp-json\/wp\/v2\/product\/15242"}],"collection":[{"href":"https:\/\/hookahshop.lt\/pl\/wp-json\/wp\/v2\/product"}],"about":[{"href":"https:\/\/hookahshop.lt\/pl\/wp-json\/wp\/v2\/types\/product"}],"replies":[{"embeddable":true,"href":"https:\/\/hookahshop.lt\/pl\/wp-json\/wp\/v2\/comments?post=15242"}],"version-history":[{"count":2,"href":"https:\/\/hookahshop.lt\/pl\/wp-json\/wp\/v2\/product\/15242\/revisions"}],"predecessor-version":[{"id":20959,"href":"https:\/\/hookahshop.lt\/pl\/wp-json\/wp\/v2\/product\/15242\/revisions\/20959"}],"wp:featuredmedia":[{"embeddable":true,"href":"https:\/\/hookahshop.lt\/pl\/wp-json\/wp\/v2\/media\/15244"}],"wp:attachment":[{"href":"https:\/\/hookahshop.lt\/pl\/wp-json\/wp\/v2\/media?parent=15242"}],"curies":[{"name":"wp","href":"https:\/\/api.w.org\/{rel}","templated":true}]}}