{"id":15327,"date":"2020-12-06T17:59:06","date_gmt":"2020-12-06T15:59:06","guid":{"rendered":"https:\/\/hookahshop.lt\/?post_type=product&#038;p=15327"},"modified":"2026-04-15T12:29:16","modified_gmt":"2026-04-15T09:29:16","slug":"taurele-kaljanui-kong-king-kong","status":"publish","type":"product","link":"https:\/\/hookahshop.lt\/pl\/produkt\/szklana-szisza-kong-king-kong\/","title":{"rendered":"Kubek do fajki wodnej KONG King-Kong"},"content":{"rendered":"<h2>Kubek do fajki wodnej KONG King-Kong<\/h2>\n<p>Kubek posiada ekskluzywny design z wizerunkiem postaci z filmu King-Kong. Kubek doskonale odwzorowuje w\u0142a\u015bciwo\u015bci smakowe i pozwala cieszy\u0107 si\u0119 przyjemno\u015bciami p\u0142yn\u0105cymi z fajki wodnej. Kubek doskonale rozprowadza ciep\u0142o, dzi\u0119ki czemu tyto\u0144 b\u0119dzie si\u0119 pali\u0142 r\u00f3wnomiernie. Kubek nadaje si\u0119 zar\u00f3wno do jasnego, jak i ciemnego tytoniu.<\/p>\n<p>Czy masz jakie\u015b pytania? Skontaktuj si\u0119 z nami <a href=\"https:\/\/hookahshop.lt\/pl\/lacznosc\/\">strona z kontaktami<\/a> lub napisz do nas na adres <a href=\"https:\/\/facebook.com\/HookahShop.lt\/\" target=\"_blank\" rel=\"noopener noreferrer\">konto na Facebooku<\/a> a my odpowiemy na Twoj\u0105 pro\u015bb\u0119 tego samego dnia.<\/p>","protected":false},"excerpt":{"rendered":"<p>Kubek do fajki wodnej KONG King-Kong Kubek posiada ekskluzywny design z wizerunkiem postaci z filmu King-Kong. Kubek doskonale odwzorowuje walory smakowe i pozwala cieszy\u0107 si\u0119 przyjemno\u015bciami p\u0142yn\u0105cymi z fajki wodnej. Kubek doskonale rozprowadza ciep\u0142o, dzi\u0119ki czemu tyto\u0144 b\u0119dzie pali\u0142 si\u0119 r\u00f3wnomiernie. Kubek nadaje si\u0119 zar\u00f3wno do jasnego, jak i ciemnego tytoniu. Czy masz jakie\u015b pytania? Skontaktuj si\u0119 z nami na stronie kontaktowej lub napisz do nas na naszym koncie na Facebooku, a my odpowiemy [\u2026]<\/p>","protected":false},"featured_media":15333,"comment_status":"open","ping_status":"closed","template":"","meta":[],"_links":{"self":[{"href":"https:\/\/hookahshop.lt\/pl\/wp-json\/wp\/v2\/product\/15327"}],"collection":[{"href":"https:\/\/hookahshop.lt\/pl\/wp-json\/wp\/v2\/product"}],"about":[{"href":"https:\/\/hookahshop.lt\/pl\/wp-json\/wp\/v2\/types\/product"}],"replies":[{"embeddable":true,"href":"https:\/\/hookahshop.lt\/pl\/wp-json\/wp\/v2\/comments?post=15327"}],"version-history":[{"count":5,"href":"https:\/\/hookahshop.lt\/pl\/wp-json\/wp\/v2\/product\/15327\/revisions"}],"predecessor-version":[{"id":44616,"href":"https:\/\/hookahshop.lt\/pl\/wp-json\/wp\/v2\/product\/15327\/revisions\/44616"}],"wp:featuredmedia":[{"embeddable":true,"href":"https:\/\/hookahshop.lt\/pl\/wp-json\/wp\/v2\/media\/15333"}],"wp:attachment":[{"href":"https:\/\/hookahshop.lt\/pl\/wp-json\/wp\/v2\/media?parent=15327"}],"curies":[{"name":"wp","href":"https:\/\/api.w.org\/{rel}","templated":true}]}}