{"id":15347,"date":"2020-12-07T13:39:58","date_gmt":"2020-12-07T11:39:58","guid":{"rendered":"https:\/\/hookahshop.lt\/?post_type=product&#038;p=15347"},"modified":"2026-04-18T23:28:44","modified_gmt":"2026-04-18T20:28:44","slug":"kaljanas-hoob-mars-black-mini","status":"publish","type":"product","link":"https:\/\/hookahshop.lt\/pl\/produkt\/szisza-hoob-mars-czarna-mini\/","title":{"rendered":"Fajka wodna HOOB Mars Czarna Mini"},"content":{"rendered":"<h2>Hookah Hoob Mars Black Mini<\/h2>\n<p>Hookah Hoob Mars Black Mini z fajki wodnej Black Series zosta\u0142a zaprojektowana na wz\u00f3r tradycyjnej fajki wodnej, produkowana na nowoczesnych maszynach CNC w prowokacyjnej kolorystyce \u2013 matowej czerni i b\u0142yszcz\u0105cego z\u0142ota.<br \/>\nKonstrukcja Hoob Mars Black Mini to po\u0142\u0105czenie tradycyjnych okr\u0105g\u0142ych kszta\u0142t\u00f3w i najwy\u017cszej precyzji nowoczesnych technik in\u017cynierii rysunku 3D. Fajki Hoob \u0142\u0105cz\u0105 w sobie najlepsze cechy klasycznych fajek wodnych z zaletami zaawansowanej technologii produkcji.<br \/>\nPali jak tradycyjna fajka wodna, ale jednocze\u015bnie Hoob Mars Black Mini poka\u017ce, jak technologia mo\u017ce dostosowa\u0107 dyfuzory i magnetyczne z\u0142\u0105cza w\u0119\u017cy, aby fajka wodna sta\u0142a si\u0119 now\u0105 przyjemno\u015bci\u0105 i komfortem. Doskona\u0142y system przep\u0142ywu powietrza i odprowadzania dymu.<br \/>\n\u017badnych szkodliwych pow\u0142ok ani substancji, kt\u00f3re mog\u0105 Ci zaszkodzi\u0107. Dbamy o Twoje zdrowie i \u015brodowisko, dlatego u\u017cywamy tylko czystych materia\u0142\u00f3w i bez barwnik\u00f3w.<br \/>\nKa\u017cda fajka wodna przechodzi kontrol\u0119 jako\u015bci zanim trafi do klienta, dzi\u0119ki czemu mo\u017cemy zaoferowa\u0107 Pa\u0144stwu fajki wodne najwy\u017cszej jako\u015bci na rynku.<\/p>\n<p>Dane techniczne Hoob Mars Black Mini:<br \/>\nTrzpie\u0144 ze stali nierdzewnej ze specjaln\u0105 z\u0142ot\u0105 pow\u0142ok\u0105 i czarnym anodyzowanym aluminium.<br \/>\nPo\u0142\u0105czenie masztu z podstaw\u0105 za pomoc\u0105 przelotki.<br \/>\nPort w\u0119\u017ca magnetycznego.<br \/>\nWysoko\u015b\u0107: 43 cm;<br \/>\nDolna cz\u0119\u015b\u0107: \u00d813mm;<br \/>\nZ\u0142\u0105czki do w\u0119\u017cy: \u00d810mm;<br \/>\nZaw\u00f3r wylotowy.<br \/>\nObudowa z w\u0142\u00f3kna w\u0119glowego ze stali nierdzewnej.<br \/>\nOpcjonalny regulowany dyfuzor.<\/p>\n<p><strong>Ekwipunek:<\/strong><br \/>\nWa\u0142<br \/>\nTalerz<br \/>\nKolba nie jest do\u0142\u0105czona<\/p>\n<p>Czy masz jakie\u015b pytania? Skontaktuj si\u0119 z nami <a href=\"https:\/\/hookahshop.lt\/pl\/lacznosc\/\">strona z kontaktami<\/a> lub napisz do nas na adres <a href=\"https:\/\/facebook.com\/HookahShop.lt\/\" target=\"_blank\" rel=\"noopener noreferrer\">konto na Facebooku<\/a> a my odpowiemy na Twoj\u0105 pro\u015bb\u0119 tego samego dnia.<\/p>","protected":false},"excerpt":{"rendered":"<p>Hookah Hoob Mars Black Mini Hookah Hoob Mars Black Mini z fajek wodnych Black Series zosta\u0142a zaprojektowana na wz\u00f3r tradycyjnej fajki wodnej, produkowana na nowoczesnych maszynach CNC w prowokacyjnej kolorystyce \u2013 matowej czerni i b\u0142yszcz\u0105cego z\u0142ota. Konstrukcja Hoob Mars Black Mini to po\u0142\u0105czenie tradycyjnych okr\u0105g\u0142ych kszta\u0142t\u00f3w i najwy\u017cszej precyzji nowoczesnych technik in\u017cynierii rysunku 3D. Szisza Hoob \u0142\u0105czy w sobie najlepsze [\u2026]<\/p>","protected":false},"featured_media":15348,"comment_status":"open","ping_status":"closed","template":"","meta":[],"_links":{"self":[{"href":"https:\/\/hookahshop.lt\/pl\/wp-json\/wp\/v2\/product\/15347"}],"collection":[{"href":"https:\/\/hookahshop.lt\/pl\/wp-json\/wp\/v2\/product"}],"about":[{"href":"https:\/\/hookahshop.lt\/pl\/wp-json\/wp\/v2\/types\/product"}],"replies":[{"embeddable":true,"href":"https:\/\/hookahshop.lt\/pl\/wp-json\/wp\/v2\/comments?post=15347"}],"version-history":[{"count":5,"href":"https:\/\/hookahshop.lt\/pl\/wp-json\/wp\/v2\/product\/15347\/revisions"}],"predecessor-version":[{"id":35944,"href":"https:\/\/hookahshop.lt\/pl\/wp-json\/wp\/v2\/product\/15347\/revisions\/35944"}],"wp:featuredmedia":[{"embeddable":true,"href":"https:\/\/hookahshop.lt\/pl\/wp-json\/wp\/v2\/media\/15348"}],"wp:attachment":[{"href":"https:\/\/hookahshop.lt\/pl\/wp-json\/wp\/v2\/media?parent=15347"}],"curies":[{"name":"wp","href":"https:\/\/api.w.org\/{rel}","templated":true}]}}