{"id":15644,"date":"2020-12-16T21:02:18","date_gmt":"2020-12-16T19:02:18","guid":{"rendered":"https:\/\/hookahshop.lt\/?post_type=product&#038;p=15644"},"modified":"2026-04-18T23:28:49","modified_gmt":"2026-04-18T20:28:49","slug":"union-hookah-sleek-exotic-wood","status":"publish","type":"product","link":"https:\/\/hookahshop.lt\/pl\/produkt\/union-hookah-eleganckie-egzotyczne-drewno\/","title":{"rendered":"Fajka wodna UNION HOOKAH Eleganckie drewno egzotyczne"},"content":{"rendered":"<h2>Fajka wodna UNION HOOKAH Eleganckie drewno egzotyczne<\/h2>\n<p>model jest obecny na rynku rosyjskim od jakiego\u015b czasu i fascynuje wyj\u0105tkowym designem i \u015bwietnymi opcjami kolorystycznymi! Niezale\u017cnie od tego, czy jest to prosty projekt z drewna, niezwyk\u0142e projekty z laminatu, czy bardzo popularne projekty hybrydowe wykonane z \u017cywicy epoksydowej i drewna, Union Hookah naprawd\u0119 ma co\u015b dla ka\u017cdego mi\u0142o\u015bnika fajki wodnej!<\/p>\n<p>Specyfikacje:<\/p>\n<p>Wysoko\u015b\u0107: 50 cm<br \/>\nKraj: Rosja<br \/>\nProjekt: epoksydowy<br \/>\nKolba: Brak<br \/>\nUstnik i w\u0105\u017c: dost\u0119pne<\/p>\n<p>Czy masz jakie\u015b pytania? Skontaktuj si\u0119 z nami <a href=\"https:\/\/hookahshop.lt\/pl\/lacznosc\/\">strona z kontaktami<\/a> lub napisz do nas na adres <a href=\"https:\/\/facebook.com\/HookahShop.lt\/\" target=\"_blank\" rel=\"noopener noreferrer\">konto na Facebooku<\/a> a my odpowiemy na Twoj\u0105 pro\u015bb\u0119 tego samego dnia.<\/p>","protected":false},"excerpt":{"rendered":"<p>Fajka wodna UNION HOOKAH Model Sleek Exotic Wood jest obecny na rynku rosyjskim ju\u017c od jakiego\u015b czasu i fascynuje swoim wyj\u0105tkowym designem i \u015bwietnymi opcjami kolorystycznymi! Niezale\u017cnie od tego, czy jest to prosty projekt z drewna, niezwyk\u0142e projekty z laminatu, czy bardzo popularne projekty hybrydowe wykonane z \u017cywicy epoksydowej i drewna, Union Hookah naprawd\u0119 ma co\u015b dla ka\u017cdego mi\u0142o\u015bnika fajki wodnej! Dane techniczne: Wysoko\u015b\u0107: 50 cm Kraj: Rosja [\u2026]<\/p>","protected":false},"featured_media":21299,"comment_status":"open","ping_status":"closed","template":"","meta":[],"_links":{"self":[{"href":"https:\/\/hookahshop.lt\/pl\/wp-json\/wp\/v2\/product\/15644"}],"collection":[{"href":"https:\/\/hookahshop.lt\/pl\/wp-json\/wp\/v2\/product"}],"about":[{"href":"https:\/\/hookahshop.lt\/pl\/wp-json\/wp\/v2\/types\/product"}],"replies":[{"embeddable":true,"href":"https:\/\/hookahshop.lt\/pl\/wp-json\/wp\/v2\/comments?post=15644"}],"version-history":[{"count":4,"href":"https:\/\/hookahshop.lt\/pl\/wp-json\/wp\/v2\/product\/15644\/revisions"}],"predecessor-version":[{"id":33219,"href":"https:\/\/hookahshop.lt\/pl\/wp-json\/wp\/v2\/product\/15644\/revisions\/33219"}],"wp:featuredmedia":[{"embeddable":true,"href":"https:\/\/hookahshop.lt\/pl\/wp-json\/wp\/v2\/media\/21299"}],"wp:attachment":[{"href":"https:\/\/hookahshop.lt\/pl\/wp-json\/wp\/v2\/media?parent=15644"}],"curies":[{"name":"wp","href":"https:\/\/api.w.org\/{rel}","templated":true}]}}