{"id":15652,"date":"2020-12-16T21:09:22","date_gmt":"2020-12-16T19:09:22","guid":{"rendered":"https:\/\/hookahshop.lt\/?post_type=product&#038;p=15652"},"modified":"2026-05-13T23:29:10","modified_gmt":"2026-05-13T20:29:10","slug":"kaljanas-union-hookah-sleek-black-silver","status":"publish","type":"product","link":"https:\/\/hookahshop.lt\/pl\/produkt\/szisza-union-hh-sleek-standard\/","title":{"rendered":"Szisza szisza UNION Elegancka czarna srebrna"},"content":{"rendered":"<h2>Szisza szisza UNION Elegancka czarna srebrna<\/h2>\n<p>Model jest obecny na rynku rosyjskim od jakiego\u015b czasu i fascynuje wyj\u0105tkowym designem i \u015bwietnymi opcjami kolorystycznymi! Niezale\u017cnie od tego, czy jest to prosty projekt z drewna, niezwyk\u0142e projekty z laminatu, czy bardzo popularne projekty hybrydowe wykonane z \u017cywicy epoksydowej i drewna, Union Hookah naprawd\u0119 ma co\u015b dla ka\u017cdego mi\u0142o\u015bnika fajki wodnej!<\/p>\n<p><strong>Specyfikacje:<\/strong><br \/>\nWysoko\u015b\u0107: 50 cm<br \/>\nKraj: Rosja<br \/>\nProjekt: epoksydowy<br \/>\nKolba: Brak<br \/>\nUstnik i w\u0105\u017c: dost\u0119pne<\/p>\n<p><img decoding=\"async\" loading=\"lazy\" class=\"alignnone size-medium wp-image-38521\" src=\"https:\/\/hookahshop.lt\/wp-content\/uploads\/2020\/09\/stiebas-zarna-kandiklis-1-300x273.jpg\" alt=\"- hookahshop.lt\" width=\"300\" height=\"273\" srcset=\"https:\/\/hookahshop.lt\/wp-content\/uploads\/2020\/09\/stiebas-zarna-kandiklis-1-300x273.jpg 300w, https:\/\/hookahshop.lt\/wp-content\/uploads\/2020\/09\/stiebas-zarna-kandiklis-1-13x12.jpg 13w, https:\/\/hookahshop.lt\/wp-content\/uploads\/2020\/09\/stiebas-zarna-kandiklis-1-64x58.jpg 64w, https:\/\/hookahshop.lt\/wp-content\/uploads\/2020\/09\/stiebas-zarna-kandiklis-1.jpg 420w\" sizes=\"(max-width: 300px) 100vw, 300px\" title=\"\"><\/p>\n<p>Czy masz jakie\u015b pytania? Skontaktuj si\u0119 z nami <a href=\"https:\/\/hookahshop.lt\/pl\/lacznosc\/\">strona z kontaktami<\/a> lub napisz do nas na adres <a href=\"https:\/\/facebook.com\/HookahShop.lt\/\" target=\"_blank\" rel=\"noopener noreferrer\">konto na Facebooku<\/a> a my odpowiemy na Twoj\u0105 pro\u015bb\u0119 tego samego dnia.<\/p>","protected":false},"excerpt":{"rendered":"<p>Hookah UNION HOOKAH Sleek Black Silver Model jest na rynku rosyjskim od jakiego\u015b czasu i zachwyca swoim wyj\u0105tkowym wzornictwem i wspania\u0142ymi opcjami kolorystycznymi! Niezale\u017cnie od tego, czy s\u0105 to proste wzory z drewna, niezwyk\u0142e modele laminowane, czy bardzo popularne wzory hybrydowe wykonane z \u017cywicy epoksydowej i drewna, Union Hookah zdecydowanie ma co\u015b dla ka\u017cdego mi\u0142o\u015bnika shishy! Specyfikacje: Wysoko\u015b\u0107: 50 cm Kraj: Rosja [\u2026]<\/p>","protected":false},"featured_media":21295,"comment_status":"open","ping_status":"closed","template":"","meta":[],"_links":{"self":[{"href":"https:\/\/hookahshop.lt\/pl\/wp-json\/wp\/v2\/product\/15652"}],"collection":[{"href":"https:\/\/hookahshop.lt\/pl\/wp-json\/wp\/v2\/product"}],"about":[{"href":"https:\/\/hookahshop.lt\/pl\/wp-json\/wp\/v2\/types\/product"}],"replies":[{"embeddable":true,"href":"https:\/\/hookahshop.lt\/pl\/wp-json\/wp\/v2\/comments?post=15652"}],"version-history":[{"count":8,"href":"https:\/\/hookahshop.lt\/pl\/wp-json\/wp\/v2\/product\/15652\/revisions"}],"predecessor-version":[{"id":45375,"href":"https:\/\/hookahshop.lt\/pl\/wp-json\/wp\/v2\/product\/15652\/revisions\/45375"}],"wp:featuredmedia":[{"embeddable":true,"href":"https:\/\/hookahshop.lt\/pl\/wp-json\/wp\/v2\/media\/21295"}],"wp:attachment":[{"href":"https:\/\/hookahshop.lt\/pl\/wp-json\/wp\/v2\/media?parent=15652"}],"curies":[{"name":"wp","href":"https:\/\/api.w.org\/{rel}","templated":true}]}}