{"id":15656,"date":"2020-12-16T21:31:37","date_gmt":"2020-12-16T19:31:37","guid":{"rendered":"https:\/\/hookahshop.lt\/?post_type=product&#038;p=15656"},"modified":"2026-04-18T23:28:44","modified_gmt":"2026-04-18T20:28:44","slug":"kaljanas-hoob-go-on-black","status":"publish","type":"product","link":"https:\/\/hookahshop.lt\/pl\/produkt\/fajka-hoob-go-on-black\/","title":{"rendered":"Kaljanas HOOB GO ON czarny"},"content":{"rendered":"<h2>Kaljanas HOOB GO ON czarny<\/h2>\n<p>Hoob Go On to \u015bwietny wyb\u00f3r, je\u015bli dopiero zaczynasz interesowa\u0107 si\u0119 sztuk\u0105 i kultur\u0105 fajki wodnej. Ta fajka b\u0119dzie dobrze pasowa\u0107 do naszych z\u0142otych fundament\u00f3w.<\/p>\n<p>Nieu\u017cywany plastik<br \/>\nWyko\u0144czenie karbonowe<br \/>\nOpcjonalnie regulowany przep\u0142yw powietrza<br \/>\nMagnetyczne z\u0142\u0105cze w\u0119\u017ca<br \/>\nWygodny i \u0142atwy w u\u017cyciu<\/p>\n<p><strong>Ekwipunek:<\/strong><br \/>\nWa\u0142<br \/>\nTalerz<br \/>\nKolba nie jest do\u0142\u0105czona<\/p>\n<p>Czy masz jakie\u015b pytania? Skontaktuj si\u0119 z nami <a href=\"https:\/\/hookahshop.lt\/pl\/lacznosc\/\">strona z kontaktami<\/a> lub napisz do nas na adres <a href=\"https:\/\/facebook.com\/HookahShop.lt\/\" target=\"_blank\" rel=\"noopener noreferrer\">konto na Facebooku<\/a> a my odpowiemy na Twoj\u0105 pro\u015bb\u0119 tego samego dnia.<\/p>","protected":false},"excerpt":{"rendered":"<p>Hookah HOOB GO ON czarny \u201eHoob Go On\u201d to \u015bwietny wyb\u00f3r, je\u015bli dopiero zaczynasz interesowa\u0107 si\u0119 sztuk\u0105 i kultur\u0105 fajek wodnych. Ta fajka wodna idealnie pasuje do naszych z\u0142otych podstaw. Wyko\u0144czenie z w\u0142\u00f3kna w\u0119glowego bez plastiku Opcjonalnie regulowany przep\u0142yw powietrza Magnetyczne przy\u0142\u0105cze w\u0119\u017ca Wygodny i \u0142atwy w u\u017cyciu Zawarto\u015b\u0107 opakowania: P\u0142yta wa\u0142u Kolba nie jest do\u0142\u0105czona Masz jakie\u015b pytania? Skontaktuj si\u0119 z nami na stronie kontaktowej lub [\u2026]<\/p>","protected":false},"featured_media":15657,"comment_status":"open","ping_status":"closed","template":"","meta":[],"_links":{"self":[{"href":"https:\/\/hookahshop.lt\/pl\/wp-json\/wp\/v2\/product\/15656"}],"collection":[{"href":"https:\/\/hookahshop.lt\/pl\/wp-json\/wp\/v2\/product"}],"about":[{"href":"https:\/\/hookahshop.lt\/pl\/wp-json\/wp\/v2\/types\/product"}],"replies":[{"embeddable":true,"href":"https:\/\/hookahshop.lt\/pl\/wp-json\/wp\/v2\/comments?post=15656"}],"version-history":[{"count":5,"href":"https:\/\/hookahshop.lt\/pl\/wp-json\/wp\/v2\/product\/15656\/revisions"}],"predecessor-version":[{"id":42081,"href":"https:\/\/hookahshop.lt\/pl\/wp-json\/wp\/v2\/product\/15656\/revisions\/42081"}],"wp:featuredmedia":[{"embeddable":true,"href":"https:\/\/hookahshop.lt\/pl\/wp-json\/wp\/v2\/media\/15657"}],"wp:attachment":[{"href":"https:\/\/hookahshop.lt\/pl\/wp-json\/wp\/v2\/media?parent=15656"}],"curies":[{"name":"wp","href":"https:\/\/api.w.org\/{rel}","templated":true}]}}