{"id":15660,"date":"2020-12-16T21:46:24","date_gmt":"2020-12-16T19:46:24","guid":{"rendered":"https:\/\/hookahshop.lt\/?post_type=product&#038;p=15660"},"modified":"2026-04-15T23:28:51","modified_gmt":"2026-04-15T20:28:51","slug":"kaljanas-karma-hookah-3-0","status":"publish","type":"product","link":"https:\/\/hookahshop.lt\/pl\/produkt\/fajka-wodna-karma-szisza-3-0\/","title":{"rendered":"Kaljanas KARMA HOOKAH 3.0"},"content":{"rendered":"<h2>Kaljanas KARMA HOOKAH 3.0<\/h2>\n<p>Wa\u0142 KARMA HOOKAH jest wyposa\u017cony w wyko\u0144czenie z naturalnego drewna, anodowany stop aluminium i rur\u0119 ze stali nierdzewnej klasy medycznej. Optymalna \u015brednica \u0142odygi fajki wodnej pozwoli do\u015bwiadczonym koneserom cieszy\u0107 si\u0119 oryginalnym smakiem i aromatem.<\/p>\n<p>\u015arednica wa\u0142u: 14mm.<br \/>\nWysoko\u015b\u0107: 65cm.<br \/>\nMateria\u0142 wa\u0142u: stal nierdzewna.<br \/>\nWyko\u0144czenie trzonu: drewno.<\/p>\n<p><img decoding=\"async\" loading=\"lazy\" class=\"alignnone size-medium wp-image-38600\" src=\"https:\/\/hookahshop.lt\/wp-content\/uploads\/2021\/08\/taurele-stiebas-1-300x273.jpg\" alt=\"- hookahshop.lt\" width=\"300\" height=\"273\" srcset=\"https:\/\/hookahshop.lt\/wp-content\/uploads\/2021\/08\/taurele-stiebas-1-300x273.jpg 300w, https:\/\/hookahshop.lt\/wp-content\/uploads\/2021\/08\/taurele-stiebas-1-13x12.jpg 13w, https:\/\/hookahshop.lt\/wp-content\/uploads\/2021\/08\/taurele-stiebas-1-64x58.jpg 64w, https:\/\/hookahshop.lt\/wp-content\/uploads\/2021\/08\/taurele-stiebas-1.jpg 420w\" sizes=\"(max-width: 300px) 100vw, 300px\" title=\"\"><\/p>\n<p>Czy masz jakie\u015b pytania? Skontaktuj si\u0119 z nami <a href=\"https:\/\/hookahshop.lt\/pl\/lacznosc\/\">strona z kontaktami<\/a> lub napisz do nas na adres <a href=\"https:\/\/facebook.com\/HookahShop.lt\/\" target=\"_blank\" rel=\"noopener noreferrer\">konto na Facebooku<\/a> a my odpowiemy na Twoj\u0105 pro\u015bb\u0119 tego samego dnia.<\/p>\n<p>&nbsp;<\/p>","protected":false},"excerpt":{"rendered":"<p>Fajka wodna KARMA HOOKAH 3.0 Trzon KARMA HOOKAH ma wyko\u0144czenie z naturalnego drewna, anodyzowany stop aluminium i rurk\u0119 ze stali nierdzewnej klasy medycznej. Optymalna \u015brednica trzonka fajki wodnej pozwoli do\u015bwiadczonym koneserom cieszy\u0107 si\u0119 oryginalnym smakiem i aromatem. \u015arednica wa\u0142u: 14mm. Wysoko\u015b\u0107: 65cm. Materia\u0142 wa\u0142u: stal nierdzewna. Wyko\u0144czenie trzonka: drewno. Czy masz jakie\u015b pytania? Skontaktuj si\u0119 z nami na stronie kontaktowej lub napisz do nas [...]<\/p>","protected":false},"featured_media":15662,"comment_status":"open","ping_status":"closed","template":"","meta":[],"_links":{"self":[{"href":"https:\/\/hookahshop.lt\/pl\/wp-json\/wp\/v2\/product\/15660"}],"collection":[{"href":"https:\/\/hookahshop.lt\/pl\/wp-json\/wp\/v2\/product"}],"about":[{"href":"https:\/\/hookahshop.lt\/pl\/wp-json\/wp\/v2\/types\/product"}],"replies":[{"embeddable":true,"href":"https:\/\/hookahshop.lt\/pl\/wp-json\/wp\/v2\/comments?post=15660"}],"version-history":[{"count":8,"href":"https:\/\/hookahshop.lt\/pl\/wp-json\/wp\/v2\/product\/15660\/revisions"}],"predecessor-version":[{"id":45739,"href":"https:\/\/hookahshop.lt\/pl\/wp-json\/wp\/v2\/product\/15660\/revisions\/45739"}],"wp:featuredmedia":[{"embeddable":true,"href":"https:\/\/hookahshop.lt\/pl\/wp-json\/wp\/v2\/media\/15662"}],"wp:attachment":[{"href":"https:\/\/hookahshop.lt\/pl\/wp-json\/wp\/v2\/media?parent=15660"}],"curies":[{"name":"wp","href":"https:\/\/api.w.org\/{rel}","templated":true}]}}