{"id":15665,"date":"2020-12-16T21:54:57","date_gmt":"2020-12-16T19:54:57","guid":{"rendered":"https:\/\/hookahshop.lt\/?post_type=product&#038;p=15665"},"modified":"2026-04-20T23:29:00","modified_gmt":"2026-04-20T20:29:00","slug":"kaljanas-union-h-standard-coffee","status":"publish","type":"product","link":"https:\/\/hookahshop.lt\/pl\/produkt\/szisza-union-h-standardowa-kawa\/","title":{"rendered":"Hookah UNION HOOKAH Elegancka standardowa kawa"},"content":{"rendered":"<h2>Hookah UNION HOOKAH Elegancka standardowa kawa<\/h2>\n<p>model jest obecny na rynku rosyjskim od jakiego\u015b czasu i fascynuje wyj\u0105tkowym designem i \u015bwietnymi opcjami kolorystycznymi! Niezale\u017cnie od tego, czy jest to prosty projekt z drewna, niezwyk\u0142e projekty z laminatu, czy bardzo popularne projekty hybrydowe wykonane z \u017cywicy epoksydowej i drewna, Union Hookah naprawd\u0119 ma co\u015b dla ka\u017cdego mi\u0142o\u015bnika fajki wodnej!<\/p>\n<p>Specyfikacje:<\/p>\n<p>Wysoko\u015b\u0107: 50 cm<br \/>\nKraj: Rosja<br \/>\nProjekt: epoksydowy<br \/>\nKolba: Brak<br \/>\nUstnik i w\u0105\u017c: dost\u0119pne<br \/>\n<img decoding=\"async\" loading=\"lazy\" class=\"alignnone size-medium wp-image-38521\" src=\"https:\/\/hookahshop.lt\/wp-content\/uploads\/2020\/09\/stiebas-zarna-kandiklis-1-300x273.jpg\" alt=\"- hookahshop.lt\" width=\"300\" height=\"273\" srcset=\"https:\/\/hookahshop.lt\/wp-content\/uploads\/2020\/09\/stiebas-zarna-kandiklis-1-300x273.jpg 300w, https:\/\/hookahshop.lt\/wp-content\/uploads\/2020\/09\/stiebas-zarna-kandiklis-1-13x12.jpg 13w, https:\/\/hookahshop.lt\/wp-content\/uploads\/2020\/09\/stiebas-zarna-kandiklis-1-64x58.jpg 64w, https:\/\/hookahshop.lt\/wp-content\/uploads\/2020\/09\/stiebas-zarna-kandiklis-1.jpg 420w\" sizes=\"(max-width: 300px) 100vw, 300px\" title=\"\"><\/p>\n<p>Czy masz jakie\u015b pytania? Skontaktuj si\u0119 z nami <a href=\"https:\/\/hookahshop.lt\/pl\/lacznosc\/\">strona z kontaktami<\/a> lub napisz do nas na adres <a href=\"https:\/\/facebook.com\/HookahShop.lt\/\" target=\"_blank\" rel=\"noopener noreferrer\">konto na Facebooku<\/a> a my odpowiemy na Twoj\u0105 pro\u015bb\u0119 tego samego dnia.<\/p>","protected":false},"excerpt":{"rendered":"<p>Kaljanas UNION HOOKAH Sleek Standard Coffee modelis kur\u012f laik\u0105 buvo Rusijos rinkoje ir \u017eavi savo ypatingu dizainu ir puikiais spalv\u0173 variantais! Nesvarbu, ar tai paprastas med\u017eio dizainas, ar ne\u012fprasti laminato modeliai, ar labai populiar\u016bs hibridiniai dizainai, pagaminti i\u0161 epoksidin\u0117s dervos ir medienos, \u201eUnion Hookah\u201c tikrai turi ka\u017ek\u0105 kiekvienam kaljano m\u0117g\u0117jui! Specifikacijos: Auk\u0161tis: 50cm \u0160alis: Rusija [&hellip;]<\/p>","protected":false},"featured_media":21233,"comment_status":"open","ping_status":"closed","template":"","meta":[],"_links":{"self":[{"href":"https:\/\/hookahshop.lt\/pl\/wp-json\/wp\/v2\/product\/15665"}],"collection":[{"href":"https:\/\/hookahshop.lt\/pl\/wp-json\/wp\/v2\/product"}],"about":[{"href":"https:\/\/hookahshop.lt\/pl\/wp-json\/wp\/v2\/types\/product"}],"replies":[{"embeddable":true,"href":"https:\/\/hookahshop.lt\/pl\/wp-json\/wp\/v2\/comments?post=15665"}],"version-history":[{"count":7,"href":"https:\/\/hookahshop.lt\/pl\/wp-json\/wp\/v2\/product\/15665\/revisions"}],"predecessor-version":[{"id":45273,"href":"https:\/\/hookahshop.lt\/pl\/wp-json\/wp\/v2\/product\/15665\/revisions\/45273"}],"wp:featuredmedia":[{"embeddable":true,"href":"https:\/\/hookahshop.lt\/pl\/wp-json\/wp\/v2\/media\/21233"}],"wp:attachment":[{"href":"https:\/\/hookahshop.lt\/pl\/wp-json\/wp\/v2\/media?parent=15665"}],"curies":[{"name":"wp","href":"https:\/\/api.w.org\/{rel}","templated":true}]}}