{"id":15692,"date":"2020-12-17T00:44:41","date_gmt":"2020-12-16T22:44:41","guid":{"rendered":"https:\/\/hookahshop.lt\/?post_type=product&#038;p=15692"},"modified":"2026-04-15T12:29:18","modified_gmt":"2026-04-15T09:29:18","slug":"taurele-kaljanui-oblako-killer-blue-topaz","status":"publish","type":"product","link":"https:\/\/hookahshop.lt\/pl\/produkt\/filizanka-szisza-chmura-zabojca-niebieski-topaz\/","title":{"rendered":"Kubek do fajki wodnej OBLAKO Killer Blue Topaz"},"content":{"rendered":"<h2>Kubek do fajki wodnej OBLAKO Killer Blue Topaz<\/h2>\n<p>To klasyczna glazurowana fili\u017canka, odpowiednia do wszystkich rodzaj\u00f3w tytoniu, zapewniaj\u0105ca minimaln\u0105 kontrol\u0119 ciep\u0142a!<br \/>\nKubeczek pokryty jest szkliwem, dzi\u0119ki czemu przez d\u0142ugi czas mo\u017ce zachowa\u0107 swoje pierwotne w\u0142a\u015bciwo\u015bci i wygl\u0105d. OBLAKO u\u017cywa tylko przyjaznej dla cz\u0142owieka glazury spo\u017cywczej opracowanej przez partner\u00f3w w wyspecjalizowanych laboratoriach zlokalizowanych w Gzhelskoye, jednym z tradycyjnych o\u015brodk\u00f3w produkcji ceramiki w Rosji.<br \/>\nKubek tytoniu mie\u015bci 25-30 g<\/p>\n<p>Specyfikacje:<br \/>\nWysoko\u015b\u0107: 120 mm<br \/>\n\u015arednica (zewn\u0119trzna): 72 mm<br \/>\n\u015arednica (wewn\u0119trzna): 62 mm<br \/>\nG\u0142\u0119boko\u015b\u0107: 15 mm<br \/>\n\u015arednica otworu: 8 mm<br \/>\nLiczba otwor\u00f3w: 5<br \/>\nWaga: oko\u0142o 197 g.<\/p>\n<p>Czy masz jakie\u015b pytania? Skontaktuj si\u0119 z nami <a href=\"https:\/\/hookahshop.lt\/pl\/lacznosc\/\">strona z kontaktami<\/a> lub napisz do nas na adres <a href=\"https:\/\/facebook.com\/HookahShop.lt\/\" target=\"_blank\" rel=\"noopener noreferrer\">konto na Facebooku<\/a> a my odpowiemy na Twoj\u0105 pro\u015bb\u0119 tego samego dnia.<\/p>","protected":false},"excerpt":{"rendered":"<p>Miska na fajk\u0119 wodn\u0105 OBLAKO Killer Blue Topaz Jest to klasyczna misa przeszklona, odpowiednia do wszystkich rodzaj\u00f3w tytoniu, minimalna kontrola ciep\u0142a! Fili\u017canka pokryta jest szkliwem, dzi\u0119ki czemu przez d\u0142ugi czas zachowuje swoje pierwotne w\u0142a\u015bciwo\u015bci i wygl\u0105d. OBLAKO wykorzystuje wy\u0142\u0105cznie jadalne szkliwo bezpieczne dla cz\u0142owieka, opracowane przez partner\u00f3w w wyspecjalizowanych laboratoriach zlokalizowanych w G\u017celskoje, jednym z tradycyjnych o\u015brodk\u00f3w rosyjskiej produkcji ceramiki. Kubek na tyto\u0144 mie\u015bci [\u2026]<\/p>","protected":false},"featured_media":15693,"comment_status":"open","ping_status":"closed","template":"","meta":[],"_links":{"self":[{"href":"https:\/\/hookahshop.lt\/pl\/wp-json\/wp\/v2\/product\/15692"}],"collection":[{"href":"https:\/\/hookahshop.lt\/pl\/wp-json\/wp\/v2\/product"}],"about":[{"href":"https:\/\/hookahshop.lt\/pl\/wp-json\/wp\/v2\/types\/product"}],"replies":[{"embeddable":true,"href":"https:\/\/hookahshop.lt\/pl\/wp-json\/wp\/v2\/comments?post=15692"}],"version-history":[{"count":5,"href":"https:\/\/hookahshop.lt\/pl\/wp-json\/wp\/v2\/product\/15692\/revisions"}],"predecessor-version":[{"id":23131,"href":"https:\/\/hookahshop.lt\/pl\/wp-json\/wp\/v2\/product\/15692\/revisions\/23131"}],"wp:featuredmedia":[{"embeddable":true,"href":"https:\/\/hookahshop.lt\/pl\/wp-json\/wp\/v2\/media\/15693"}],"wp:attachment":[{"href":"https:\/\/hookahshop.lt\/pl\/wp-json\/wp\/v2\/media?parent=15692"}],"curies":[{"name":"wp","href":"https:\/\/api.w.org\/{rel}","templated":true}]}}