{"id":15835,"date":"2020-12-20T22:53:56","date_gmt":"2020-12-20T20:53:56","guid":{"rendered":"https:\/\/hookahshop.lt\/?post_type=product&#038;p=15835"},"modified":"2026-04-15T23:29:01","modified_gmt":"2026-04-15T20:29:01","slug":"karscio-kamera-zeppelin-in-da-clouds-gold","status":"publish","type":"product","link":"https:\/\/hookahshop.lt\/pl\/produkt\/kamera-termowizyjna-zeppelin-in-da-clouds-gold\/","title":{"rendered":"Kamera termowizyjna ZEPPELIN In Da Clouds Gold"},"content":{"rendered":"<h2>Kamera termowizyjna ZEPPELIN In Da Clouds Gold<\/h2>\n<p>Nowo\u015b\u0107 na rynku kamer termowizyjnych, kamera termowizyjna Zeppelin jest produkowana przez Zidclouds Russia.<br \/>\nTa aluminiowo-tytanowa komora grzewcza Zeppelin jest nie tylko bezpieczna i wygodna w u\u017cyciu, ale tak\u017ce wspania\u0142ym dzie\u0142em sztuki do ozdobienia ulubionego kubka.<\/p>\n<p>Trzy w\u0119gle z \u0142atwo\u015bci\u0105 zmieszcz\u0105 si\u0119 w tej komorze grzewczej i pozwol\u0105 utrzyma\u0107 po\u017c\u0105dan\u0105 i stabiln\u0105 temperatur\u0119.<\/p>\n<p>Czy masz jakie\u015b pytania? Skontaktuj si\u0119 z nami <a href=\"https:\/\/hookahshop.lt\/pl\/lacznosc\/\">strona z kontaktami<\/a> lub napisz do nas na adres <a href=\"https:\/\/facebook.com\/HookahShop.lt\/\" target=\"_blank\" rel=\"noopener noreferrer\">konto na Facebooku<\/a> a my odpowiemy na Twoj\u0105 pro\u015bb\u0119 tego samego dnia.<\/p>","protected":false},"excerpt":{"rendered":"<p>Komora grzewcza ZEPPELIN In Da Clouds Gold Nowo\u015b\u0107 na rynku kom\u00f3r grzewczych, komora grzewcza Zeppelin jest produkowana przez Zidclouds Russia. Ta aluminiowa i pokryta tytanem komora grzewcza Zeppelin jest nie tylko bezpieczna i wygodna w u\u017cyciu, ale jest r\u00f3wnie\u017c wspania\u0142ym dzie\u0142em sztuki, kt\u00f3rym mo\u017cesz ozdobi\u0107 sw\u00f3j ulubiony kubek. Trzy w\u0119gle z \u0142atwo\u015bci\u0105 zmieszcz\u0105 si\u0119 w tej komorze grzewczej i pozwol\u0105 [\u2026]<\/p>","protected":false},"featured_media":15836,"comment_status":"open","ping_status":"closed","template":"","meta":[],"_links":{"self":[{"href":"https:\/\/hookahshop.lt\/pl\/wp-json\/wp\/v2\/product\/15835"}],"collection":[{"href":"https:\/\/hookahshop.lt\/pl\/wp-json\/wp\/v2\/product"}],"about":[{"href":"https:\/\/hookahshop.lt\/pl\/wp-json\/wp\/v2\/types\/product"}],"replies":[{"embeddable":true,"href":"https:\/\/hookahshop.lt\/pl\/wp-json\/wp\/v2\/comments?post=15835"}],"version-history":[{"count":4,"href":"https:\/\/hookahshop.lt\/pl\/wp-json\/wp\/v2\/product\/15835\/revisions"}],"predecessor-version":[{"id":27078,"href":"https:\/\/hookahshop.lt\/pl\/wp-json\/wp\/v2\/product\/15835\/revisions\/27078"}],"wp:featuredmedia":[{"embeddable":true,"href":"https:\/\/hookahshop.lt\/pl\/wp-json\/wp\/v2\/media\/15836"}],"wp:attachment":[{"href":"https:\/\/hookahshop.lt\/pl\/wp-json\/wp\/v2\/media?parent=15835"}],"curies":[{"name":"wp","href":"https:\/\/api.w.org\/{rel}","templated":true}]}}