{"id":15840,"date":"2020-12-20T23:03:52","date_gmt":"2020-12-20T21:03:52","guid":{"rendered":"https:\/\/hookahshop.lt\/?post_type=product&#038;p=15840"},"modified":"2026-04-10T12:51:26","modified_gmt":"2026-04-10T09:51:26","slug":"karscio-kamera-zeppelin-in-da-clouds-bronze","status":"publish","type":"product","link":"https:\/\/hookahshop.lt\/pl\/produkt\/kamera-termowizyjna-zeppelin-in-da-clouds-bronze\/","title":{"rendered":"Gor\u0105ca kamera ZEPPELIN In Da Clouds Bronze"},"content":{"rendered":"<h2>Gor\u0105ca kamera ZEPPELIN In Da Clouds Bronze<\/h2>\n<p>Nowo\u015b\u0107 na rynku kamer termowizyjnych, kamera termowizyjna Zeppelin jest produkowana przez Zidclouds Russia.<br \/>\nTa aluminiowo-tytanowa komora grzewcza Zeppelin jest nie tylko bezpieczna i wygodna w u\u017cyciu, ale tak\u017ce wspania\u0142ym dzie\u0142em sztuki do ozdobienia ulubionego kubka.<\/p>\n<p>Trzy w\u0119gle z \u0142atwo\u015bci\u0105 zmieszcz\u0105 si\u0119 w tej komorze grzewczej i pozwol\u0105 utrzyma\u0107 po\u017c\u0105dan\u0105 i stabiln\u0105 temperatur\u0119.<\/p>\n<p>Czy masz jakie\u015b pytania? Skontaktuj si\u0119 z nami <a href=\"https:\/\/hookahshop.lt\/pl\/lacznosc\/\">strona z kontaktami<\/a> lub napisz do nas na adres <a href=\"https:\/\/facebook.com\/HookahShop.lt\/\" target=\"_blank\" rel=\"noopener\">konto na Facebooku<\/a> a my odpowiemy na Twoj\u0105 pro\u015bb\u0119 tego samego dnia.<\/p>","protected":false},"excerpt":{"rendered":"<p>Komora grzewcza ZEPPELIN w kolorze Da Clouds Bronze Nowo\u015bci\u0105 na rynku kom\u00f3r grzewczych jest komora grzewcza Zeppelin wyprodukowana przez firm\u0119 Zidclouds Russia. Ta komora grzewcza Zeppelin pokryta aluminium i tytanem jest nie tylko bezpieczna i wygodna w u\u017cyciu, ale tak\u017ce wspania\u0142ym dzie\u0142em sztuki do dekoracji ulubionej fili\u017canki. Trzy w\u0119gle z \u0142atwo\u015bci\u0105 zmieszcz\u0105 si\u0119 w tej komorze grzewczej i pozwol\u0105 [\u2026]<\/p>","protected":false},"featured_media":15841,"comment_status":"open","ping_status":"closed","template":"","meta":[],"_links":{"self":[{"href":"https:\/\/hookahshop.lt\/pl\/wp-json\/wp\/v2\/product\/15840"}],"collection":[{"href":"https:\/\/hookahshop.lt\/pl\/wp-json\/wp\/v2\/product"}],"about":[{"href":"https:\/\/hookahshop.lt\/pl\/wp-json\/wp\/v2\/types\/product"}],"replies":[{"embeddable":true,"href":"https:\/\/hookahshop.lt\/pl\/wp-json\/wp\/v2\/comments?post=15840"}],"version-history":[{"count":4,"href":"https:\/\/hookahshop.lt\/pl\/wp-json\/wp\/v2\/product\/15840\/revisions"}],"predecessor-version":[{"id":43982,"href":"https:\/\/hookahshop.lt\/pl\/wp-json\/wp\/v2\/product\/15840\/revisions\/43982"}],"wp:featuredmedia":[{"embeddable":true,"href":"https:\/\/hookahshop.lt\/pl\/wp-json\/wp\/v2\/media\/15841"}],"wp:attachment":[{"href":"https:\/\/hookahshop.lt\/pl\/wp-json\/wp\/v2\/media?parent=15840"}],"curies":[{"name":"wp","href":"https:\/\/api.w.org\/{rel}","templated":true}]}}