{"id":16643,"date":"2020-12-23T17:47:51","date_gmt":"2020-12-23T15:47:51","guid":{"rendered":"https:\/\/hookahshop.lt\/?post_type=product&#038;p=16643"},"modified":"2026-05-13T13:51:22","modified_gmt":"2026-05-13T10:51:22","slug":"kaljanas-amy-deluxe-unio-006-01bk","status":"publish","type":"product","link":"https:\/\/hookahshop.lt\/pl\/produkt\/hookah-amy-deluxe-unio-006-01bk\/","title":{"rendered":"Fajka wodna AMY DELUXE Unio 006-01BK"},"content":{"rendered":"<h2>Fajka wodna AMY DELUXE Unio 006-01BK<\/h2>\n<p>Produkty Amy Deluxe od dawna podbijaj\u0105 serca europejskich nabywc\u00f3w. Wysoka jako\u015b\u0107 produktu i konkurencyjna cena. Projekt zosta\u0142 stworzony przez ekspert\u00f3w z Niemiec i \u0142\u0105czy w sobie praktyczno\u015b\u0107 i nowoczesny wygl\u0105d.<\/p>\n<p>Na pierwszy rzut oka czarna fajka wodna AMY DELUXE UNIO 006.01BK przyci\u0105ga niezwyk\u0142ym designem. Shisha wykonana jest ze stali nierdzewnej i drewna, co nadaje fajce wytrzyma\u0142o\u015b\u0107 i pi\u0119kny wygl\u0105d. Fajka wodna ma du\u017c\u0105 i stabiln\u0105 kolb\u0119. Dla wygody fajka posiada uchwyt na w\u0105\u017c. Wysoko\u015b\u0107 71 cm<\/p>\n<p>Ekwipunek:<\/p>\n<p>Kolba<br \/>\nWa\u0142<br \/>\nAdapter w\u0119\u017ca \u201ez magnesami\u201d<br \/>\nTalerz<br \/>\nKubek \u201eAmy TTST003 Steintabaktopf z Hot Screen\u201d<br \/>\nW\u0105\u017c silikonowy<br \/>\nAluminiowy ustnik<br \/>\nUszczelki do kolb i zlewek<br \/>\nKomin<br \/>\nMarkowe pude\u0142ko<\/p>\n<p>Czy masz jakie\u015b pytania? Skontaktuj si\u0119 z nami\u00a0<a href=\"https:\/\/hookahshop.lt\/pl\/lacznosc\/\">strona z kontaktami<\/a>\u00a0lub napisz do nas na adres\u00a0<a href=\"https:\/\/facebook.com\/HookahShop.lt\/\" target=\"_blank\" rel=\"noopener noreferrer\">konto na Facebooku<\/a>\u00a0a my odpowiemy na Twoj\u0105 pro\u015bb\u0119 tego samego dnia.<\/p>","protected":false},"excerpt":{"rendered":"<p>Fajka wodna AMY DELUXE Unio 006-01BK Produkty \u201eAmy Deluxe\u201d od dawna podbijaj\u0105 serca europejskich nabywc\u00f3w. Wysoka jako\u015b\u0107 produktu i konkurencyjna cena. Projekt zosta\u0142 stworzony przez ekspert\u00f3w z Niemiec i \u0142\u0105czy w sobie praktyczno\u015b\u0107 z nowoczesnym wygl\u0105dem. Czarna fajka wodna AMY DELUXE UNIO 006.01BK na pierwszy rzut oka przyci\u0105ga swoim niecodziennym designem. Trzon fajki wodnej wykonany jest z po\u0142\u0105czenia stali nierdzewnej i drewna, dzi\u0119ki czemu fajka wodna [...]<\/p>","protected":false},"featured_media":18007,"comment_status":"open","ping_status":"closed","template":"","meta":[],"_links":{"self":[{"href":"https:\/\/hookahshop.lt\/pl\/wp-json\/wp\/v2\/product\/16643"}],"collection":[{"href":"https:\/\/hookahshop.lt\/pl\/wp-json\/wp\/v2\/product"}],"about":[{"href":"https:\/\/hookahshop.lt\/pl\/wp-json\/wp\/v2\/types\/product"}],"replies":[{"embeddable":true,"href":"https:\/\/hookahshop.lt\/pl\/wp-json\/wp\/v2\/comments?post=16643"}],"version-history":[{"count":4,"href":"https:\/\/hookahshop.lt\/pl\/wp-json\/wp\/v2\/product\/16643\/revisions"}],"predecessor-version":[{"id":32293,"href":"https:\/\/hookahshop.lt\/pl\/wp-json\/wp\/v2\/product\/16643\/revisions\/32293"}],"wp:featuredmedia":[{"embeddable":true,"href":"https:\/\/hookahshop.lt\/pl\/wp-json\/wp\/v2\/media\/18007"}],"wp:attachment":[{"href":"https:\/\/hookahshop.lt\/pl\/wp-json\/wp\/v2\/media?parent=16643"}],"curies":[{"name":"wp","href":"https:\/\/api.w.org\/{rel}","templated":true}]}}