{"id":16721,"date":"2020-12-23T22:51:30","date_gmt":"2020-12-23T20:51:30","guid":{"rendered":"https:\/\/hookahshop.lt\/?post_type=product&#038;p=16721"},"modified":"2026-04-24T23:28:48","modified_gmt":"2026-04-24T20:28:48","slug":"kaljanas-amy-deluxe-amy069-02-silver","status":"publish","type":"product","link":"https:\/\/hookahshop.lt\/pl\/produkt\/fajka-wodna-amy-deluxe-amy069-02-srebrna\/","title":{"rendered":"Fajka wodna AMY DELUXE AMY069-02 Srebrna"},"content":{"rendered":"<h2>Fajka wodna AMY DELUXE AMY069-02 Srebrna<\/h2>\n<p>Jest to fajka wodna o ekskluzywnym designie, wykonana ze stali nierdzewnej i aluminium.<\/p>\n<p>W sk\u0142ad zestawu wchodz\u0105:<\/p>\n<p>Nargile<br \/>\nKolba<br \/>\nUstnik<br \/>\nPuchar<br \/>\nJelito<br \/>\nUchwyt na w\u0105\u017c<br \/>\nSzczypce<br \/>\nKomin<\/p>\n<p>Specyfikacje:<\/p>\n<p>Wysoko\u015b\u0107 fajki wodnej z kolb\u0105: oko\u0142o 50cm<br \/>\nMateria\u0142: stal nierdzewna + aluminium<br \/>\nTyp po\u0142\u0105czenia: Kliknij<br \/>\nCzarny kolor<br \/>\nDyfuzor: Niedost\u0119pny<br \/>\nwyprodukowano w Chinach<\/p>\n<p>Czy masz jakie\u015b pytania? Skontaktuj si\u0119 z nami\u00a0<a href=\"https:\/\/hookahshop.lt\/pl\/lacznosc\/\">strona z kontaktami<\/a>\u00a0lub napisz do nas na adres\u00a0<a href=\"https:\/\/facebook.com\/HookahShop.lt\/\" target=\"_blank\" rel=\"noopener noreferrer\">konto na Facebooku<\/a>\u00a0a my odpowiemy na Twoj\u0105 pro\u015bb\u0119 tego samego dnia.<\/p>","protected":false},"excerpt":{"rendered":"<p>Szisza wodna AMY DELUXE AMY069-02 Srebrna To szisza o ekskluzywnym designie, wykonana ze stali nierdzewnej i aluminium. Zestaw zawiera: Kolb\u0119 do fajki wodnej Ustnik Kubek W\u0105\u017c Uchwyt do w\u0119\u017ca Szczypce Dane techniczne trzonka: Wysoko\u015b\u0107 fajki wodnej z kolb\u0105: oko\u0142o 50cm Materia\u0142: stal nierdzewna + aluminium Rodzaj po\u0142\u0105czenia: Kliknij Kolor: Czarny Dyfuzor: Brak Kraj pochodzenia: Chiny Masz pytania? Skontaktuj si\u0119 z nami na stronie kontaktowej lub napisz [\u2026]<\/p>","protected":false},"featured_media":16722,"comment_status":"open","ping_status":"closed","template":"","meta":[],"_links":{"self":[{"href":"https:\/\/hookahshop.lt\/pl\/wp-json\/wp\/v2\/product\/16721"}],"collection":[{"href":"https:\/\/hookahshop.lt\/pl\/wp-json\/wp\/v2\/product"}],"about":[{"href":"https:\/\/hookahshop.lt\/pl\/wp-json\/wp\/v2\/types\/product"}],"replies":[{"embeddable":true,"href":"https:\/\/hookahshop.lt\/pl\/wp-json\/wp\/v2\/comments?post=16721"}],"version-history":[{"count":4,"href":"https:\/\/hookahshop.lt\/pl\/wp-json\/wp\/v2\/product\/16721\/revisions"}],"predecessor-version":[{"id":25620,"href":"https:\/\/hookahshop.lt\/pl\/wp-json\/wp\/v2\/product\/16721\/revisions\/25620"}],"wp:featuredmedia":[{"embeddable":true,"href":"https:\/\/hookahshop.lt\/pl\/wp-json\/wp\/v2\/media\/16722"}],"wp:attachment":[{"href":"https:\/\/hookahshop.lt\/pl\/wp-json\/wp\/v2\/media?parent=16721"}],"curies":[{"name":"wp","href":"https:\/\/api.w.org\/{rel}","templated":true}]}}