{"id":17393,"date":"2020-12-30T00:27:13","date_gmt":"2020-12-29T22:27:13","guid":{"rendered":"https:\/\/hookahshop.lt\/?post_type=product&#038;p=17393"},"modified":"2026-04-24T23:29:07","modified_gmt":"2026-04-24T20:29:07","slug":"kaljano-komplektas-voodoo-smoke-down-black","status":"publish","type":"product","link":"https:\/\/hookahshop.lt\/pl\/produkt\/zestaw-do-fajki-wodnej-voodoo-smoke-down-czarny\/","title":{"rendered":"Zestaw fajki wodnej VOODOO Smoke Down Black"},"content":{"rendered":"<h2>Zestaw fajki wodnej VOODOO Smoke Down Black<\/h2>\n<p>VooDoo Smoke to moskiewski producent fajki wodnej i akcesori\u00f3w, kt\u00f3ry zdoby\u0142 zaufanie na rynku fajki wodnej.<br \/>\nFirma Voodoo Smoke wypu\u015bci\u0142a nowy model z unikalnym systemem nadmuchu spod spodka - &quot;Smoke Down (Black)&quot;. Wykonany z wysokiej jako\u015bci niemieckiego poliacetalu i jest ca\u0142kowicie czarny.<br \/>\nJest to wysokiej jako\u015bci obr\u00f3bka cz\u0119\u015bci ze stali nierdzewnej. Voodoo Smoke uwzgl\u0119dnia pragnienia mi\u0142o\u015bnik\u00f3w fajki wodnej i uciele\u015bnia je w swoich modelach.<\/p>\n<p>Ekwipunek:<br \/>\nWa\u0142 -1 szt.<br \/>\nTalerz do fajki wodnej - 1 szt.<br \/>\nUstnik - 1 szt.<br \/>\nW\u0105\u017c silikonowy - 1 szt.<br \/>\nUszczelki - 2 szt.<br \/>\nKolba - 1 szt.<br \/>\nSzczypce - 1 szt.<br \/>\nKomora grzewcza - 1 szt.<br \/>\nKubek - 1 szt.<br \/>\nW\u0119giel 1kg - 1szt.<br \/>\nP\u0142yta - 1szt.<\/p>\n<p>Zestaw mo\u017ce r\u00f3\u017cni\u0107 si\u0119 od haczyka i manierki z haczykiem od tego co pokazano na zdj\u0119ciu.<\/p>\n<p>Czy masz jakie\u015b pytania? Skontaktuj si\u0119 z nami\u00a0<a href=\"https:\/\/hookahshop.lt\/pl\/lacznosc\/\">strona z kontaktami<\/a>\u00a0lub napisz do nas na adres\u00a0<a href=\"https:\/\/facebook.com\/HookahShop.lt\/\" target=\"_blank\" rel=\"noopener noreferrer\">konto na Facebooku<\/a>\u00a0a my odpowiemy na Twoj\u0105 pro\u015bb\u0119 tego samego dnia.<\/p>","protected":false},"excerpt":{"rendered":"<p>Zestaw fajek wodnych VOODOO Smoke Down Black \u201eVooDoo Smoke\u201d to moskiewski producent fajek wodnych i akcesori\u00f3w, kt\u00f3ry zdoby\u0142 zaufanie na rynku fajek wodnych. Voodoo Smoke wypu\u015bci\u0142o na rynek nowy model z unikalnym systemem nadmuchu spod spodka \u2013 \u201eSmoke Down (Black)\u201d. Wykonane z wysokiej jako\u015bci niemieckiego poliacetalu i ca\u0142kowicie czarne. Jest to wysokiej jako\u015bci obr\u00f3bka cz\u0119\u015bci ze stali nierdzewnej. Dym Voodoo zabiera [\u2026]<\/p>","protected":false},"featured_media":27991,"comment_status":"open","ping_status":"closed","template":"","meta":[],"_links":{"self":[{"href":"https:\/\/hookahshop.lt\/pl\/wp-json\/wp\/v2\/product\/17393"}],"collection":[{"href":"https:\/\/hookahshop.lt\/pl\/wp-json\/wp\/v2\/product"}],"about":[{"href":"https:\/\/hookahshop.lt\/pl\/wp-json\/wp\/v2\/types\/product"}],"replies":[{"embeddable":true,"href":"https:\/\/hookahshop.lt\/pl\/wp-json\/wp\/v2\/comments?post=17393"}],"version-history":[{"count":3,"href":"https:\/\/hookahshop.lt\/pl\/wp-json\/wp\/v2\/product\/17393\/revisions"}],"predecessor-version":[{"id":32723,"href":"https:\/\/hookahshop.lt\/pl\/wp-json\/wp\/v2\/product\/17393\/revisions\/32723"}],"wp:featuredmedia":[{"embeddable":true,"href":"https:\/\/hookahshop.lt\/pl\/wp-json\/wp\/v2\/media\/27991"}],"wp:attachment":[{"href":"https:\/\/hookahshop.lt\/pl\/wp-json\/wp\/v2\/media?parent=17393"}],"curies":[{"name":"wp","href":"https:\/\/api.w.org\/{rel}","templated":true}]}}