{"id":17401,"date":"2020-12-30T00:36:46","date_gmt":"2020-12-29T22:36:46","guid":{"rendered":"https:\/\/hookahshop.lt\/?post_type=product&#038;p=17401"},"modified":"2026-05-13T13:51:43","modified_gmt":"2026-05-13T10:51:43","slug":"kaljano-komplektas-japona-hookah-shuriken-mini","status":"publish","type":"product","link":"https:\/\/hookahshop.lt\/pl\/produkt\/zestaw-do-fajki-wodnej-japonia-szisza-shuriken-mini\/","title":{"rendered":"Zestaw fajki wodnej JAPONA HOOKAH Shuriken Mini Brown"},"content":{"rendered":"<h2>Zestaw fajki wodnej JAPONA HOOKAH Shuriken Mini Brown<\/h2>\n<p>Japan hookah to marka, kt\u00f3ra zyska\u0142a szacunek w sercach ludzi, kt\u00f3rzy kochaj\u0105 i szanuj\u0105 kultur\u0119 palenia fajki wodnej. Japonia specjalizuje si\u0119 w produkcji unikalnych fajki wodnej. Stosunkowo ma\u0142e wydania sprawiaj\u0105, \u017ce produkt jest ekskluzywny i ekskluzywny w swoim rodzaju. Je\u015bli lubisz oryginalno\u015b\u0107 i styl, fajka wodna \u201eJapan\u201d harmonijnie wpasuje si\u0119 w Twoje wn\u0119trze i stanie si\u0119 integraln\u0105 cz\u0119\u015bci\u0105 Twojego wizerunku. Szyb do fajki wodnej \u201eShuriken mini\u201d jest odkr\u0119cany i solidny o d\u0142ugo\u015bci 520 mm. Centraln\u0105 cz\u0119\u015b\u0107 szybu stanowi solidna rura ze stali nierdzewnej o \u015brednicy wewn\u0119trznej 13 mm, cz\u0119\u015b\u0107 ozdobna wykonana jest ze szlachetnego drewna, poddanego obr\u00f3bce olejami o wybranej fakturze.<\/p>\n<p>Szklana kolba o wysoko\u015bci 250 mm, grubo\u015bci \u015bcianek 6 mm, \u015brednicy wewn\u0119trznej szyjki 45 mm, z metalowym adapterem trzonka, kt\u00f3ry podkre\u015bla wygl\u0105d fajki wodnej.<br \/>\nNiezwyk\u0142y trzycz\u0119\u015bciowy projekt p\u0142ytki! Zewn\u0119trzna \u015brednica drewnianej p\u0142yty wynosi 180 mm, metalowej p\u0142yty 150 mm, a ochronna stalowa tarcza 120 mm. Struktura drewna dopasowana do koloru wa\u0142u.<br \/>\nOzdobna cz\u0119\u015b\u0107 ustnika wykonana jest z drogiego drewna o pi\u0119knej fakturze, dopasowanej kolorystycznie do trzonu. Posiada dwie dysze ochronne z czarn\u0105 pow\u0142ok\u0105 galwaniczn\u0105 oraz rurk\u0119 ze stali nierdzewnej o \u015brednicy 10 mm.<\/p>\n<p>Z\u0142\u0105cze O-ring o \u015brednicy wewn\u0119trznej 12 mm.<br \/>\nZaw\u00f3r odpowietrzaj\u0105cy o \u015brednicy wewn\u0119trznej 10 mm u\u0142atwia wydmuchiwanie dymu z kolby.<br \/>\nPoz\u0142acane logo Japan Hookah gwarantuje autentyczno\u015b\u0107 tej fajki wodnej i potwierdza znak jako\u015bci kampanii.<\/p>\n<p>Zestaw fajki wodnej JAPONA HOOKAH SHURIKEN MINI br\u0105z - Fajka wodna klasy premium nie pozostawi oboj\u0119tnym.<\/p>\n<p>Ekwipunek:<br \/>\nWa\u0142 -1 szt.<br \/>\nTalerz do fajki wodnej - 1 szt.<br \/>\nUstnik - 1 szt.<br \/>\nW\u0105\u017c silikonowy - 1 szt.<br \/>\nUszczelki - 2 szt.<br \/>\nKolba - 1 szt.<br \/>\nSzczypce - 1 szt.<br \/>\nKomora grzewcza - 1 szt.<br \/>\nKubek - 1 szt.<br \/>\nW\u0119giel 1kg - 1szt.<br \/>\nP\u0142yta - 1szt.<\/p>\n<p>Zestaw mo\u017ce r\u00f3\u017cni\u0107 si\u0119 od haczyka i manierki z haczykiem od tego co pokazano na zdj\u0119ciu.<\/p>\n<p>Czy masz jakie\u015b pytania? Skontaktuj si\u0119 z nami\u00a0<a href=\"https:\/\/hookahshop.lt\/pl\/lacznosc\/\">strona z kontaktami<\/a>\u00a0lub napisz do nas na adres\u00a0<a href=\"https:\/\/facebook.com\/HookahShop.lt\/\" target=\"_blank\" rel=\"noopener noreferrer\">konto na Facebooku<\/a>\u00a0a my odpowiemy na Twoj\u0105 pro\u015bb\u0119 tego samego dnia.<\/p>","protected":false},"excerpt":{"rendered":"<p>Zestaw do shishy JAPONA HOOKAH Shuriken Mini Brown Shisha \u201eJapona\u201d to marka, kt\u00f3ra zyska\u0142a szacunek w sercach ludzi, kt\u00f3rzy kochaj\u0105 i szanuj\u0105 kultur\u0119 palenia shishy. \u201eJapona\u201d specjalizuje si\u0119 w produkcji wyj\u0105tkowych shish. Stosunkowo niewielkie edycje sprawiaj\u0105, \u017ce produkt jest ekskluzywny i jedyny w swoim rodzaju. Je\u015bli lubisz oryginalno\u015b\u0107 i styl, shisha \u201eJapona\u201d harmonijnie wpasuje si\u0119 w Twoje wn\u0119trze i stanie si\u0119 integraln\u0105 cz\u0119\u015bci\u0105 Twojego [...]<\/p>","protected":false},"featured_media":28053,"comment_status":"open","ping_status":"closed","template":"","meta":[],"_links":{"self":[{"href":"https:\/\/hookahshop.lt\/pl\/wp-json\/wp\/v2\/product\/17401"}],"collection":[{"href":"https:\/\/hookahshop.lt\/pl\/wp-json\/wp\/v2\/product"}],"about":[{"href":"https:\/\/hookahshop.lt\/pl\/wp-json\/wp\/v2\/types\/product"}],"replies":[{"embeddable":true,"href":"https:\/\/hookahshop.lt\/pl\/wp-json\/wp\/v2\/comments?post=17401"}],"version-history":[{"count":5,"href":"https:\/\/hookahshop.lt\/pl\/wp-json\/wp\/v2\/product\/17401\/revisions"}],"predecessor-version":[{"id":28052,"href":"https:\/\/hookahshop.lt\/pl\/wp-json\/wp\/v2\/product\/17401\/revisions\/28052"}],"wp:featuredmedia":[{"embeddable":true,"href":"https:\/\/hookahshop.lt\/pl\/wp-json\/wp\/v2\/media\/28053"}],"wp:attachment":[{"href":"https:\/\/hookahshop.lt\/pl\/wp-json\/wp\/v2\/media?parent=17401"}],"curies":[{"name":"wp","href":"https:\/\/api.w.org\/{rel}","templated":true}]}}