{"id":17405,"date":"2020-12-30T00:39:19","date_gmt":"2020-12-29T22:39:19","guid":{"rendered":"https:\/\/hookahshop.lt\/?post_type=product&#038;p=17405"},"modified":"2026-04-17T23:29:25","modified_gmt":"2026-04-17T20:29:25","slug":"kaljano-komplektas-union-hookah-sleek-exotic-wood","status":"publish","type":"product","link":"https:\/\/hookahshop.lt\/pl\/produkt\/fajka-zestaw-union-szisza-elegancka-egzotyczna-drewno\/","title":{"rendered":"Zestaw haczyk\u00f3w UNION HOOKAH Sleek Exotic Wood"},"content":{"rendered":"<h2>Zestaw haczyk\u00f3w UNION HOOKAH Sleek Exotic Wood<\/h2>\n<p>Model ten jest obecny na rynku rosyjskim od jakiego\u015b czasu i fascynuje wyj\u0105tkowym designem i \u015bwietnymi opcjami kolorystycznymi! Niezale\u017cnie od tego, czy jest to prosty projekt z drewna, niezwyk\u0142e projekty z laminatu, czy bardzo popularne projekty hybrydowe wykonane z \u017cywicy epoksydowej i drewna, Union Hookah naprawd\u0119 ma co\u015b dla ka\u017cdego mi\u0142o\u015bnika fajki wodnej!<\/p>\n<p>Ekwipunek:<br \/>\nWa\u0142 -1 szt.<br \/>\nTalerz do fajki wodnej - 1 szt.<br \/>\nUstnik - 1 szt.<br \/>\nW\u0105\u017c silikonowy - 1 szt.<br \/>\nUszczelki - 2 szt.<br \/>\nKolba - 1 szt.<br \/>\nSzczypce - 1 szt.<br \/>\nKomora grzewcza - 1 szt.<br \/>\nKubek - 1 szt.<br \/>\nW\u0119giel 1kg - 1szt.<br \/>\nP\u0142yta - 1szt.<\/p>\n<p>Zestaw mo\u017ce r\u00f3\u017cni\u0107 si\u0119 od haczyka i manierki z haczykiem od tego co pokazano na zdj\u0119ciu.<\/p>\n<p>Czy masz jakie\u015b pytania? Skontaktuj si\u0119 z nami\u00a0<a href=\"https:\/\/hookahshop.lt\/pl\/lacznosc\/\">strona z kontaktami<\/a>\u00a0lub napisz do nas na adres\u00a0<a href=\"https:\/\/facebook.com\/HookahShop.lt\/\" target=\"_blank\" rel=\"noopener noreferrer\">konto na Facebooku<\/a>\u00a0a my odpowiemy na Twoj\u0105 pro\u015bb\u0119 tego samego dnia.<\/p>\n<p>&nbsp;<\/p>","protected":false},"excerpt":{"rendered":"<p>Zestaw fajek wodnych UNION HOOKAH Sleek Exotic Wood Model ten jest obecny na rynku rosyjskim od jakiego\u015b czasu i fascynuje swoim wyj\u0105tkowym designem i \u015bwietnymi opcjami kolorystycznymi! Niezale\u017cnie od tego, czy jest to prosty projekt drewna, niezwyk\u0142e projekty laminatu, czy bardzo popularne projekty hybrydowe wykonane z \u017cywicy epoksydowej i drewna, Union Hookah naprawd\u0119 ma co\u015b dla ka\u017cdego mi\u0142o\u015bnika fajki wodnej! Kompletny zestaw: Wa\u0142 -1 [\u2026]<\/p>","protected":false},"featured_media":28000,"comment_status":"open","ping_status":"closed","template":"","meta":[],"_links":{"self":[{"href":"https:\/\/hookahshop.lt\/pl\/wp-json\/wp\/v2\/product\/17405"}],"collection":[{"href":"https:\/\/hookahshop.lt\/pl\/wp-json\/wp\/v2\/product"}],"about":[{"href":"https:\/\/hookahshop.lt\/pl\/wp-json\/wp\/v2\/types\/product"}],"replies":[{"embeddable":true,"href":"https:\/\/hookahshop.lt\/pl\/wp-json\/wp\/v2\/comments?post=17405"}],"version-history":[{"count":3,"href":"https:\/\/hookahshop.lt\/pl\/wp-json\/wp\/v2\/product\/17405\/revisions"}],"predecessor-version":[{"id":28061,"href":"https:\/\/hookahshop.lt\/pl\/wp-json\/wp\/v2\/product\/17405\/revisions\/28061"}],"wp:featuredmedia":[{"embeddable":true,"href":"https:\/\/hookahshop.lt\/pl\/wp-json\/wp\/v2\/media\/28000"}],"wp:attachment":[{"href":"https:\/\/hookahshop.lt\/pl\/wp-json\/wp\/v2\/media?parent=17405"}],"curies":[{"name":"wp","href":"https:\/\/api.w.org\/{rel}","templated":true}]}}