{"id":17412,"date":"2020-12-30T00:44:13","date_gmt":"2020-12-29T22:44:13","guid":{"rendered":"https:\/\/hookahshop.lt\/?post_type=product&#038;p=17412"},"modified":"2026-04-17T23:29:25","modified_gmt":"2026-04-17T20:29:25","slug":"kaljano-komplektas-maklaud-igla-of-anubis","status":"publish","type":"product","link":"https:\/\/hookahshop.lt\/pl\/produkt\/zestaw-do-fajki-wodnej-maklaud-igla-of-anubis\/","title":{"rendered":"Zestaw fajki wodnej MAKLAUD Igla Of Anubis"},"content":{"rendered":"<h2>Zestaw fajki wodnej MAKLAUD Igla Of Anubis<\/h2>\n<p>Te tradycyjne \u201ekije\u201d da\u0142y pocz\u0105tek koncepcyjnej wersji Igli Anubisa, wykonanej w charakterystycznym stylu MacLeoda. Igla od Anubis powi\u0105za\u0142a mitologiczne pod\u0142o\u017ce marki z now\u0105 seri\u0105 klasycznych, bud\u017cetowych fajek wodnych.<\/p>\n<p>Wersja Anubis jest zgodna z projektem swojego poprzednika, ale z pier\u015bcieniem czaszek zdobi\u0105cym jej podstaw\u0119<\/p>\n<p><strong>Ekwipunek:<\/strong><br \/>\nWa\u0142 -1 szt.<br \/>\nTalerz do fajki wodnej z grawerem marki - 1 szt.<br \/>\nUstnik - 1 szt.<br \/>\nW\u0105\u017c silikonowy - 1 szt.<br \/>\nUszczelki - 2 szt.<br \/>\nPiersi\u00f3wka (R\u00f3\u017cni si\u0119 od tej na zdj\u0119ciu) - 1 szt.<br \/>\nSzczypce - 1 szt.<br \/>\nKomora grzewcza - 1 szt.<br \/>\nFili\u017canka (Mo\u017ce r\u00f3\u017cni\u0107 si\u0119 od pokazanej na zdj\u0119ciu) - 1 szt.<br \/>\nW\u0119giel 1kg - 1szt.<br \/>\nP\u0142yta - 1szt.<\/p>\n<p>Zestaw mo\u017ce r\u00f3\u017cni\u0107 si\u0119 od haczyka i manierki z haczykiem od tego co pokazano na zdj\u0119ciu.<\/p>\n<p>Czy masz jakie\u015b pytania? Skontaktuj si\u0119 z nami\u00a0<a href=\"https:\/\/hookahshop.lt\/pl\/lacznosc\/\">strona z kontaktami<\/a>\u00a0lub napisz do nas na adres\u00a0<a href=\"https:\/\/facebook.com\/HookahShop.lt\/\" target=\"_blank\" rel=\"noopener noreferrer\">konto na Facebooku<\/a>\u00a0a my odpowiemy na Twoj\u0105 pro\u015bb\u0119 tego samego dnia.<\/p>","protected":false},"excerpt":{"rendered":"<p>Zestaw do fajek wodnych MAKLAUD Igla Of Anubis Te tradycyjne \u201ekijki\u201d to koncepcyjna wersja Igli of Anubis, wykonana w charakterystycznym stylu MacLeoda. Igla od Anubis powi\u0105za\u0142a mitologiczne pod\u0142o\u017ce marki z now\u0105 seri\u0105 klasycznych, bud\u017cetowych fajek wodnych. Wersja \u201eAnubis\u201d nawi\u0105zuje designem do poprzedniczki, jednak jej podstawa ozdobiona jest pier\u015bcieniem z czaszkami. Kompletny zestaw: Trzonek - 1 szt. Talerz do fajki wodnej z grawerem marki - 1 [\u2026]<\/p>","protected":false},"featured_media":27986,"comment_status":"open","ping_status":"closed","template":"","meta":[],"_links":{"self":[{"href":"https:\/\/hookahshop.lt\/pl\/wp-json\/wp\/v2\/product\/17412"}],"collection":[{"href":"https:\/\/hookahshop.lt\/pl\/wp-json\/wp\/v2\/product"}],"about":[{"href":"https:\/\/hookahshop.lt\/pl\/wp-json\/wp\/v2\/types\/product"}],"replies":[{"embeddable":true,"href":"https:\/\/hookahshop.lt\/pl\/wp-json\/wp\/v2\/comments?post=17412"}],"version-history":[{"count":5,"href":"https:\/\/hookahshop.lt\/pl\/wp-json\/wp\/v2\/product\/17412\/revisions"}],"predecessor-version":[{"id":33093,"href":"https:\/\/hookahshop.lt\/pl\/wp-json\/wp\/v2\/product\/17412\/revisions\/33093"}],"wp:featuredmedia":[{"embeddable":true,"href":"https:\/\/hookahshop.lt\/pl\/wp-json\/wp\/v2\/media\/27986"}],"wp:attachment":[{"href":"https:\/\/hookahshop.lt\/pl\/wp-json\/wp\/v2\/media?parent=17412"}],"curies":[{"name":"wp","href":"https:\/\/api.w.org\/{rel}","templated":true}]}}