{"id":17420,"date":"2020-12-30T00:54:08","date_gmt":"2020-12-29T22:54:08","guid":{"rendered":"https:\/\/hookahshop.lt\/?post_type=product&#038;p=17420"},"modified":"2026-04-19T23:29:06","modified_gmt":"2026-04-19T20:29:06","slug":"kaljano-komplektas-karma-hookah-3-0-brown","status":"publish","type":"product","link":"https:\/\/hookahshop.lt\/pl\/produkt\/zestaw-szisza-karma-szisza-3-0-brazowy\/","title":{"rendered":"Zestaw fajki wodnej KARMA HOOKAH 3.0 Br\u0105zowy"},"content":{"rendered":"<h2>Zestaw fajki wodnej KARMA HOOKAH 3.0 Br\u0105zowy<\/h2>\n<p>Trzonek Karma Hookah 3.0 ma wyko\u0144czenie z naturalnego drewna, anodyzowany stop aluminium i rurk\u0119 ze stali nierdzewnej klasy medycznej. Optymalna \u015brednica \u0142odygi fajki wodnej pozwoli do\u015bwiadczonym koneserom cieszy\u0107 si\u0119 oryginalnym smakiem i aromatem<\/p>\n<p>Charakterystyka:<br \/>\n- Wysoko\u015b\u0107 fajki wodnej: 72 cm.<br \/>\n- Materia\u0142 drzewny: jesion<\/p>\n<p>Ekwipunek:<br \/>\nWa\u0142 -1 szt.<br \/>\nTalerz do fajki wodnej - 1 szt.<br \/>\nUstnik (KARMA) \u2013 1 szt.<br \/>\nW\u0105\u017c silikonowy - 1 szt.<br \/>\nUszczelki - 2 szt.<br \/>\nKolba - 1 szt.<br \/>\nSzczypce - 1 szt.<br \/>\nKomora grzewcza - 1 szt.<br \/>\nKubek - 1 szt.<br \/>\nW\u0119giel 1kg - 1szt.<br \/>\nP\u0142yta - 1szt.<\/p>\n<p>Zestaw mo\u017ce r\u00f3\u017cni\u0107 si\u0119 od haczyka i manierki z haczykiem od tego co pokazano na zdj\u0119ciu.<\/p>\n<p>Czy masz jakie\u015b pytania? Skontaktuj si\u0119 z nami\u00a0<a href=\"https:\/\/hookahshop.lt\/pl\/lacznosc\/\">strona z kontaktami<\/a>\u00a0lub napisz do nas na adres\u00a0<a href=\"https:\/\/facebook.com\/HookahShop.lt\/\" target=\"_blank\" rel=\"noopener noreferrer\">konto na Facebooku<\/a>\u00a0a my odpowiemy na Twoj\u0105 pro\u015bb\u0119 tego samego dnia.<\/p>","protected":false},"excerpt":{"rendered":"<p>Zestaw fajek wodnych KARMA HOOKAH 3.0 Br\u0105zowy trzonek Karma Hookah 3.0 jest wykonany z naturalnego drewna, anodyzowanego stopu aluminium i rurki ze stali nierdzewnej klasy medycznej. Optymalna \u015brednica trzonka fajki wodnej pozwoli do\u015bwiadczonym koneserom cieszy\u0107 si\u0119 oryginalnym smakiem i aromatem. Charakterystyka: - Wysoko\u015b\u0107 fajki wodnej: 72 cm. \u2013 Materia\u0142 drewna: Jesion Kompletny zestaw: Trzon \u2013 1 szt. Talerz do fajki wodnej - 1 szt. [\u2026]<\/p>","protected":false},"featured_media":28002,"comment_status":"open","ping_status":"closed","template":"","meta":[],"_links":{"self":[{"href":"https:\/\/hookahshop.lt\/pl\/wp-json\/wp\/v2\/product\/17420"}],"collection":[{"href":"https:\/\/hookahshop.lt\/pl\/wp-json\/wp\/v2\/product"}],"about":[{"href":"https:\/\/hookahshop.lt\/pl\/wp-json\/wp\/v2\/types\/product"}],"replies":[{"embeddable":true,"href":"https:\/\/hookahshop.lt\/pl\/wp-json\/wp\/v2\/comments?post=17420"}],"version-history":[{"count":5,"href":"https:\/\/hookahshop.lt\/pl\/wp-json\/wp\/v2\/product\/17420\/revisions"}],"predecessor-version":[{"id":28001,"href":"https:\/\/hookahshop.lt\/pl\/wp-json\/wp\/v2\/product\/17420\/revisions\/28001"}],"wp:featuredmedia":[{"embeddable":true,"href":"https:\/\/hookahshop.lt\/pl\/wp-json\/wp\/v2\/media\/28002"}],"wp:attachment":[{"href":"https:\/\/hookahshop.lt\/pl\/wp-json\/wp\/v2\/media?parent=17420"}],"curies":[{"name":"wp","href":"https:\/\/api.w.org\/{rel}","templated":true}]}}