{"id":17507,"date":"2021-01-05T22:00:09","date_gmt":"2021-01-05T20:00:09","guid":{"rendered":"https:\/\/hookahshop.lt\/?post_type=product&#038;p=17507"},"modified":"2026-04-17T16:33:02","modified_gmt":"2026-04-17T13:33:02","slug":"kaljanas-mamay-customs-coilover-micro-blue","status":"publish","type":"product","link":"https:\/\/hookahshop.lt\/pl\/produkt\/hookah-mamay-customs-coilover-micro-blue\/","title":{"rendered":"Fajka wodna MAMAY Customs Coilover Micro Blue"},"content":{"rendered":"<h2>Fajka wodna MAMAY Customs Coilover Micro Blue<\/h2>\n<p>Mamay Customs Coilover Micro Blue - b\u0119dzie znany wi\u0119kszo\u015bci entuzjast\u00f3w fajki wodnej, poniewa\u017c jest ju\u017c znany na ca\u0142ym \u015bwiecie. Marka Mamay to nie tylko wysokiej klasy fajka wodna w Rosji, ale tak\u017ce Mamay Customs zyska\u0142a popularno\u015b\u0107 w ca\u0142ej Europie. Wynika to prawdopodobnie z doskona\u0142ej koncepcji i jako\u015bci. Fajka wodna spodoba si\u0119 ka\u017cdemu, kto lubi rosyjskie fajki wodne. Za tym wszystkim stoi rosyjska firma, kt\u00f3ra przez lata zdoby\u0142a du\u017ce do\u015bwiadczenie i jest to widoczne w produkcie.<\/p>\n<p><strong>Materia\u0142 i projekt<\/strong><br \/>\nFajka wodna jest wykonana ze stali nierdzewnej i element\u00f3w z tworzywa sztucznego, a tak\u017ce ma przy\u0142\u0105cze w\u0119\u017ca, co jest powszechne w fajkach wodnych z Rosji. Opr\u00f3cz przy\u0142\u0105cza w\u0119\u017ca w wale znajduj\u0105 si\u0119 jeszcze dwa inne elementy. Najpierw zaw\u00f3r wydmuchowy i z\u0142\u0105cze w\u0119\u017ca, kt\u00f3re s\u0142u\u017cy jako uchwyt na w\u0105\u017c. Szisza ma trzonek ze stali nierdzewnej pokryty plastikiem, ale to nie wszystko! Wok\u00f3\u0142 mostka znajduje si\u0119 imitacja amortyzatora samochodowego, co jest niezwyk\u0142ym detalem konstrukcyjnym, kt\u00f3ry mo\u017ce wyst\u0119powa\u0107 w r\u00f3\u017cnych kolorach.<\/p>\n<p>Wysoko\u015b\u0107 fajki wodnej: 50 cm<\/p>\n<p>Czy masz jakie\u015b pytania? Skontaktuj si\u0119 z nami\u00a0<a href=\"https:\/\/hookahshop.lt\/pl\/lacznosc\/\">strona z kontaktami<\/a>\u00a0lub napisz do nas na adres\u00a0<a href=\"https:\/\/facebook.com\/HookahShop.lt\/\" target=\"_blank\" rel=\"noopener noreferrer\">konto na Facebooku<\/a>\u00a0a my odpowiemy na Twoj\u0105 pro\u015bb\u0119 tego samego dnia.<\/p>","protected":false},"excerpt":{"rendered":"<p>Fajka wodna MAMAY Customs Coilover Micro Blue Mamay Customs Coilover Micro Blue b\u0119dzie znana wi\u0119kszo\u015bci mi\u0142o\u015bnik\u00f3w fajki wodnej, poniewa\u017c jest ju\u017c znana na ca\u0142ym \u015bwiecie. Marka Mamay to nie tylko wysokiej klasy fajka wodna w Rosji, ale Mamay Customs zyska\u0142a popularno\u015b\u0107 tak\u017ce w ca\u0142ej Europie. Prawdopodobnie wynika to z doskona\u0142ej koncepcji i jako\u015bci. Fajka wodna przyci\u0105ga ka\u017cdego, kto lubi rosyjski [\u2026]<\/p>","protected":false},"featured_media":17563,"comment_status":"open","ping_status":"closed","template":"","meta":[],"_links":{"self":[{"href":"https:\/\/hookahshop.lt\/pl\/wp-json\/wp\/v2\/product\/17507"}],"collection":[{"href":"https:\/\/hookahshop.lt\/pl\/wp-json\/wp\/v2\/product"}],"about":[{"href":"https:\/\/hookahshop.lt\/pl\/wp-json\/wp\/v2\/types\/product"}],"replies":[{"embeddable":true,"href":"https:\/\/hookahshop.lt\/pl\/wp-json\/wp\/v2\/comments?post=17507"}],"version-history":[{"count":2,"href":"https:\/\/hookahshop.lt\/pl\/wp-json\/wp\/v2\/product\/17507\/revisions"}],"predecessor-version":[{"id":22682,"href":"https:\/\/hookahshop.lt\/pl\/wp-json\/wp\/v2\/product\/17507\/revisions\/22682"}],"wp:featuredmedia":[{"embeddable":true,"href":"https:\/\/hookahshop.lt\/pl\/wp-json\/wp\/v2\/media\/17563"}],"wp:attachment":[{"href":"https:\/\/hookahshop.lt\/pl\/wp-json\/wp\/v2\/media?parent=17507"}],"curies":[{"name":"wp","href":"https:\/\/api.w.org\/{rel}","templated":true}]}}