{"id":17566,"date":"2021-01-06T11:31:24","date_gmt":"2021-01-06T09:31:24","guid":{"rendered":"https:\/\/hookahshop.lt\/?post_type=product&#038;p=17566"},"modified":"2026-04-20T23:29:18","modified_gmt":"2026-04-20T20:29:18","slug":"taurele-kaljanui-oblako-x-hooligan-edition-2020","status":"publish","type":"product","link":"https:\/\/hookahshop.lt\/pl\/produkt\/puchar-szisza-cloud-x-hooligan-edycja-2020\/","title":{"rendered":"Kubek do fajki wodnej OBLAKO X Hooligan Edition 2020"},"content":{"rendered":"<h2>Kubek do fajki wodnej OBLAKO X Hooligan Edition 2020<\/h2>\n<p>Jest to pierwsza misa na fajki wodne w stylu tureckim firmy Oblak. Wyprodukowany we wsp\u00f3\u0142pracy marki Oblako i Hooligan.<br \/>\nW Rosji kubki te s\u0105 ograniczone do 1000 sztuk i s\u0105 sprzedawane wy\u0142\u0105cznie w oficjalnych sklepach Nuahule-sklepach z fajkami wodnymi.<br \/>\nZosta\u0142y zaprojektowane przez samego Nuahule na podstawie projekt\u00f3w jego marki Hooligan.<br \/>\nKiedy ju\u017c ich nie ma, znikaj\u0105 na zawsze!<\/p>\n<p>Specyfikacje:<\/p>\n<p>Pojemno\u015b\u0107 15-20 g.<br \/>\nMateria\u0142: bia\u0142a glina<br \/>\nModel: turecki<br \/>\n\u015aredni rozmiar<\/p>\n<p>Czy masz jakie\u015b pytania? Skontaktuj si\u0119 z nami\u00a0<a href=\"https:\/\/hookahshop.lt\/pl\/lacznosc\/\">strona z kontaktami<\/a>\u00a0lub napisz do nas na adres\u00a0<a href=\"https:\/\/facebook.com\/HookahShop.lt\/\" target=\"_blank\" rel=\"noopener noreferrer\">konto na Facebooku<\/a>\u00a0a my odpowiemy na Twoj\u0105 pro\u015bb\u0119 tego samego dnia.<\/p>","protected":false},"excerpt":{"rendered":"<p>Kubek do fajki wodnej OBLAKO X Hooligan Edition 2020 To pierwszy kubek do fajki wodnej w stylu tureckim wyprodukowany przez Oblak. Wyprodukowany we wsp\u00f3\u0142pracy z mark\u0105 Oblako i Hooligan. W Rosji te kubki s\u0105 limitowane do 1000 sztuk i sprzedawane s\u0105 wy\u0142\u0105cznie w oficjalnych sklepach z fajkami wodnymi Nuahule. Zosta\u0142y stworzone przez samego Nuahule z projektami marki Hooligan. Kiedy znikn\u0105, znikn\u0105 na zawsze! Specyfikacje: Pojemno\u015b\u0107 15-20 [\u2026]<\/p>","protected":false},"featured_media":23798,"comment_status":"open","ping_status":"closed","template":"","meta":[],"_links":{"self":[{"href":"https:\/\/hookahshop.lt\/pl\/wp-json\/wp\/v2\/product\/17566"}],"collection":[{"href":"https:\/\/hookahshop.lt\/pl\/wp-json\/wp\/v2\/product"}],"about":[{"href":"https:\/\/hookahshop.lt\/pl\/wp-json\/wp\/v2\/types\/product"}],"replies":[{"embeddable":true,"href":"https:\/\/hookahshop.lt\/pl\/wp-json\/wp\/v2\/comments?post=17566"}],"version-history":[{"count":4,"href":"https:\/\/hookahshop.lt\/pl\/wp-json\/wp\/v2\/product\/17566\/revisions"}],"predecessor-version":[{"id":23952,"href":"https:\/\/hookahshop.lt\/pl\/wp-json\/wp\/v2\/product\/17566\/revisions\/23952"}],"wp:featuredmedia":[{"embeddable":true,"href":"https:\/\/hookahshop.lt\/pl\/wp-json\/wp\/v2\/media\/23798"}],"wp:attachment":[{"href":"https:\/\/hookahshop.lt\/pl\/wp-json\/wp\/v2\/media?parent=17566"}],"curies":[{"name":"wp","href":"https:\/\/api.w.org\/{rel}","templated":true}]}}