{"id":17657,"date":"2021-01-08T12:57:44","date_gmt":"2021-01-08T10:57:44","guid":{"rendered":"https:\/\/hookahshop.lt\/?post_type=product&#038;p=17657"},"modified":"2026-04-18T23:28:49","modified_gmt":"2026-04-18T20:28:49","slug":"kaljanas-union-argument","status":"publish","type":"product","link":"https:\/\/hookahshop.lt\/pl\/produkt\/argument-zwiazku-fajki-wodnej-2\/","title":{"rendered":"Argument UNION fajki wodnej"},"content":{"rendered":"<h2>Argument UNION fajki wodnej<\/h2>\n<p>Fajka wodna przypomina kij baseballowy. Kolb\u0119, \u0142odyg\u0119, ustnik i talerzyk do fajki wodnej wykonano z najwy\u017cszej jako\u015bci stali nierdzewnej, a do zewn\u0119trznej dekoracji \u0142odygi u\u017cyto drewna jesionowego. Jest to fajka wodna o klasycznym zaci\u0105gu, ale ma nieco ja\u015bniejszy naci\u0105g ni\u017c zwykle w przypadku fajek Union i dzia\u0142a nieco ciszej dzi\u0119ki unikalnej kolbie. Stojak tej fajki wodnej jest szeroki, co sprawia, \u017ce fajka b\u0119dzie sta\u0142a stabilnie i nie straci swojego ekskluzywnego wygl\u0105du podczas u\u017cytkowania. Ta fajka wodna wyr\u00f3\u017cnia si\u0119 dmuchaniem: dym jest wydmuchiwany pod k\u0105tem 360\u00b0, skierowany w d\u00f3\u0142 wzd\u0142u\u017c kolby. Wewn\u0105trz kolby na fajk\u0119 wodn\u0105 znajduj\u0105 si\u0119 3 sekcje poziomu wody.<\/p>\n<p>W sk\u0142ad zestawu wchodz\u0105:<br \/>\nFajka wodna (drewno jesionowe, stal nierdzewna)<br \/>\nUstnik (drewno jesionowe, stal nierdzewna)<br \/>\nW\u0105\u017c silikonowy, 1,5 m.<\/p>\n<p>Specyfikacja:<br \/>\nPo\u0142\u0105czenie: O-ring<br \/>\nDyfuzor: Nieregulowany<br \/>\nWysoko\u015b\u0107: ~67 cm;<br \/>\nWaga: 2 kg<br \/>\nProducent: Rosja<\/p>\n<p>Czy masz pytania dotycz\u0105ce argumentu Hookah UNION? Skontaktuj si\u0119 z nami <a href=\"https:\/\/hookahshop.lt\/pl\/lacznosc\/\">strona z kontaktami<\/a>\u00a0lub napisz do nas na adres\u00a0<a href=\"https:\/\/facebook.com\/HookahShop.lt\/\" target=\"_blank\" rel=\"noopener noreferrer\">konto na Facebooku<\/a>\u00a0a my odpowiemy na Twoj\u0105 pro\u015bb\u0119 tego samego dnia.<\/p>","protected":false},"excerpt":{"rendered":"<p>Hookah UNION Argument Fajka wodna przypomina kij baseballowy. Kolb\u0119, \u0142odyg\u0119, ustnik i talerzyk do fajki wodnej wykonano z najwy\u017cszej jako\u015bci stali nierdzewnej, a do zewn\u0119trznej dekoracji \u0142odygi u\u017cyto drewna jesionowego. Jest to fajka wodna o klasycznym zaci\u0105gu, ale ma nieco ja\u015bniejszy naci\u0105g ni\u017c zwykle w przypadku fajek Union i dzia\u0142a nieco ciszej dzi\u0119ki unikalnej kolbie. Stojak na t\u0119 fajk\u0119 wodn\u0105 jest szeroki, co [\u2026]<\/p>","protected":false},"featured_media":21301,"comment_status":"open","ping_status":"closed","template":"","meta":[],"_links":{"self":[{"href":"https:\/\/hookahshop.lt\/pl\/wp-json\/wp\/v2\/product\/17657"}],"collection":[{"href":"https:\/\/hookahshop.lt\/pl\/wp-json\/wp\/v2\/product"}],"about":[{"href":"https:\/\/hookahshop.lt\/pl\/wp-json\/wp\/v2\/types\/product"}],"replies":[{"embeddable":true,"href":"https:\/\/hookahshop.lt\/pl\/wp-json\/wp\/v2\/comments?post=17657"}],"version-history":[{"count":6,"href":"https:\/\/hookahshop.lt\/pl\/wp-json\/wp\/v2\/product\/17657\/revisions"}],"predecessor-version":[{"id":35741,"href":"https:\/\/hookahshop.lt\/pl\/wp-json\/wp\/v2\/product\/17657\/revisions\/35741"}],"wp:featuredmedia":[{"embeddable":true,"href":"https:\/\/hookahshop.lt\/pl\/wp-json\/wp\/v2\/media\/21301"}],"wp:attachment":[{"href":"https:\/\/hookahshop.lt\/pl\/wp-json\/wp\/v2\/media?parent=17657"}],"curies":[{"name":"wp","href":"https:\/\/api.w.org\/{rel}","templated":true}]}}