{"id":17800,"date":"2021-01-13T14:03:16","date_gmt":"2021-01-13T12:03:16","guid":{"rendered":"https:\/\/hookahshop.lt\/?post_type=product&#038;p=17800"},"modified":"2026-04-18T23:28:56","modified_gmt":"2026-04-18T20:28:56","slug":"kolba-kaljanui-craft-crystal","status":"publish","type":"product","link":"https:\/\/hookahshop.lt\/pl\/produkt\/krysztal-kubka-na-szisze-rzemieslnicza\/","title":{"rendered":"Kolba do fajki wodnej CRAFT Crystal"},"content":{"rendered":"<h2>Termos na fajk\u0119 wodn\u0105 CRAFT kryszta\u0142<\/h2>\n<p>Ta r\u0119cznie robiona butelka wyr\u00f3\u017cnia si\u0119 wyj\u0105tkowym designem, jako\u015bci\u0105 i wyj\u0105tkowo przejrzystym stylem. Szyjka kolby jest rze\u017abiona wzd\u0142u\u017cnie \u2013 przystosowana do przechowywania, wygodniejsza w u\u017cytkowaniu. Unikatowa jest tak\u017ce dolna cz\u0119\u015b\u0107 kolby - rze\u017abiona.<\/p>\n<p><strong><span title=\"\">Specyfikacje:<\/span><\/strong><br \/>\nMasa kolby: ~ 2 kg<br \/>\nWysoko\u015b\u0107: 26 cm<br \/>\nSzeroko\u015b\u0107: 22 cm<br \/>\nWewn\u0119trzna \u015brednica szyi: 4 cm<\/p>\n<p>Czy masz jakie\u015b pytania? Skontaktuj si\u0119 z nami\u00a0<a href=\"https:\/\/hookahshop.lt\/pl\/lacznosc\/\">strona z kontaktami<\/a>\u00a0lub napisz do nas na adres\u00a0<a href=\"https:\/\/facebook.com\/HookahShop.lt\/\" target=\"_blank\" rel=\"noopener noreferrer\">konto na Facebooku<\/a>\u00a0a my odpowiemy na Twoj\u0105 pro\u015bb\u0119 tego samego dnia.<\/p>","protected":false},"excerpt":{"rendered":"<p>Kolba kaljanui CRAFT crystal \u0160i rank\u0173 darbo kolba i\u0161skirtin\u0117 savo dizainu, kokybe ir yra itin skaidriu stilu. Kolbos kaklelis i\u0161rai\u017eytas i\u0161ilgai &#8211; pritaikytas laikymui, patogesniam naudojimui. Kolbos apatin\u0117 dalis taip pat unikali &#8211; i\u0161rai\u017eyta. Specifikacijos: Kolbos svoris: ~ 2 kg Auk\u0161tis: 26 cm Plotis: 22 cm Kaklelio vidinis skersmuo: 4 cm Turite klausim\u0173? Susisiekite su [&hellip;]<\/p>","protected":false},"featured_media":17802,"comment_status":"open","ping_status":"closed","template":"","meta":[],"_links":{"self":[{"href":"https:\/\/hookahshop.lt\/pl\/wp-json\/wp\/v2\/product\/17800"}],"collection":[{"href":"https:\/\/hookahshop.lt\/pl\/wp-json\/wp\/v2\/product"}],"about":[{"href":"https:\/\/hookahshop.lt\/pl\/wp-json\/wp\/v2\/types\/product"}],"replies":[{"embeddable":true,"href":"https:\/\/hookahshop.lt\/pl\/wp-json\/wp\/v2\/comments?post=17800"}],"version-history":[{"count":7,"href":"https:\/\/hookahshop.lt\/pl\/wp-json\/wp\/v2\/product\/17800\/revisions"}],"predecessor-version":[{"id":45107,"href":"https:\/\/hookahshop.lt\/pl\/wp-json\/wp\/v2\/product\/17800\/revisions\/45107"}],"wp:featuredmedia":[{"embeddable":true,"href":"https:\/\/hookahshop.lt\/pl\/wp-json\/wp\/v2\/media\/17802"}],"wp:attachment":[{"href":"https:\/\/hookahshop.lt\/pl\/wp-json\/wp\/v2\/media?parent=17800"}],"curies":[{"name":"wp","href":"https:\/\/api.w.org\/{rel}","templated":true}]}}