{"id":17881,"date":"2021-01-15T12:55:50","date_gmt":"2021-01-15T10:55:50","guid":{"rendered":"https:\/\/hookahshop.lt\/?post_type=product&#038;p=17881"},"modified":"2026-04-15T12:29:03","modified_gmt":"2026-04-15T09:29:03","slug":"kandiklis-kaljanui-hoob-smpl-black-gold","status":"publish","type":"product","link":"https:\/\/hookahshop.lt\/pl\/produkt\/ustnik-do-hookah-hoob-smpl-czarno-zloty\/","title":{"rendered":"Haczyk do fajki wodnej HOOB SMPL Black Gold"},"content":{"rendered":"<h2>Haczyk do fajki wodnej Hoob SMPL Black Gold<\/h2>\n<p>Ustnik Hoob SMPL Black Gold ze szczotkowanego czarnego aluminium z poz\u0142acanymi ko\u0144c\u00f3wkami ze stali nierdzewnej.<\/p>\n<p>D\u0142ugo\u015b\u0107: 30 cm<br \/>\nAnodowany na czarno, matowo<br \/>\nNadaje si\u0119 do wszystkich w\u0119\u017cy silikonowych o \u015brednicy wewn\u0119trznej 10-11mm<br \/>\nPoz\u0142acane ko\u0144c\u00f3wki ze stali nierdzewnej<br \/>\nBrak szkodliwych pow\u0142ok (farby itp.)<\/p>\n<p>Czy masz jakie\u015b pytania? Skontaktuj si\u0119 z nami\u00a0<a href=\"https:\/\/hookahshop.lt\/pl\/lacznosc\/\">strona z kontaktami<\/a>\u00a0lub napisz do nas na adres\u00a0<a href=\"https:\/\/facebook.com\/HookahShop.lt\/\" target=\"_blank\" rel=\"noopener noreferrer\">konto na Facebooku<\/a>\u00a0a my odpowiemy na Twoj\u0105 pro\u015bb\u0119 tego samego dnia.<\/p>","protected":false},"excerpt":{"rendered":"<p>Ustnik do fajki wodnej Hoob SMPL Black Gold Hoob SMPL Black Gold Ustnik wykonany ze szczotkowanego czarnego aluminium z poz\u0142acanymi ko\u0144c\u00f3wkami ze stali nierdzewnej. D\u0142ugo\u015b\u0107: 30cm Czarny matowy anodowany Pasuje do wszystkich w\u0119\u017cy silikonowych o \u015brednicy wewn\u0119trznej 10-11mm Ko\u0144c\u00f3wki ze stali nierdzewnej poz\u0142acane Brak szkodliwych pow\u0142ok (farb itp.) Masz pytania? Skontaktuj si\u0119 z nami na stronie kontaktowej lub napisz do nas na naszym koncie na Facebooku i [\u2026]<\/p>","protected":false},"featured_media":17882,"comment_status":"open","ping_status":"closed","template":"","meta":[],"_links":{"self":[{"href":"https:\/\/hookahshop.lt\/pl\/wp-json\/wp\/v2\/product\/17881"}],"collection":[{"href":"https:\/\/hookahshop.lt\/pl\/wp-json\/wp\/v2\/product"}],"about":[{"href":"https:\/\/hookahshop.lt\/pl\/wp-json\/wp\/v2\/types\/product"}],"replies":[{"embeddable":true,"href":"https:\/\/hookahshop.lt\/pl\/wp-json\/wp\/v2\/comments?post=17881"}],"version-history":[{"count":3,"href":"https:\/\/hookahshop.lt\/pl\/wp-json\/wp\/v2\/product\/17881\/revisions"}],"predecessor-version":[{"id":37607,"href":"https:\/\/hookahshop.lt\/pl\/wp-json\/wp\/v2\/product\/17881\/revisions\/37607"}],"wp:featuredmedia":[{"embeddable":true,"href":"https:\/\/hookahshop.lt\/pl\/wp-json\/wp\/v2\/media\/17882"}],"wp:attachment":[{"href":"https:\/\/hookahshop.lt\/pl\/wp-json\/wp\/v2\/media?parent=17881"}],"curies":[{"name":"wp","href":"https:\/\/api.w.org\/{rel}","templated":true}]}}