{"id":17893,"date":"2021-01-15T13:13:35","date_gmt":"2021-01-15T11:13:35","guid":{"rendered":"https:\/\/hookahshop.lt\/?post_type=product&#038;p=17893"},"modified":"2026-04-14T23:29:01","modified_gmt":"2026-04-14T20:29:01","slug":"kandiklis-kaljanui-hoob-stik-30-gold","status":"publish","type":"product","link":"https:\/\/hookahshop.lt\/pl\/produkt\/ustnik-do-hooka-hoob-stik-30-zloty\/","title":{"rendered":"Ustnik do fajki wodnej HOOB Stik 30 Gold"},"content":{"rendered":"<h2>Haczyk do fajki wodnej Hoob Stik 30 Gold<\/h2>\n<p>Hoob Stik 30 Z\u0142oty ustnik wykonany ze stali nierdzewnej ze specjalnym z\u0142otym wyko\u0144czeniem.<\/p>\n<p>D\u0142ugo\u015b\u0107: 30 cm<br \/>\nJednocz\u0119\u015bciowy, integralny ustnik<br \/>\nNadaje si\u0119 do wszystkich w\u0119\u017cy silikonowych o \u015brednicy wewn\u0119trznej 10-11mm<br \/>\nSilikonowy ko\u0142nierz w\u0119\u017ca<br \/>\nNadaje si\u0119 do r\u00f3\u017cnych typ\u00f3w ustnik\u00f3w jednorazowych<br \/>\nBrak szkodliwych pow\u0142ok (farby itp.)<\/p>\n<p>Czy masz jakie\u015b pytania? Skontaktuj si\u0119 z nami\u00a0<a href=\"https:\/\/hookahshop.lt\/pl\/lacznosc\/\">strona z kontaktami<\/a>\u00a0lub napisz do nas na adres\u00a0<a href=\"https:\/\/facebook.com\/HookahShop.lt\/\" target=\"_blank\" rel=\"noopener noreferrer\">konto na Facebooku<\/a>\u00a0a my odpowiemy na Twoj\u0105 pro\u015bb\u0119 tego samego dnia.<\/p>","protected":false},"excerpt":{"rendered":"<p>Ustnik do fajki wodnej Hoob Stik 30 Gold Hoob Stik 30 Z\u0142oty ustnik wykonany ze stali nierdzewnej ze specjalnym z\u0142otym wyko\u0144czeniem. D\u0142ugo\u015b\u0107: 30cm Jednocz\u0119\u015bciowy, zintegrowany ustnik Pasuje do wszystkich w\u0119\u017cy silikonowych o \u015brednicy wewn\u0119trznej 10-11mm Silikonowy ko\u0142nierz w\u0119\u017ca Pasuje do r\u00f3\u017cnych typ\u00f3w ustnik\u00f3w jednorazowych Brak szkodliwych pow\u0142ok (farb itp.) Masz pytania? Skontaktuj si\u0119 z nami na stronie kontaktowej lub napisz do nas [\u2026]<\/p>","protected":false},"featured_media":17894,"comment_status":"open","ping_status":"closed","template":"","meta":[],"_links":{"self":[{"href":"https:\/\/hookahshop.lt\/pl\/wp-json\/wp\/v2\/product\/17893"}],"collection":[{"href":"https:\/\/hookahshop.lt\/pl\/wp-json\/wp\/v2\/product"}],"about":[{"href":"https:\/\/hookahshop.lt\/pl\/wp-json\/wp\/v2\/types\/product"}],"replies":[{"embeddable":true,"href":"https:\/\/hookahshop.lt\/pl\/wp-json\/wp\/v2\/comments?post=17893"}],"version-history":[{"count":3,"href":"https:\/\/hookahshop.lt\/pl\/wp-json\/wp\/v2\/product\/17893\/revisions"}],"predecessor-version":[{"id":26049,"href":"https:\/\/hookahshop.lt\/pl\/wp-json\/wp\/v2\/product\/17893\/revisions\/26049"}],"wp:featuredmedia":[{"embeddable":true,"href":"https:\/\/hookahshop.lt\/pl\/wp-json\/wp\/v2\/media\/17894"}],"wp:attachment":[{"href":"https:\/\/hookahshop.lt\/pl\/wp-json\/wp\/v2\/media?parent=17893"}],"curies":[{"name":"wp","href":"https:\/\/api.w.org\/{rel}","templated":true}]}}