{"id":17903,"date":"2021-01-15T14:00:18","date_gmt":"2021-01-15T12:00:18","guid":{"rendered":"https:\/\/hookahshop.lt\/?post_type=product&#038;p=17903"},"modified":"2026-04-14T23:29:09","modified_gmt":"2026-04-14T20:29:09","slug":"krepsys-kaljanui-cosmo-bowl-60cm","status":"publish","type":"product","link":"https:\/\/hookahshop.lt\/pl\/produkt\/kosz-na-szisze-cosmo-miska-60cm\/","title":{"rendered":"Torba na haczyk COSMO Miska 60cm"},"content":{"rendered":"<h2>Torba na haczyk COSMO Miska 60cm<\/h2>\n<p>Torba na fajki Cosmo Bowl 60 cm To mocna i wystarczaj\u0105co pojemna torba, kt\u00f3ra zachowuje sw\u00f3j kszta\u0142t dzi\u0119ki wytrzyma\u0142emu materia\u0142owi i ma zaskakuj\u0105co du\u017co miejsca - zmie\u015bci si\u0119 w niej fajka wodna, piersi\u00f3wka i wszystkie akcesoria, a nawet tyto\u0144.<br \/>\nNiemniej jednak od razu ostrzegamy \u2013 ogromne fajki wodne nie zmieszcz\u0105 si\u0119 tam. Torba przeznaczona jest do ma\u0142ych i \u015brednich fajek wodnych.<\/p>\n<p>Czy masz jakie\u015b pytania? Skontaktuj si\u0119 z nami\u00a0<a href=\"https:\/\/hookahshop.lt\/pl\/lacznosc\/\">strona z kontaktami<\/a>\u00a0lub napisz do nas na adres\u00a0<a href=\"https:\/\/facebook.com\/HookahShop.lt\/\" target=\"_blank\" rel=\"noopener noreferrer\">konto na Facebooku<\/a>\u00a0a my odpowiemy na Twoj\u0105 pro\u015bb\u0119 tego samego dnia.<\/p>","protected":false},"excerpt":{"rendered":"<p>Torba na fajki COSMO Bowl 60cm Torba na fajki wodne Cosmo Bowl 60cm to mocna i wystarczaj\u0105co pojemna torba, kt\u00f3ra dzi\u0119ki wytrzyma\u0142emu materia\u0142owi zachowuje sw\u00f3j kszta\u0142t i ma zaskakuj\u0105co du\u017co miejsca - zmie\u015bci si\u0119 w niej fajka wodna, piersi\u00f3wka i wszystkie akcesoria, a nawet tyto\u0144. Niemniej jednak od razu ostrzegamy \u2013 ogromne fajki wodne nie zmieszcz\u0105 si\u0119 tam. Torba przeznaczona jest do ma\u0142ych i \u015brednich fajek wodnych. [\u2026]<\/p>","protected":false},"featured_media":17906,"comment_status":"open","ping_status":"closed","template":"","meta":[],"_links":{"self":[{"href":"https:\/\/hookahshop.lt\/pl\/wp-json\/wp\/v2\/product\/17903"}],"collection":[{"href":"https:\/\/hookahshop.lt\/pl\/wp-json\/wp\/v2\/product"}],"about":[{"href":"https:\/\/hookahshop.lt\/pl\/wp-json\/wp\/v2\/types\/product"}],"replies":[{"embeddable":true,"href":"https:\/\/hookahshop.lt\/pl\/wp-json\/wp\/v2\/comments?post=17903"}],"version-history":[{"count":4,"href":"https:\/\/hookahshop.lt\/pl\/wp-json\/wp\/v2\/product\/17903\/revisions"}],"predecessor-version":[{"id":33614,"href":"https:\/\/hookahshop.lt\/pl\/wp-json\/wp\/v2\/product\/17903\/revisions\/33614"}],"wp:featuredmedia":[{"embeddable":true,"href":"https:\/\/hookahshop.lt\/pl\/wp-json\/wp\/v2\/media\/17906"}],"wp:attachment":[{"href":"https:\/\/hookahshop.lt\/pl\/wp-json\/wp\/v2\/media?parent=17903"}],"curies":[{"name":"wp","href":"https:\/\/api.w.org\/{rel}","templated":true}]}}