{"id":17941,"date":"2021-01-17T13:59:37","date_gmt":"2021-01-17T11:59:37","guid":{"rendered":"https:\/\/hookahshop.lt\/?post_type=product&#038;p=17941"},"modified":"2026-04-21T23:29:23","modified_gmt":"2026-04-21T20:29:23","slug":"kaljanas-invi-nano-rose-gold-black","status":"publish","type":"product","link":"https:\/\/hookahshop.lt\/pl\/produkt\/fajka-wodna-invi-nano-rozowo-zlota-czarna\/","title":{"rendered":"Fajka wodna INVI Nano Rose Gold Black"},"content":{"rendered":"<h2>Fajka wodna INVI Nano Rose Gold Black<\/h2>\n<p>To ma\u0142e po\u0142\u0105czenie stali nierdzewnej i szk\u0142a, mini fajka podr\u00f3\u017cna. \u015awietna, kompaktowa fajka wodna.<\/p>\n<p><strong>Ekwipunek:<\/strong><\/p>\n<p>Nargile<br \/>\nW\u0105\u017c silikonowy<br \/>\nAluminiowy ustnik<br \/>\nW\u00f3zek sklepowy<\/p>\n<p>Czy masz jakie\u015b pytania? Skontaktuj si\u0119 z nami\u00a0<a href=\"https:\/\/hookahshop.lt\/pl\/lacznosc\/\">strona z kontaktami<\/a>\u00a0lub napisz do nas na adres\u00a0<a href=\"https:\/\/facebook.com\/HookahShop.lt\/\" target=\"_blank\" rel=\"noopener noreferrer\">konto na Facebooku<\/a>\u00a0a my odpowiemy na Twoj\u0105 pro\u015bb\u0119 tego samego dnia.<\/p>","protected":false},"excerpt":{"rendered":"<p>Szisza INVI Nano Rose Gold Black To niewielkie po\u0142\u0105czenie stali nierdzewnej i szk\u0142a - podr\u00f3\u017cna mini szisza. \u015awietna, kompaktowa fajka wodna. Kompletny zestaw: Fajka wodna W\u0105\u017c silikonowy Ustnik aluminiowy Koszyk Masz pytania? Skontaktuj si\u0119 z nami na stronie kontaktowej lub napisz do nas na naszym koncie na Facebooku, a my odpowiemy na Twoj\u0105 pro\u015bb\u0119 jeszcze tego samego dnia.<\/p>","protected":false},"featured_media":17942,"comment_status":"open","ping_status":"closed","template":"","meta":[],"_links":{"self":[{"href":"https:\/\/hookahshop.lt\/pl\/wp-json\/wp\/v2\/product\/17941"}],"collection":[{"href":"https:\/\/hookahshop.lt\/pl\/wp-json\/wp\/v2\/product"}],"about":[{"href":"https:\/\/hookahshop.lt\/pl\/wp-json\/wp\/v2\/types\/product"}],"replies":[{"embeddable":true,"href":"https:\/\/hookahshop.lt\/pl\/wp-json\/wp\/v2\/comments?post=17941"}],"version-history":[{"count":4,"href":"https:\/\/hookahshop.lt\/pl\/wp-json\/wp\/v2\/product\/17941\/revisions"}],"predecessor-version":[{"id":26716,"href":"https:\/\/hookahshop.lt\/pl\/wp-json\/wp\/v2\/product\/17941\/revisions\/26716"}],"wp:featuredmedia":[{"embeddable":true,"href":"https:\/\/hookahshop.lt\/pl\/wp-json\/wp\/v2\/media\/17942"}],"wp:attachment":[{"href":"https:\/\/hookahshop.lt\/pl\/wp-json\/wp\/v2\/media?parent=17941"}],"curies":[{"name":"wp","href":"https:\/\/api.w.org\/{rel}","templated":true}]}}