{"id":17951,"date":"2021-01-17T14:56:53","date_gmt":"2021-01-17T12:56:53","guid":{"rendered":"https:\/\/hookahshop.lt\/?post_type=product&#038;p=17951"},"modified":"2026-05-12T23:29:12","modified_gmt":"2026-05-12T20:29:12","slug":"karscio-kamera-hoob-pyro-classic","status":"publish","type":"product","link":"https:\/\/hookahshop.lt\/pl\/produkt\/kamera-termowizyjna-hoob-piro-klasyczna\/","title":{"rendered":"Kamera termowizyjna HOOB Pyro Classic"},"content":{"rendered":"<h2>Kamera termowizyjna HOOB Pyro Classic<\/h2>\n<p>Stosowany zamiast folii na kubku<br \/>\nWykonane z aluminium<br \/>\nU\u0142atwiona kontrola gor\u0105czki<br \/>\n(Nadaje si\u0119 do oryginalnych okr\u0105g\u0142ych kubk\u00f3w)<\/p>\n<p>Podobnie jak folia, komora grzewcza Classic Pyro wykonana jest z aluminium, dzi\u0119ki czemu posiada takie same w\u0142a\u015bciwo\u015bci przewodzenia ciep\u0142a.<br \/>\nUzyskasz doskona\u0142\u0105 jako\u015b\u0107 palenia i maksymaln\u0105 przyjemno\u015b\u0107 za ka\u017cdym razem, gdy u\u017cyjesz tej komory grzewczej.<\/p>\n<p>Czy masz jakie\u015b pytania? Skontaktuj si\u0119 z nami\u00a0<a href=\"https:\/\/hookahshop.lt\/pl\/lacznosc\/\">strona z kontaktami<\/a>\u00a0lub napisz do nas na adres\u00a0<a href=\"https:\/\/facebook.com\/HookahShop.lt\/\" target=\"_blank\" rel=\"noopener noreferrer\">konto na Facebooku<\/a>\u00a0a my odpowiemy na Twoj\u0105 pro\u015bb\u0119 tego samego dnia.<\/p>","protected":false},"excerpt":{"rendered":"<p>Komora grzewcza HOOB Pyro Classic Stosowana zamiast folii na kubku Wykonana z aluminium \u0141atwiejsza kontrola ciep\u0142a (Pasuje do oryginalnych kubk\u00f3w okr\u0105g\u0142ych) Podobnie jak folia, komora Classic Pyro Heat wykonana jest z aluminium, dzi\u0119ki czemu posiada takie same w\u0142a\u015bciwo\u015bci przewodzenia ciep\u0142a. Za ka\u017cdym razem, gdy korzystasz z tej komory grzewczej, uzyskasz doskona\u0142\u0105 jako\u015b\u0107 palenia i maksymaln\u0105 przyjemno\u015b\u0107. Czy masz jakie\u015b pytania? Kontakt [\u2026]<\/p>","protected":false},"featured_media":17953,"comment_status":"open","ping_status":"closed","template":"","meta":[],"_links":{"self":[{"href":"https:\/\/hookahshop.lt\/pl\/wp-json\/wp\/v2\/product\/17951"}],"collection":[{"href":"https:\/\/hookahshop.lt\/pl\/wp-json\/wp\/v2\/product"}],"about":[{"href":"https:\/\/hookahshop.lt\/pl\/wp-json\/wp\/v2\/types\/product"}],"replies":[{"embeddable":true,"href":"https:\/\/hookahshop.lt\/pl\/wp-json\/wp\/v2\/comments?post=17951"}],"version-history":[{"count":3,"href":"https:\/\/hookahshop.lt\/pl\/wp-json\/wp\/v2\/product\/17951\/revisions"}],"predecessor-version":[{"id":27016,"href":"https:\/\/hookahshop.lt\/pl\/wp-json\/wp\/v2\/product\/17951\/revisions\/27016"}],"wp:featuredmedia":[{"embeddable":true,"href":"https:\/\/hookahshop.lt\/pl\/wp-json\/wp\/v2\/media\/17953"}],"wp:attachment":[{"href":"https:\/\/hookahshop.lt\/pl\/wp-json\/wp\/v2\/media?parent=17951"}],"curies":[{"name":"wp","href":"https:\/\/api.w.org\/{rel}","templated":true}]}}