{"id":17958,"date":"2021-01-17T15:05:10","date_gmt":"2021-01-17T13:05:10","guid":{"rendered":"https:\/\/hookahshop.lt\/?post_type=product&#038;p=17958"},"modified":"2026-04-15T12:28:44","modified_gmt":"2026-04-15T09:28:44","slug":"gaubtas-taureles-kaitinimui-hoob-windcover-gold","status":"publish","type":"product","link":"https:\/\/hookahshop.lt\/pl\/produkt\/kaptur-kubki-do-ogrzewania-obrecz-oslona-wiatrowa-zlota\/","title":{"rendered":"Kubek do ogrzewania HOOB Windcover Gold"},"content":{"rendered":"<h2>Kubek do ogrzewania HOOB Windcover Gold<\/h2>\n<p>Hoob Windcover Gold ma kilka zastosowa\u0144 jednocze\u015bnie:<\/p>\n<p>Kontrola ciep\u0142a;<br \/>\nPrzed\u0142u\u017cony czas spalania w\u0119gla;<br \/>\nOchrona przed wiatrem.<\/p>\n<p>Dzi\u0119ki Hoob Windcover Gold mo\u017cesz cieszy\u0107 si\u0119 fajk\u0105 wodn\u0105 nawet na zewn\u0105trz bez obawy, \u017ce wiatr zdmuchnie w\u0119giel drzewny. Zdejmowana nasadka pozwoli w razie potrzeby doda\u0107 wi\u0119cej w\u0119gla.<br \/>\nPonadto Hoob Windcover Gold jest wszechstronny - nadaje si\u0119 do wszystkich rodzaj\u00f3w fajek wodnych i szklanek. Wykonany jest ze stali nierdzewnej pokrytej z\u0142ot\u0105 pow\u0142ok\u0105, kt\u00f3ra jeszcze bardziej zaimponuje Twoim przyjacio\u0142om i znajomym.<\/p>\n<p>Czy masz jakie\u015b pytania? Skontaktuj si\u0119 z nami\u00a0<a href=\"https:\/\/hookahshop.lt\/pl\/lacznosc\/\">strona z kontaktami<\/a>\u00a0lub napisz do nas na adres\u00a0<a href=\"https:\/\/facebook.com\/HookahShop.lt\/\" target=\"_blank\" rel=\"noopener noreferrer\">konto na Facebooku<\/a>\u00a0a my odpowiemy na Twoj\u0105 pro\u015bb\u0119 tego samego dnia.<\/p>","protected":false},"excerpt":{"rendered":"<p>Pokrowiec na kubki grzewcze HOOB Windcover Gold Pokrowiec na kubki grzewcze \u201eHoob Windcover Gold\u201d ma kilka zastosowa\u0144 jednocze\u015bnie: Kontrola ciep\u0142a; Wyd\u0142u\u017cony czas spalania w\u0119gla; Ochrona przed wiatrem. Dzi\u0119ki Hoob Windcover Gold mo\u017cesz cieszy\u0107 si\u0119 fajk\u0105 wodn\u0105 nawet na \u015bwie\u017cym powietrzu, bez obawy, \u017ce wiatr rozwiewa w\u0119giel drzewny. Zdejmowana nasadka pozwoli w razie potrzeby dorzuci\u0107 wi\u0119cej w\u0119gla. Ponadto Hoob Windcover Gold jest [\u2026]<\/p>","protected":false},"featured_media":17960,"comment_status":"open","ping_status":"closed","template":"","meta":[],"_links":{"self":[{"href":"https:\/\/hookahshop.lt\/pl\/wp-json\/wp\/v2\/product\/17958"}],"collection":[{"href":"https:\/\/hookahshop.lt\/pl\/wp-json\/wp\/v2\/product"}],"about":[{"href":"https:\/\/hookahshop.lt\/pl\/wp-json\/wp\/v2\/types\/product"}],"replies":[{"embeddable":true,"href":"https:\/\/hookahshop.lt\/pl\/wp-json\/wp\/v2\/comments?post=17958"}],"version-history":[{"count":5,"href":"https:\/\/hookahshop.lt\/pl\/wp-json\/wp\/v2\/product\/17958\/revisions"}],"predecessor-version":[{"id":30612,"href":"https:\/\/hookahshop.lt\/pl\/wp-json\/wp\/v2\/product\/17958\/revisions\/30612"}],"wp:featuredmedia":[{"embeddable":true,"href":"https:\/\/hookahshop.lt\/pl\/wp-json\/wp\/v2\/media\/17960"}],"wp:attachment":[{"href":"https:\/\/hookahshop.lt\/pl\/wp-json\/wp\/v2\/media?parent=17958"}],"curies":[{"name":"wp","href":"https:\/\/api.w.org\/{rel}","templated":true}]}}