{"id":17963,"date":"2021-01-17T15:11:54","date_gmt":"2021-01-17T13:11:54","guid":{"rendered":"https:\/\/hookahshop.lt\/?post_type=product&#038;p=17963"},"modified":"2026-04-17T16:33:13","modified_gmt":"2026-04-17T13:33:13","slug":"kolba-kaljanui-drop-skaidri","status":"publish","type":"product","link":"https:\/\/hookahshop.lt\/pl\/produkt\/flask-for-hookah-drop-przezroczysty\/","title":{"rendered":"Kolba do fajki wodnej DROP Clear"},"content":{"rendered":"<h2>Kolba do fajki wodnej DROP Clear<\/h2>\n<p>Jest to przezroczysta kolba w kszta\u0142cie kropli ze standardowym \u0142\u0105cznikiem w kszta\u0142cie po\u015brednim.<\/p>\n<p><strong><span title=\"\">Specyfikacje:<\/span><\/strong><br \/>\nKraj pochodzenia: Rosja<br \/>\nWaga: 1,5 kg<br \/>\nWysoko\u015b\u0107: 29 cm<br \/>\nSzeroko\u015b\u0107: 27 cm<br \/>\nG\u0142\u0119boko\u015b\u0107: 2 cm<\/p>\n<p>Czy masz jakie\u015b pytania? Skontaktuj si\u0119 z nami\u00a0<a href=\"https:\/\/hookahshop.lt\/pl\/lacznosc\/\">strona z kontaktami<\/a>\u00a0lub napisz do nas na adres\u00a0<a href=\"https:\/\/facebook.com\/HookahShop.lt\/\" target=\"_blank\" rel=\"noopener noreferrer\">konto na Facebooku<\/a>\u00a0a my odpowiemy na Twoj\u0105 pro\u015bb\u0119 tego samego dnia.<\/p>","protected":false},"excerpt":{"rendered":"<p>Kolba kaljanui DROP Clear Tai la\u0161o formos skaidri kolba, turinti standartine tarpin\u0117s formos jungt\u012f. Specifikacijos: Kilm\u0117s \u0161alis: Rusija Svoris: 1,5 kg Auk\u0161tis: 29 cm Plotis: 27 cm Gylis: 2 cm Turite klausim\u0173? Susisiekite su mumis\u00a0kontakt\u0173 puslapyje\u00a0arba para\u0161ykite mums \u012f\u00a0Facebook paskyr\u0105\u00a0ir atsakysime \u012f j\u016bs\u0173 u\u017eklaus\u0105 dar t\u0105 pa\u010di\u0105 dien\u0105.<\/p>","protected":false},"featured_media":17965,"comment_status":"open","ping_status":"closed","template":"","meta":[],"_links":{"self":[{"href":"https:\/\/hookahshop.lt\/pl\/wp-json\/wp\/v2\/product\/17963"}],"collection":[{"href":"https:\/\/hookahshop.lt\/pl\/wp-json\/wp\/v2\/product"}],"about":[{"href":"https:\/\/hookahshop.lt\/pl\/wp-json\/wp\/v2\/types\/product"}],"replies":[{"embeddable":true,"href":"https:\/\/hookahshop.lt\/pl\/wp-json\/wp\/v2\/comments?post=17963"}],"version-history":[{"count":10,"href":"https:\/\/hookahshop.lt\/pl\/wp-json\/wp\/v2\/product\/17963\/revisions"}],"predecessor-version":[{"id":45297,"href":"https:\/\/hookahshop.lt\/pl\/wp-json\/wp\/v2\/product\/17963\/revisions\/45297"}],"wp:featuredmedia":[{"embeddable":true,"href":"https:\/\/hookahshop.lt\/pl\/wp-json\/wp\/v2\/media\/17965"}],"wp:attachment":[{"href":"https:\/\/hookahshop.lt\/pl\/wp-json\/wp\/v2\/media?parent=17963"}],"curies":[{"name":"wp","href":"https:\/\/api.w.org\/{rel}","templated":true}]}}