{"id":17977,"date":"2021-01-17T17:03:17","date_gmt":"2021-01-17T15:03:17","guid":{"rendered":"https:\/\/hookahshop.lt\/?post_type=product&#038;p=17977"},"modified":"2026-04-21T23:29:10","modified_gmt":"2026-04-21T20:29:10","slug":"apsauginis-sietelis-kaljanui-lets-smoke-slim","status":"publish","type":"product","link":"https:\/\/hookahshop.lt\/pl\/produkt\/sitko-ochronne-do-szisza-dymnego-smukle\/","title":{"rendered":"Sito ochronne do fajki wodnej LETS SMOKE Slim"},"content":{"rendered":"<h2>Sito ochronne do fajki wodnej LETS SMOKE Slim<\/h2>\n<p>Zapobiega wypadaniu w\u0119gla z talerza, w przeciwie\u0144stwie do pokrywki, w\u0119giel dostarcza swobodne powietrze, dzi\u0119ki czemu temperatura w kubku nie wzrasta.<\/p>\n<p>Czy masz jakie\u015b pytania? Skontaktuj si\u0119 z nami\u00a0<a href=\"https:\/\/hookahshop.lt\/pl\/lacznosc\/\">strona z kontaktami<\/a>\u00a0lub napisz do nas na adres\u00a0<a href=\"https:\/\/facebook.com\/HookahShop.lt\/\" target=\"_blank\" rel=\"noopener noreferrer\">konto na Facebooku<\/a>\u00a0a my odpowiemy na Twoj\u0105 pro\u015bb\u0119 tego samego dnia.<\/p>","protected":false},"excerpt":{"rendered":"<p>Sitko ochronne do fajki wodnej LETS SMOKE Slim Zapobiega wypadaniu w\u0119gla z talerza, w przeciwie\u0144stwie do pokrywki, w\u0119giel zapewnia swobodny przep\u0142yw powietrza, dzi\u0119ki czemu temperatura w fili\u017cance nie wzrasta. Czy masz jakie\u015b pytania? Skontaktuj si\u0119 z nami na stronie kontaktowej lub napisz do nas na naszym koncie na Facebooku, a my odpowiemy na Twoj\u0105 pro\u015bb\u0119 jeszcze tego samego dnia.<\/p>","protected":false},"featured_media":17978,"comment_status":"open","ping_status":"closed","template":"","meta":[],"_links":{"self":[{"href":"https:\/\/hookahshop.lt\/pl\/wp-json\/wp\/v2\/product\/17977"}],"collection":[{"href":"https:\/\/hookahshop.lt\/pl\/wp-json\/wp\/v2\/product"}],"about":[{"href":"https:\/\/hookahshop.lt\/pl\/wp-json\/wp\/v2\/types\/product"}],"replies":[{"embeddable":true,"href":"https:\/\/hookahshop.lt\/pl\/wp-json\/wp\/v2\/comments?post=17977"}],"version-history":[{"count":4,"href":"https:\/\/hookahshop.lt\/pl\/wp-json\/wp\/v2\/product\/17977\/revisions"}],"predecessor-version":[{"id":33030,"href":"https:\/\/hookahshop.lt\/pl\/wp-json\/wp\/v2\/product\/17977\/revisions\/33030"}],"wp:featuredmedia":[{"embeddable":true,"href":"https:\/\/hookahshop.lt\/pl\/wp-json\/wp\/v2\/media\/17978"}],"wp:attachment":[{"href":"https:\/\/hookahshop.lt\/pl\/wp-json\/wp\/v2\/media?parent=17977"}],"curies":[{"name":"wp","href":"https:\/\/api.w.org\/{rel}","templated":true}]}}