{"id":17981,"date":"2021-01-17T17:12:06","date_gmt":"2021-01-17T15:12:06","guid":{"rendered":"https:\/\/hookahshop.lt\/?post_type=product&#038;p=17981"},"modified":"2026-04-15T12:29:08","modified_gmt":"2026-04-15T09:29:08","slug":"kolba-kaljanui-hoob-base-gold","status":"publish","type":"product","link":"https:\/\/hookahshop.lt\/pl\/produkt\/kolba-na-hookah-podstawa-zlota\/","title":{"rendered":"Kolba do fajki wodnej HOOB Base Gold"},"content":{"rendered":"<h2>Kolba do Kaljanui HOOB Base Gold<\/h2>\n<p>Piersi\u00f3wka do fajki wodnej, minimalistyczny, klasyczny design i z\u0142ocenie.<\/p>\n<p><strong><span title=\"\">Specyfikacje:<\/span><\/strong><br \/>\nSzk\u0142o w kolorze z\u0142otym z okienkiem w kszta\u0142cie linii wodnej<br \/>\nOtw\u00f3r przy\u0142\u0105czeniowy \u2013 \u00d845 mm<br \/>\nWysoko\u015b\u0107 \u2013 25 cm<br \/>\nGrubo\u015b\u0107 szk\u0142a \u2013 5 mm<br \/>\nNadaje si\u0119 do stosowania ze \u015bwiat\u0142ami LED<\/p>\n<p>Czy masz jakie\u015b pytania? Skontaktuj si\u0119 z nami\u00a0<a href=\"https:\/\/hookahshop.lt\/pl\/lacznosc\/\">strona z kontaktami<\/a>\u00a0lub napisz do nas na adres\u00a0<a href=\"https:\/\/facebook.com\/HookahShop.lt\/\" target=\"_blank\" rel=\"noopener noreferrer\">konto na Facebooku<\/a>\u00a0a my odpowiemy na Twoj\u0105 pro\u015bb\u0119 tego samego dnia.<\/p>","protected":false},"excerpt":{"rendered":"<p>Kolba Kaljanui HOOB Base Gold Kaljano kolba, minimalistinio klasikinio dizaino ir aukso danga. Specifikacijos: Aukso spalvos stiklas su vandens linijos langu Prijungimo skyl\u0117 &#8211; \u00d845 mm Auk\u0161tis &#8211; 25 cm Stiklo storis &#8211; 5 mm Tinka naudoti su LED \u017eibintais Turite klausim\u0173? Susisiekite su mumis\u00a0kontakt\u0173 puslapyje\u00a0arba para\u0161ykite mums \u012f\u00a0Facebook paskyr\u0105\u00a0ir atsakysime \u012f j\u016bs\u0173 u\u017eklaus\u0105 dar [&hellip;]<\/p>","protected":false},"featured_media":17982,"comment_status":"open","ping_status":"closed","template":"","meta":[],"_links":{"self":[{"href":"https:\/\/hookahshop.lt\/pl\/wp-json\/wp\/v2\/product\/17981"}],"collection":[{"href":"https:\/\/hookahshop.lt\/pl\/wp-json\/wp\/v2\/product"}],"about":[{"href":"https:\/\/hookahshop.lt\/pl\/wp-json\/wp\/v2\/types\/product"}],"replies":[{"embeddable":true,"href":"https:\/\/hookahshop.lt\/pl\/wp-json\/wp\/v2\/comments?post=17981"}],"version-history":[{"count":4,"href":"https:\/\/hookahshop.lt\/pl\/wp-json\/wp\/v2\/product\/17981\/revisions"}],"predecessor-version":[{"id":45131,"href":"https:\/\/hookahshop.lt\/pl\/wp-json\/wp\/v2\/product\/17981\/revisions\/45131"}],"wp:featuredmedia":[{"embeddable":true,"href":"https:\/\/hookahshop.lt\/pl\/wp-json\/wp\/v2\/media\/17982"}],"wp:attachment":[{"href":"https:\/\/hookahshop.lt\/pl\/wp-json\/wp\/v2\/media?parent=17981"}],"curies":[{"name":"wp","href":"https:\/\/api.w.org\/{rel}","templated":true}]}}