{"id":17985,"date":"2021-01-17T17:19:07","date_gmt":"2021-01-17T15:19:07","guid":{"rendered":"https:\/\/hookahshop.lt\/?post_type=product&#038;p=17985"},"modified":"2026-04-15T12:29:16","modified_gmt":"2026-04-15T09:29:16","slug":"taurele-kaljanui-kong-turkish-boy-black","status":"publish","type":"product","link":"https:\/\/hookahshop.lt\/pl\/produkt\/cup-hookah-kong-turecki-chlopiec-czarny\/","title":{"rendered":"Kubek do fajki wodnej KONG Turkish Boy Black"},"content":{"rendered":"<h2>Kubek do fajki wodnej KONG turkish boy czarny<\/h2>\n<p>Szklanka do fajki wodnej \u201eKong Turkish Boy Black\u201d to klasyczna szklanka firmy Kong, kt\u00f3ra podbi\u0142a serca wielu mi\u0142o\u015bnik\u00f3w pysznej fajki wodnej.<br \/>\nTurkish Boy Black ma stosunkowo grube \u015bcianki, dobrze zatrzymuje ciep\u0142o i nie wymaga specjalnej piel\u0119gnacji. Obiecuje d\u0142ugi proces palenia i nadaje si\u0119 do wszystkich rodzaj\u00f3w tytoniu.<br \/>\nIdealnie komponuje si\u0119 z komor\u0105 ciepln\u0105 kalaud. Obj\u0119to\u015b\u0107 mieszanki wynosi oko\u0142o 15-20 gram\u00f3w.<\/p>\n<p>Specyfikacje:<br \/>\nWysoko\u015b\u0107: 83 mm<br \/>\n\u015arednica (zewn\u0119trzna): 70 mm<br \/>\n\u015arednica (wewn\u0119trzna): 57 mm<br \/>\nG\u0142\u0119boko\u015b\u0107: 16mm<br \/>\n\u015arednica otworu: 7 mm<br \/>\nIlo\u015b\u0107 otwor\u00f3w: 6 szt<br \/>\nWaga: oko\u0142o 255 gram\u00f3w<\/p>\n<p>Czy masz jakie\u015b pytania? Skontaktuj si\u0119 z nami\u00a0<a href=\"https:\/\/hookahshop.lt\/pl\/lacznosc\/\">strona z kontaktami<\/a>\u00a0lub napisz do nas na adres\u00a0<a href=\"https:\/\/facebook.com\/HookahShop.lt\/\" target=\"_blank\" rel=\"noopener noreferrer\">konto na Facebooku<\/a>\u00a0a my odpowiemy na Twoj\u0105 pro\u015bb\u0119 tego samego dnia.<\/p>","protected":false},"excerpt":{"rendered":"<p>Kubek na fajk\u0119 wodn\u0105 KONG turecki ch\u0142opiec czarny Kubek na fajk\u0119 wodn\u0105 \u201eKong Turkish Boy Black\u201d to klasyczna szklanka firmy Kong, kt\u00f3ra podbi\u0142a serca wielu mi\u0142o\u015bnik\u00f3w pysznej fajki wodnej. Turecki Boy Black ma stosunkowo grube \u015bcianki, dobrze zatrzymuje ciep\u0142o i nie wymaga szczeg\u00f3lnej piel\u0119gnacji. Zapewnia d\u0142ugi proces palenia i nadaje si\u0119 do wszystkich rodzaj\u00f3w tytoniu. Doskonale komponuje si\u0119 z komor\u0105 ciepln\u0105 kalaud. Obj\u0119to\u015b\u0107 mieszaniny wynosi oko\u0142o [\u2026]<\/p>","protected":false},"featured_media":17995,"comment_status":"open","ping_status":"closed","template":"","meta":[],"_links":{"self":[{"href":"https:\/\/hookahshop.lt\/pl\/wp-json\/wp\/v2\/product\/17985"}],"collection":[{"href":"https:\/\/hookahshop.lt\/pl\/wp-json\/wp\/v2\/product"}],"about":[{"href":"https:\/\/hookahshop.lt\/pl\/wp-json\/wp\/v2\/types\/product"}],"replies":[{"embeddable":true,"href":"https:\/\/hookahshop.lt\/pl\/wp-json\/wp\/v2\/comments?post=17985"}],"version-history":[{"count":5,"href":"https:\/\/hookahshop.lt\/pl\/wp-json\/wp\/v2\/product\/17985\/revisions"}],"predecessor-version":[{"id":34573,"href":"https:\/\/hookahshop.lt\/pl\/wp-json\/wp\/v2\/product\/17985\/revisions\/34573"}],"wp:featuredmedia":[{"embeddable":true,"href":"https:\/\/hookahshop.lt\/pl\/wp-json\/wp\/v2\/media\/17995"}],"wp:attachment":[{"href":"https:\/\/hookahshop.lt\/pl\/wp-json\/wp\/v2\/media?parent=17985"}],"curies":[{"name":"wp","href":"https:\/\/api.w.org\/{rel}","templated":true}]}}