{"id":17996,"date":"2021-01-17T17:38:44","date_gmt":"2021-01-17T15:38:44","guid":{"rendered":"https:\/\/hookahshop.lt\/?post_type=product&#038;p=17996"},"modified":"2026-05-13T13:52:06","modified_gmt":"2026-05-13T10:52:06","slug":"taurele-kaljanui-kong-mummy-milk","status":"publish","type":"product","link":"https:\/\/hookahshop.lt\/pl\/produkt\/filizanka-do-hookah-kong-mleko-mumii\/","title":{"rendered":"Kubek do fajki wodnej KONG Mummy Milk"},"content":{"rendered":"<h2>Kubek na fajk\u0119 wodn\u0105 KONG mleko mumii<\/h2>\n<p>Kubek do fajki wodnej Kong Mummy Milk ma klasyczny kszta\u0142t, kt\u00f3ry zachowa\u0142 spalanie mleka, aby zwi\u0119kszy\u0107 wodoodporno\u015b\u0107 materia\u0142u.<br \/>\nKong Mummy Milk ma bogaty czarny kolor z \u0142adnym po\u0142yskiem. Obiecuje d\u0142ugi proces palenia i nadaje si\u0119 do wszystkich rodzaj\u00f3w tytoniu.<br \/>\nDobrze komponuje si\u0119 z kaloud.<\/p>\n<p>Obj\u0119to\u015b\u0107 mieszanki wynosi oko\u0142o 16-20 gram\u00f3w.<\/p>\n<p>Specyfikacje:<br \/>\nWysoko\u015b\u0107: 90mm<br \/>\n\u015arednica (zewn\u0119trzna): 73 mm<br \/>\n\u015arednica (wewn\u0119trzna): 63 mm<br \/>\nG\u0142\u0119boko\u015b\u0107: 21mm<br \/>\n\u015arednica otworu: 8 mm<br \/>\nIlo\u015b\u0107 otwor\u00f3w: 6 szt<br \/>\nWaga: oko\u0142o 290 gram\u00f3w<\/p>\n<p>Czy masz jakie\u015b pytania? Skontaktuj si\u0119 z nami\u00a0<a href=\"https:\/\/hookahshop.lt\/pl\/lacznosc\/\">strona z kontaktami<\/a>\u00a0lub napisz do nas na adres\u00a0<a href=\"https:\/\/facebook.com\/HookahShop.lt\/\" target=\"_blank\" rel=\"noopener noreferrer\">konto na Facebooku<\/a>\u00a0a my odpowiemy na Twoj\u0105 pro\u015bb\u0119 tego samego dnia.<\/p>","protected":false},"excerpt":{"rendered":"<p>Kubek na fajk\u0119 wodn\u0105 KONG mumi milk Kubek na fajk\u0119 wodn\u0105 \u201eKong Mummy Milk\u201d ma klasyczny kszta\u0142t, kt\u00f3ry utrzymuje spalanie mleka, zwi\u0119kszaj\u0105c wodoodporno\u015b\u0107 materia\u0142u. Kong Mummy Milk ma bogaty czarny kolor z \u0142adnym po\u0142yskiem. Zapewnia d\u0142ugi proces palenia i nadaje si\u0119 do wszystkich rodzaj\u00f3w tytoniu. Dobrze komponuje si\u0119 z kaloudem. Obj\u0119to\u015b\u0107 mieszaniny wynosi oko\u0142o 16-20 gram\u00f3w. Dane techniczne: [\u2026]<\/p>","protected":false},"featured_media":17998,"comment_status":"open","ping_status":"closed","template":"","meta":[],"_links":{"self":[{"href":"https:\/\/hookahshop.lt\/pl\/wp-json\/wp\/v2\/product\/17996"}],"collection":[{"href":"https:\/\/hookahshop.lt\/pl\/wp-json\/wp\/v2\/product"}],"about":[{"href":"https:\/\/hookahshop.lt\/pl\/wp-json\/wp\/v2\/types\/product"}],"replies":[{"embeddable":true,"href":"https:\/\/hookahshop.lt\/pl\/wp-json\/wp\/v2\/comments?post=17996"}],"version-history":[{"count":6,"href":"https:\/\/hookahshop.lt\/pl\/wp-json\/wp\/v2\/product\/17996\/revisions"}],"predecessor-version":[{"id":45363,"href":"https:\/\/hookahshop.lt\/pl\/wp-json\/wp\/v2\/product\/17996\/revisions\/45363"}],"wp:featuredmedia":[{"embeddable":true,"href":"https:\/\/hookahshop.lt\/pl\/wp-json\/wp\/v2\/media\/17998"}],"wp:attachment":[{"href":"https:\/\/hookahshop.lt\/pl\/wp-json\/wp\/v2\/media?parent=17996"}],"curies":[{"name":"wp","href":"https:\/\/api.w.org\/{rel}","templated":true}]}}